{"id":4896,"date":"2024-07-31T11:23:37","date_gmt":"2024-07-31T09:23:37","guid":{"rendered":"https:\/\/autoescolaroca.com\/targeta-tacograf-digital\/"},"modified":"2026-01-13T11:29:02","modified_gmt":"2026-01-13T10:29:02","slug":"targeta-tacograf-digital","status":"publish","type":"page","link":"https:\/\/autoescolaroca.com\/ca\/targeta-tacograf-digital\/","title":{"rendered":"Targeta Tac\u00f2graf Digital"},"content":{"rendered":"\n<p class=\"has-text-align-center contact\">info@autoescolaroca.com \u00b7 <span>933 100 583<\/span> \u00b7 <span><a href=\"formulari-contacte\">Contacta amb nosaltres<\/a><\/span><\/p>\n\n\n\n<div class=\"wp-block-group page__intro\"><div class=\"wp-block-group__inner-container is-layout-constrained wp-block-group-is-layout-constrained\">\n<div class=\"wp-block-group page__intro_group\"><div class=\"wp-block-group__inner-container is-layout-constrained wp-block-group-is-layout-constrained\">\n<div class=\"wp-block-columns post__intro_groups_1 header-cols is-layout-flex wp-container-core-columns-is-layout-9d6595d7 wp-block-columns-is-layout-flex\">\n<div class=\"wp-block-column header-tarjeta-tacografo-digital is-layout-flow wp-block-column-is-layout-flow\" style=\"flex-basis:50%\"><\/div>\n\n\n\n<div class=\"wp-block-column is-vertically-aligned-top header-col-2 is-layout-flow wp-block-column-is-layout-flow\" style=\"flex-basis:50%\">\n<h1 class=\"wp-block-heading post__intro_title post__intro_title_xs\">Sol.licitud Targeta Tac\u00f2graf Digital<\/h1>\n\n\n\n<p class=\"post__intro_extract\"><span class=\"post__intro_extract_span_1\">PREU: des de 100\u20ac<\/span><br><span class=\"post__intro_extract_span_2\">Obtencions i Renovacions<\/span> de Targetes de Tac\u00f2graf de Conductor i Empresa.<br><span class=\"post__intro_extract_span_3\"><i class=\"fa-regular fa-calendar\"><\/i> Horari de Matins i Tardes.<br><i class=\"fa-solid fa-location-dot\" aria-hidden=\"true\"><\/i> Pg. Maragall, 258. Barcelona.<\/span><\/p>\n\n\n\n<p class=\"page__xtra page__xtra-margin\"><a href=\"https:\/\/autoescolaroca.com\/ca\/cursos-cap\/\" data-type=\"page\" data-id=\"436\">CURSOS CAP<\/a><\/p><p class=\"page__xtra page__xtra-margin page__xtra-margin-b\"><a href=\"https:\/\/autoescolaroca.com\/ca\/formulari-contacte\/\" data-type=\"page\" data-id=\"436\">CONTACTA AMB NOSALTRES<\/a><\/p>\n<\/div>\n<\/div>\n<\/div><\/div>\n<\/div><\/div>\n\n\n\n<div class=\"wp-block-columns page__summary is-layout-flex wp-container-core-columns-is-layout-9d6595d7 wp-block-columns-is-layout-flex\">\n<div class=\"wp-block-column is-layout-flow wp-block-column-is-layout-flow\">\n<div class=\"wp-block-group group\"><div class=\"wp-block-group__inner-container is-layout-constrained wp-block-group-is-layout-constrained\">\n<p><i class=\"fa-solid fa-circle-info\"><\/i>  La <strong>Targeta de Tac\u00f2graf<\/strong> permet emmagatzemar, en un xip d&#8217;alta seguretat, les dades del propietari i les activitats realitzades durant almenys els darrers 28 dies d&#8217;activitat (les targetes espanyoles tenen una capacitat d&#8217;almenys 31 dies d&#8217;activitat).<\/p>\n\n\n\n<p><i class=\"fa-solid fa-check\"><\/i>  Les targetes de tac\u00f2graf de conductor han de ser utilitzades per tots aquells conductors de vehicles que incorporen un tac\u00f2graf digital.<br><i class=\"fa-solid fa-check\"><\/i>  La validesa de la targeta de tac\u00f2graf \u00e9s de 5 anys, i s&#8217;haur\u00e0 de renovar entre 30 i 15 dies abans de la caducitat.<br><i class=\"fa-solid fa-check\"><\/i>  Les targetes de tac\u00f2graf defectuoses, perdudes o robades requeriran un duplicat (aquest duplicat tindr\u00e0 la mateixa data de caducitat que l&#8217;original).<\/p>\n\n\n\n<figure class=\"wp-block-image size-large img-corner\"><img decoding=\"async\" src=\"https:\/\/autoescolaroca.com\/wp-content\/themes\/roca\/images\/info.svg\" alt=\"\" class=\"wp-image-1040\"\/><\/figure>\n<\/div><\/div>\n<\/div>\n<\/div>\n\n\n\n<div class=\"wp-block-group page__body\"><div class=\"wp-block-group__inner-container is-layout-constrained wp-block-group-is-layout-constrained\">\n<h2 class=\"wp-block-heading\">Sol.licitud de targeta de tac\u00f2graf a Barcelona<\/h2>\n\n\n\n<p>Oferim el servei per a l&#8217;obtenci\u00f3 i la renovaci\u00f3 de la targeta tac\u00f2graf digital de conductor i d&#8217;empresa. Les persones interessades han de tenir domicili fiscal a Catalunya.<\/p>\n\n\n\n<div class=\"wp-block-columns group__cols__ask is-layout-flex wp-container-core-columns-is-layout-9d6595d7 wp-block-columns-is-layout-flex\">\n<div class=\"wp-block-column is-layout-flow wp-block-column-is-layout-flow\" style=\"flex-basis:48%\">\n<p><strong>Per obtenir la targeta de conductor, s&#8217;haur\u00e0 de portar<\/strong>:<br><i class=\"fa-solid fa-check\"><\/i> Signatura digital | Foto carnet oficial | DNI i perm\u00eds de conducci\u00f3.<\/p>\n\n\n\n<p><strong>Si es tracta de la targeta d&#8217;empresa, cal aportar-ho<\/strong>:<br><i class=\"fa-solid fa-check\"><\/i> Signatura digital | DNI de l&#8217;administrador | Perm\u00eds de circulaci\u00f3 d\u00b4un vehicle de l\u00b4empresa | Escriptura de poders | Acreditaci\u00f3 del domicili fiscal.<\/p>\n\n\n\n<p><strong>I si \u00e9s un aut\u00f2nom, caldr\u00e0 portar-ho<\/strong> :<br><i class=\"fa-solid fa-check\"><\/i> Signatura digital | DNI | Autoritzaci\u00f3 de transports d&#8217;un vehicle de +3.500kg (targeta de transports).<\/p>\n<\/div>\n\n\n\n<div class=\"wp-block-column is-layout-flow wp-block-column-is-layout-flow\" style=\"flex-basis:52%\">\n<p><strong>En cas de renovaci\u00f3 o duplicat, tamb\u00e9 s&#8217;aportar\u00e0<\/strong>:<br><i class=\"fa-solid fa-check\"><\/i> Renovaci\u00f3 per caducitat: El carnet Tac\u00f2graf que caduci o ja estigui caducat.<br><i class=\"fa-solid fa-check\"><\/i> Duplicat per p\u00e8rdua: Haureu de signar una declaraci\u00f3 responsable de p\u00e8rdua que us proporcionarem.<br><i class=\"fa-solid fa-check\"><\/i> Duplicat per deteriorament: Targeta tac\u00f2graf deteriorada.<br><i class=\"fa-solid fa-check\"><\/i> Duplicat per robatori: Den\u00fancia a comissaria.<\/p>\n\n\n\n<p><strong style=\"background-color: yellow;padding: 2px 0;\">PREU (taxa inclosa)<\/strong>:<br><i class=\"fa-solid fa-check\"><\/i> 100\u20ac per a alumnes de Autoescola ROCA.<br><i class=\"fa-solid fa-check\"><\/i> 125\u20ac per a NO alumnes.<br> Termini de recepci\u00f3 de targeta: 30 dies, aproximadament.<\/p>\n<\/div>\n<\/div>\n<\/div><\/div>\n\n\n\n<div class=\"wp-block-group group__bck\"><div class=\"wp-block-group__inner-container is-layout-constrained wp-block-group-is-layout-constrained\">\n<div class=\"wp-block-group page__body\"><div class=\"wp-block-group__inner-container is-layout-constrained wp-block-group-is-layout-constrained\">\n<h2 class=\"wp-block-heading\">M\u00e9s informaci\u00f3<\/h2>\n\n\n\n<div class=\"wp-block-columns group__cols__bck is-layout-flex wp-container-core-columns-is-layout-9d6595d7 wp-block-columns-is-layout-flex\">\n<div class=\"wp-block-column is-layout-flow wp-block-column-is-layout-flow\" style=\"flex-basis:45%\">\n<h3 class=\"wp-block-heading\">Substitucions de targeta tac\u00f2graf digital de conductor<\/h3>\n\n\n\n<p>Terminis per a la sol\u00b7licitud de la targeta:<\/p>\n\n\n\n<p><i class=\"fa-solid fa-check\"><\/i>  La targeta tac\u00f2graf digital de conductor ha de ser renovada a petici\u00f3 de linteressat <strong>en un termini m\u00e0xim de quinze dies<\/strong> abans de la data de caducitat de la targeta (aquesta haur\u00e0 de renovar-se cada cinc anys). Es pot iniciar la petici\u00f3 des de 30 dies abans de caducar.<\/p>\n\n\n\n<p><i class=\"fa-solid fa-check\"><\/i>  En cas de p\u00e8rdua, robatori, deteriorament o mal funcionament de la targeta de tac\u00f2graf de conductor, el titular haur\u00e0 de sol\u00b7licitar, <strong>en el termini m\u00e0xim de set dies naturals<\/strong> a partir del moment en qu\u00e8 s&#8217;hagi produ\u00eft el fet, la substituci\u00f3.<\/p>\n<\/div>\n\n\n\n<div class=\"wp-block-column is-layout-flow wp-block-column-is-layout-flow\" style=\"flex-basis:53%\">\n<h3 class=\"wp-block-heading\">Tipus de targeta de tac\u00f2graf digital<\/h3>\n\n\n\n<p>Hi ha 4 tipus diferents:<\/p>\n\n\n\n<p><i class=\"fa-solid fa-check\"><\/i>  Targeta de conductor: identifica el conductor i permet emmagatzemar les dades de la seva activitat.<\/p>\n\n\n\n<p><i class=\"fa-solid fa-check\"><\/i>  Targeta d&#8217;empresa: identifica l&#8217;empresa i permet visualitzar, imprimir i transferir la informaci\u00f3 emmagatzemada.<\/p>\n\n\n\n<p><i class=\"fa-solid fa-check\"><\/i>  Targeta de control: emprada pels cossos de seguretat de l&#8217;estat i pels inspectors de les comunitats aut\u00f2nomes per controlar els temps de conducci\u00f3, descans, manipulacions al tac\u00f2graf digital.<\/p>\n\n\n\n<p><i class=\"fa-solid fa-check\"><\/i>  Targeta de Centre d&#8217;Assaig: necess\u00e0ria per activar i instal\u00b7lar el tac\u00f2graf digital.<\/p>\n<\/div>\n<\/div>\n<\/div><\/div>\n<\/div><\/div>\n\n\n<footer>\n    <div class=\"content\">\n        <div id=\"foo_cont_1\">\n            <div class=\"foo_inn_cont\">\n                <div class=\"foo_ic0\" id=\"foo_ic1\">\n                    <div class=\"foo_group_titles\">\n                        <p class=\"foo_group_title\">Autoescola ROCA<\/p>\n                    <\/div>\n                    <div class=\"foo_groups\">\n                        <div class=\"foo_group\">\n                            <p class=\"foo_group_caption\"> <span class=\"foo_group_caption_ico\"><\/span>  Barcelona<\/p>\n                            <p><a href=\"https:\/\/maps.app.goo.gl\/VnJMpCotroVNZJ9B9\" target=\"_blank\" rel=\"noopener\">Passeig de Maragall, 258<\/a><\/p>\n                            <p>Email: info.h7@autoescolaroca.com <\/p>\n                            <p>Tel: 933 100 583<\/p>\n                        <\/div>\n                        <div class=\"foo_group\">\n                            <p class=\"foo_group_caption\"> <span class=\"foo_group_caption_ico\"><\/span>  Esplugues de Llobregat<\/p>\n                            <p>Avinguda de Cornell\u00e0, 63-65<\/p>\n                            <p>Email: info.h1@autoescolaroca.com <\/p>\n                            <p>Tel: 933 710 242<\/p>\n                        <\/div>\n                        <div class=\"foo_group\">\n                            <p class=\"foo_group_caption\"> <span class=\"foo_group_caption_ico\"><\/span>  Sant Feliu de Llobregat<\/p>\n                            <p>Carrer Carles Bu\u00efgas, 57-59<\/p>\n                            <p>Email: info.h3@autoescolaroca.com <\/p>\n                            <p>Tel: 936 855 535<\/p>\n                        <\/div>\n                    <\/div>\n                <\/div>\n                <div class=\"foo_ic0\">\n                    <div class=\"foo_group_title\">\n                        <p class=\"foo_group_title\">Formaci\u00f3<\/p>\n                    <\/div>\n                    <div class=\"foo_groups\">\n                        <ul>\n                            <li class=\"foo_group\"><span class=\"foo_group_ico\"><\/span>  <a href=\"https:\/\/autoescolaroca.com\/ca\/cursos-cap\/\" rel=\"nofollow\">Cursos CAP<\/a><\/li>\n                            <li class=\"foo_group\"><span class=\"foo_group_ico\"><\/span>  <a href=\"https:\/\/autoescolaroca.com\/ca\/cursos-adr\/\" rel=\"nofollow\">Cursos ADR<\/a><\/li>\n                            <li class=\"foo_group\"><span class=\"foo_group_ico\"><\/span>  <a href=\"https:\/\/autoescolaroca.com\/ca\/carnets-conduir\/\" rel=\"nofollow\">Carnets de Conduir<\/a><\/li>\n                            <li class=\"foo_group\"><span class=\"foo_group_ico\"><\/span>  <a href=\"https:\/\/autoescolaroca.com\/ca\/cursos-prl\/\" rel=\"nofollow\">Cursos PRL<\/a><\/li>\n                            <li class=\"foo_group\"><span class=\"foo_group_ico\"><\/span>  <a href=\"https:\/\/autoescolaroca.com\/ca\/curs-titol-transportista\/\" rel=\"nofollow\">T\u00edtol de Transportista<\/a><\/li>\n                            <li class=\"foo_group\"><span class=\"foo_group_ico\"><\/span>  <a href=\"https:\/\/autoescolaroca.com\/ca\/cursos-prl\/curs-carretoner\/\" rel=\"nofollow\">Carretons Elevadors<\/a><\/li>\n                            <li class=\"foo_group\"><span class=\"foo_group_ico\"><\/span>  <a href=\"https:\/\/autoescolaroca.com\/ca\/curs-dea-desfibrillador\/\" rel=\"nofollow\">DEA + SVB<\/a><\/li>\n                            <li class=\"foo_group\"><span class=\"foo_group_ico\"><\/span>  <a href=\"https:\/\/autoescolaroca.com\/ca\/dix-formacio\/\" rel=\"nofollow\">DIX Formaci\u00f3<\/a><\/li>\n                        <\/ul>\n                    <\/div>\n                <\/div>\n                <div class=\"foo_ic0\">\n                    <div class=\"foo_group_title\">\n                        <p class=\"foo_group_title\">M\u00e9s informaci\u00f3<\/p>\n                    <\/div>\n                    <div class=\"foo_groups\">\n                        <ul>\n                            <li class=\"foo_group\"><span class=\"foo_group_ico\"><\/span>  <a href=\"https:\/\/autoescolaroca.com\/ca\/formulari-contacte\/\" rel=\"nofollow\">Contacte<\/a><\/li>\n                            <li class=\"foo_group\"><span class=\"foo_group_ico\"><\/span>  <a href=\"https:\/\/autoescolaroca.com\/ca\/empreses\/\" rel=\"nofollow\">Empreses<\/a><\/li>\n                            <li class=\"foo_group\"><span class=\"foo_group_ico\"><\/span>  <a href=\"https:\/\/autoescolaroca.com\/ca\/alumnes\/\" rel=\"nofollow\">Alumnes<\/a><\/li>\n                            <li class=\"foo_group\"><span class=\"foo_group_ico\"><\/span>  <a href=\"https:\/\/autoescolaroca.com\/ca\/formulari-candidats\/\" rel=\"nofollow\">Treballa amb nosaltres<\/a> <\/li>\n                            <li class=\"foo_group\"><a href=\"https:\/\/autoescolaroca.com\/ca\/blog\/\" rel=\"nofollow\"><span class=\"foo_group_ico\"><\/span>  Blog<\/a><\/li>\n                        <\/ul>\n                    <\/div>\n                    <div class=\"foo_groups foo_groups_logo\">\n                        <a href=\"https:\/\/autoescolaroca.com\/ca\/\" rel=\"nofollow\"><span class=\"foo_group_logo_ico\"><\/span><\/a>\n                    <\/div>\n                <\/div>\n            <\/div>\n        <\/div>\n        <div id=\"foo_cont_2\">\n            <div class=\"foo_inn_cont\">\n                <div>\u00a9 Autoescola ROCA, SL<\/div><div class=\"foo_legals\"><span><a href=\"https:\/\/autoescolaroca.com\/ca\/avisos-legals\/\" rel=\"nofollow\">Av\u00eds Legal i Pol\u00edtica de Privadesa<\/a><\/span> | <span><a href=\"https:\/\/autoescolaroca.com\/ca\/politica-de-cookies\/\" rel=\"nofollow\">Pol\u00edtica de Cookies<\/a><\/span><\/div>\n            <\/div>\n        <\/div>\n    <\/div>\n<\/footer>","protected":false},"excerpt":{"rendered":"<p>Sol.licitud Targeta Tac\u00f2graf Digital PREU: des de 100\u20acObtencions i Renovacions de Targetes de Tac\u00f2graf de Conductor i Empresa. Horari de Matins i Tardes. Pg. Maragall, 258. Barcelona. CURSOS CAP CONTACTA AMB NOSALTRES La Targeta de Tac\u00f2graf permet emmagatzemar, en un xip d&#8217;alta seguretat, les dades del propietari i les activitats realitzades durant almenys els darrers [&hellip;]<\/p>\n","protected":false},"author":1,"featured_media":0,"parent":0,"menu_order":0,"comment_status":"closed","ping_status":"closed","template":"","meta":{"footnotes":""},"class_list":["post-4896","page","type-page","status-publish","hentry"],"_links":{"self":[{"href":"https:\/\/autoescolaroca.com\/ca\/wp-json\/wp\/v2\/pages\/4896","targetHints":{"allow":["GET"]}}],"collection":[{"href":"https:\/\/autoescolaroca.com\/ca\/wp-json\/wp\/v2\/pages"}],"about":[{"href":"https:\/\/autoescolaroca.com\/ca\/wp-json\/wp\/v2\/types\/page"}],"author":[{"embeddable":true,"href":"https:\/\/autoescolaroca.com\/ca\/wp-json\/wp\/v2\/users\/1"}],"replies":[{"embeddable":true,"href":"https:\/\/autoescolaroca.com\/ca\/wp-json\/wp\/v2\/comments?post=4896"}],"version-history":[{"count":0,"href":"https:\/\/autoescolaroca.com\/ca\/wp-json\/wp\/v2\/pages\/4896\/revisions"}],"wp:attachment":[{"href":"https:\/\/autoescolaroca.com\/ca\/wp-json\/wp\/v2\/media?parent=4896"}],"curies":[{"name":"wp","href":"https:\/\/api.w.org\/{rel}","templated":true}]}}