{"id":4916,"date":"2024-09-17T15:56:24","date_gmt":"2024-09-17T13:56:24","guid":{"rendered":"https:\/\/autoescolaroca.com\/carnets-conduir\/"},"modified":"2024-12-17T16:43:21","modified_gmt":"2024-12-17T15:43:21","slug":"carnets-conduir","status":"publish","type":"page","link":"https:\/\/autoescolaroca.com\/ca\/carnets-conduir\/","title":{"rendered":"CARNETS CONDUIR"},"content":{"rendered":"\n<div class=\"wp-block-group page__m\"><div class=\"wp-block-group__inner-container is-layout-constrained wp-block-group-is-layout-constrained\">\n<h1 class=\"wp-block-heading\">CARNETS DE CONDUIR<\/h1>\n<\/div><\/div>\n\n<div class=\"wp-block-group page_m_div\"><div class=\"wp-block-group__inner-container is-layout-constrained wp-block-group-is-layout-constrained\">\n<p class=\"has-text-align-center page_m_parag page_m_parag_1\">A Autoescola ROCA, impartim formaci\u00f3 per a l&#8217;obtenci\u00f3 de tots els <strong>carnets de conduir<\/strong> . A m\u00e9s, realitzem cursos de reciclatge tamb\u00e9 de tots els permisos. <\/p>\n<\/div><\/div>\n\n<p class=\"has-text-align-center page_m_parag_election\"><strong>Trieu el vostre Carnet<\/strong><\/p>\n\n<div class=\"wp-block-group page__m page__m_w\"><div class=\"wp-block-group__inner-container is-layout-constrained wp-block-group-is-layout-constrained\">\n<ul>\n  <li>\n    <a href=\"carnets-moto\">\n      <div class=\"page_m_content page_m_content_w2\">\n        <div id=\"page_m_img-101\" class=\"page_m_img page_m_img_h\"><\/div>\n        <div>\n          <p class=\"page_m_title page_m_title_mrgn\">Carnets de Moto<\/p>\n          <p class=\"page_m_descrip\">&#8211; Te\u00f2rica i Pr\u00e0ctica &#8211;<\/p>\n          <p class=\"page_m_entry\">\n  Reserva pla\u00e7a  <i class=\"fa-solid fa-circle-chevron-right\"><\/i>\n          <\/p>\n        <\/div>\n      <\/div>\n    <\/a>\n  <\/li>\n  <li>\n    <a href=\"carnet-b-cotxe\">\n      <div class=\"page_m_content page_m_content_w2\">\n        <div id=\"page_m_img-102\" class=\"page_m_img page_m_img_h\"><\/div>\n        <div>\n          <p class=\"page_m_title page_m_title_mrgn\">Carnet de cotxe<\/p>\n          <p class=\"page_m_descrip\">&#8211; Te\u00f2rica i Pr\u00e0ctica &#8211;<\/p>\n          <p class=\"page_m_entry\">\n  Reserva pla\u00e7a  <i class=\"fa-solid fa-circle-chevron-right\"><\/i>\n          <\/p>\n        <\/div>\n      <\/div>\n    <\/a>\n  <\/li>\n  <li>\n    <a href=\"carnet-conduir-discapacitat\">\n      <div class=\"page_m_content page_m_content_w2\">\n        <div id=\"page_m_img-103\" class=\"page_m_img page_m_img_h\"><\/div>\n        <div>\n          <p class=\"page_m_title page_m_title_mrgn\">Carnet Adaptat<\/p>\n          <p class=\"page_m_descrip\">&#8211; Te\u00f2rica i Pr\u00e0ctica &#8211;<\/p>\n          <p class=\"page_m_entry\">\n  Reserva pla\u00e7a  <i class=\"fa-solid fa-circle-chevron-right\"><\/i>\n          <\/p>\n        <\/div>\n      <\/div>\n    <\/a>\n  <\/li>\n    <li>\n    <a href=\"carnet-d-autobus\">\n      <div class=\"page_m_content page_m_content_w2\">\n        <div id=\"page_m_img-104\" class=\"page_m_img page_m_img_h\"><\/div>\n        <div>\n          <p class=\"page_m_title page_m_title_mrgn\">Carnet d&#8217;autob\u00fas<\/p>\n          <p class=\"page_m_descrip\">&#8211; Te\u00f2rica i Pr\u00e0ctica &#8211;<\/p>\n          <p class=\"page_m_entry\">\n  Reserva pla\u00e7a  <i class=\"fa-solid fa-circle-chevron-right\"><\/i>\n          <\/p>\n        <\/div>\n      <\/div>\n    <\/a>\n  <\/li>\n  <li>\n    <a href=\"carnet-c-camion\">\n      <div class=\"page_m_content page_m_content_w2\">\n        <div id=\"page_m_img-105\" class=\"page_m_img page_m_img_h\"><\/div>\n        <div>\n          <p class=\"page_m_title page_m_title_mrgn\">Carnet de Cami\u00f3<\/p>\n          <p class=\"page_m_descrip\">&#8211; Te\u00f2rica i Pr\u00e0ctica &#8211;<\/p>\n          <p class=\"page_m_entry\">\n  Reserva pla\u00e7a  <i class=\"fa-solid fa-circle-chevron-right\"><\/i>\n          <\/p>\n        <\/div>\n      <\/div>\n    <\/a>\n  <\/li>\n  <li>\n    <a href=\"carnet-ce-trailer\">\n      <div class=\"page_m_content page_m_content_w2\">\n        <div id=\"page_m_img-106\" class=\"page_m_img page_m_img_h\"><\/div>\n        <div>\n          <p class=\"page_m_title page_m_title_mrgn\">Carnet de Tr\u00e0iler<\/p>\n          <p class=\"page_m_descrip\">&#8211; Te\u00f2rica i Pr\u00e0ctica &#8211;<\/p>\n          <p class=\"page_m_entry\">\n  Reserva pla\u00e7a  <i class=\"fa-solid fa-circle-chevron-right\"><\/i>\n          <\/p>\n        <\/div>\n      <\/div>\n    <\/a>\n  <\/li>\n<\/ul>\n<\/div><\/div>\n\n<div class=\"wp-block-group page_m_div\"><div class=\"wp-block-group__inner-container is-layout-constrained wp-block-group-is-layout-constrained\">\n<p class=\"page_m_parag\">Des del 1966, realitzem formaci\u00f3 per obtenir tots els permisos de conduir, des del carnet de ciclomotor fins al carnet de tr\u00e0iler. I ho fem oferint una varietat d\u00b4horaris de pr\u00e0ctiques i cursos intensius. A m\u00e9s, comptem amb 3 autoescoles a la prov\u00edncia de Barcelona: <strong>Esplugues de Llobregat<\/strong> , <strong>Sant Feliu de Llobregat<\/strong> i, tamb\u00e9, a la mateixa ciutat de <strong>Barcelona<\/strong> .  <\/p>\n<\/div><\/div>\n<footer>\n    <div class=\"content\">\n        <div id=\"foo_cont_1\">\n            <div class=\"foo_inn_cont\">\n                <div class=\"foo_ic0\" id=\"foo_ic1\">\n                    <div class=\"foo_group_titles\">\n                        <p class=\"foo_group_title\">Autoescola ROCA<\/p>\n                    <\/div>\n                    <div class=\"foo_groups\">\n                        <div class=\"foo_group\">\n                            <p class=\"foo_group_caption\"> <span class=\"foo_group_caption_ico\"><\/span>  Barcelona<\/p>\n                            <p><a href=\"https:\/\/maps.app.goo.gl\/VnJMpCotroVNZJ9B9\" target=\"_blank\" rel=\"noopener\">Passeig de Maragall, 258<\/a><\/p>\n                            <p>Email: info.h7@autoescolaroca.com <\/p>\n                            <p>Tel: 933 100 583<\/p>\n                        <\/div>\n                        <div class=\"foo_group\">\n                            <p class=\"foo_group_caption\"> <span class=\"foo_group_caption_ico\"><\/span>  Esplugues de Llobregat<\/p>\n                            <p>Avinguda de Cornell\u00e0, 63-65<\/p>\n                            <p>Email: info.h1@autoescolaroca.com <\/p>\n                            <p>Tel: 933 710 242<\/p>\n                        <\/div>\n                        <div class=\"foo_group\">\n                            <p class=\"foo_group_caption\"> <span class=\"foo_group_caption_ico\"><\/span>  Sant Feliu de Llobregat<\/p>\n                            <p>Carrer Carles Bu\u00efgas, 57-59<\/p>\n                            <p>Email: info.h3@autoescolaroca.com <\/p>\n                            <p>Tel: 936 855 535<\/p>\n                        <\/div>\n                    <\/div>\n                <\/div>\n                <div class=\"foo_ic0\">\n                    <div class=\"foo_group_title\">\n                        <p class=\"foo_group_title\">Formaci\u00f3<\/p>\n                    <\/div>\n                    <div class=\"foo_groups\">\n                        <ul>\n                            <li class=\"foo_group\"><span class=\"foo_group_ico\"><\/span>  <a href=\"https:\/\/autoescolaroca.com\/ca\/cursos-cap\/\" rel=\"nofollow\">Cursos CAP<\/a><\/li>\n                            <li class=\"foo_group\"><span class=\"foo_group_ico\"><\/span>  <a href=\"https:\/\/autoescolaroca.com\/ca\/cursos-adr\/\" rel=\"nofollow\">Cursos ADR<\/a><\/li>\n                            <li class=\"foo_group\"><span class=\"foo_group_ico\"><\/span>  <a href=\"https:\/\/autoescolaroca.com\/ca\/carnets-conduir\/\" rel=\"nofollow\">Carnets de Conduir<\/a><\/li>\n                            <li class=\"foo_group\"><span class=\"foo_group_ico\"><\/span>  <a href=\"https:\/\/autoescolaroca.com\/ca\/cursos-prl\/\" rel=\"nofollow\">Cursos PRL<\/a><\/li>\n                            <li class=\"foo_group\"><span class=\"foo_group_ico\"><\/span>  <a href=\"https:\/\/autoescolaroca.com\/ca\/curs-titol-transportista\/\" rel=\"nofollow\">T\u00edtol de Transportista<\/a><\/li>\n                            <li class=\"foo_group\"><span class=\"foo_group_ico\"><\/span>  <a href=\"https:\/\/autoescolaroca.com\/ca\/cursos-prl\/curs-carretoner\/\" rel=\"nofollow\">Carretons Elevadors<\/a><\/li>\n                            <li class=\"foo_group\"><span class=\"foo_group_ico\"><\/span>  <a href=\"https:\/\/autoescolaroca.com\/ca\/curs-dea-desfibrillador\/\" rel=\"nofollow\">DEA + SVB<\/a><\/li>\n                            <li class=\"foo_group\"><span class=\"foo_group_ico\"><\/span>  <a href=\"https:\/\/autoescolaroca.com\/ca\/dix-formacio\/\" rel=\"nofollow\">DIX Formaci\u00f3<\/a><\/li>\n                        <\/ul>\n                    <\/div>\n                <\/div>\n                <div class=\"foo_ic0\">\n                    <div class=\"foo_group_title\">\n                        <p class=\"foo_group_title\">M\u00e9s informaci\u00f3<\/p>\n                    <\/div>\n                    <div class=\"foo_groups\">\n                        <ul>\n                            <li class=\"foo_group\"><span class=\"foo_group_ico\"><\/span>  <a href=\"https:\/\/autoescolaroca.com\/ca\/formulari-contacte\/\" rel=\"nofollow\">Contacte<\/a><\/li>\n                            <li class=\"foo_group\"><span class=\"foo_group_ico\"><\/span>  <a href=\"https:\/\/autoescolaroca.com\/ca\/empreses\/\" rel=\"nofollow\">Empreses<\/a><\/li>\n                            <li class=\"foo_group\"><span class=\"foo_group_ico\"><\/span>  <a href=\"https:\/\/autoescolaroca.com\/ca\/alumnes\/\" rel=\"nofollow\">Alumnes<\/a><\/li>\n                            <li class=\"foo_group\"><span class=\"foo_group_ico\"><\/span>  <a href=\"https:\/\/autoescolaroca.com\/ca\/formulari-candidats\/\" rel=\"nofollow\">Treballa amb nosaltres<\/a> <\/li>\n                            <li class=\"foo_group\"><a href=\"https:\/\/autoescolaroca.com\/ca\/blog\/\" rel=\"nofollow\"><span class=\"foo_group_ico\"><\/span>  Blog<\/a><\/li>\n                        <\/ul>\n                    <\/div>\n                    <div class=\"foo_groups foo_groups_logo\">\n                        <a href=\"https:\/\/autoescolaroca.com\/ca\/\" rel=\"nofollow\"><span class=\"foo_group_logo_ico\"><\/span><\/a>\n                    <\/div>\n                <\/div>\n            <\/div>\n        <\/div>\n        <div id=\"foo_cont_2\">\n            <div class=\"foo_inn_cont\">\n                <div>\u00a9 Autoescola ROCA, SL<\/div><div class=\"foo_legals\"><span><a href=\"https:\/\/autoescolaroca.com\/ca\/avisos-legals\/\" rel=\"nofollow\">Av\u00eds Legal i Pol\u00edtica de Privadesa<\/a><\/span> | <span><a href=\"https:\/\/autoescolaroca.com\/ca\/politica-de-cookies\/\" rel=\"nofollow\">Pol\u00edtica de Cookies<\/a><\/span><\/div>\n            <\/div>\n        <\/div>\n    <\/div>\n<\/footer>","protected":false},"excerpt":{"rendered":"<p>CARNETS DE CONDUIR A Autoescola ROCA, impartim formaci\u00f3 per a l&#8217;obtenci\u00f3 de tots els carnets de conduir . A m\u00e9s, realitzem cursos de reciclatge tamb\u00e9 de tots els permisos. Trieu el vostre Carnet Carnets de Moto &#8211; Te\u00f2rica i Pr\u00e0ctica &#8211; Reserva pla\u00e7a Carnet de cotxe &#8211; Te\u00f2rica i Pr\u00e0ctica &#8211; Reserva pla\u00e7a Carnet Adaptat [&hellip;]<\/p>\n","protected":false},"author":1,"featured_media":0,"parent":0,"menu_order":0,"comment_status":"closed","ping_status":"closed","template":"","meta":{"footnotes":""},"class_list":["post-4916","page","type-page","status-publish","hentry"],"_links":{"self":[{"href":"https:\/\/autoescolaroca.com\/ca\/wp-json\/wp\/v2\/pages\/4916","targetHints":{"allow":["GET"]}}],"collection":[{"href":"https:\/\/autoescolaroca.com\/ca\/wp-json\/wp\/v2\/pages"}],"about":[{"href":"https:\/\/autoescolaroca.com\/ca\/wp-json\/wp\/v2\/types\/page"}],"author":[{"embeddable":true,"href":"https:\/\/autoescolaroca.com\/ca\/wp-json\/wp\/v2\/users\/1"}],"replies":[{"embeddable":true,"href":"https:\/\/autoescolaroca.com\/ca\/wp-json\/wp\/v2\/comments?post=4916"}],"version-history":[{"count":0,"href":"https:\/\/autoescolaroca.com\/ca\/wp-json\/wp\/v2\/pages\/4916\/revisions"}],"wp:attachment":[{"href":"https:\/\/autoescolaroca.com\/ca\/wp-json\/wp\/v2\/media?parent=4916"}],"curies":[{"name":"wp","href":"https:\/\/api.w.org\/{rel}","templated":true}]}}