{"id":4951,"date":"2024-07-01T11:35:44","date_gmt":"2024-07-01T09:35:44","guid":{"rendered":"https:\/\/autoescolaroca.com\/cursos-cap\/cap-inicial-mercaderies\/"},"modified":"2026-04-13T17:53:07","modified_gmt":"2026-04-13T15:53:07","slug":"curs-cap-inicial-mercaderies","status":"publish","type":"page","link":"https:\/\/autoescolaroca.com\/ca\/cursos-cap\/curs-cap-inicial-mercaderies\/","title":{"rendered":"Curs CAP Inicial Mercaderies"},"content":{"rendered":"\n<div class=\"wp-block-group page__intro\"><div class=\"wp-block-group__inner-container is-layout-constrained wp-block-group-is-layout-constrained\">\n<div class=\"wp-block-group page__intro_group\"><div class=\"wp-block-group__inner-container is-layout-constrained wp-block-group-is-layout-constrained\">\n<div class=\"wp-block-columns post__intro_groups_1 header-cols is-layout-flex wp-container-core-columns-is-layout-9d6595d7 wp-block-columns-is-layout-flex\">\n<div class=\"wp-block-column header-cap-i-mercancias is-layout-flow wp-block-column-is-layout-flow\" style=\"flex-basis:50%\"><\/div>\n\n\n\n<div class=\"wp-block-column is-vertically-aligned-top header-col-2 is-layout-flow wp-block-column-is-layout-flow\" style=\"flex-basis:50%\">\n<h1 class=\"wp-block-heading post__intro_title tile-cap-fc\">Curs CAP Inicial Mercaderies<\/h1>\n\n\n\n<p class=\"post__intro_extract\"><span class=\"post__intro_extract_span_1\">PREU: des de 950\u20ac<\/span><br\/> <span class=\"post__intro_extract_span_2\">Propers cursos CAP Mercaderies 2026, a la nostra autoescola de Barcelona.<\/span><br\/> <span class=\"post__intro_extract_span_3\"><i class=\"fa-regular fa-clock\" aria-hidden=\"true\"><\/i>  Modalitat CAP 140 i CAP 280 hores.<br\/><i class=\"fa-solid fa-location-dot\"><\/i>  Pg. Maragall, 258. Barcelona.  <\/span><\/p>\n\n\n\n<p class=\"page__xtra page__xtra-margin\"><a href=\"https:\/\/autoescolaroca.com\/ca\/cursos-cap\/\" data-type=\"page\" data-id=\"436\">ALTRES CURSOS CAP<\/a><\/p><p class=\"page__xtra page__xtra-margin page__xtra-margin-b\"><a href=\"https:\/\/autoescolaroca.com\/ca\/formulari-contacte\/\" data-type=\"page\" data-id=\"436\">CONTACTA AMB NOSALTRES<\/a><\/p>\n<\/div>\n<\/div>\n<\/div><\/div>\n<\/div><\/div>\n\n<div class=\"wp-block-columns page__summary is-layout-flex wp-container-core-columns-is-layout-9d6595d7 wp-block-columns-is-layout-flex\">\n<div class=\"wp-block-column elect-hor is-layout-flow wp-block-column-is-layout-flow\">\n<div class=\"wp-block-group group\"><div class=\"wp-block-group__inner-container is-layout-constrained wp-block-group-is-layout-constrained\">\n<p style=\"font-weight:400\"><i class=\"fa-solid fa-circle-info\"><\/i>  El curs <strong>CAP Inicial Mercaderies<\/strong> \u00e9s una formaci\u00f3 obligat\u00f2ria i necess\u00e0ria per poder treballar al sector del transport professional de mercaderies. A m\u00e9s d\u201faquesta formaci\u00f3, cal superar un examen que convoca el departament de Territori i Sostenibilitat de la Generalitat de Catalunya 6 vegades a l\u201fany. <\/p>\n\n\n\n<p style=\"font-weight:400\">Un cop feta la formaci\u00f3 i superat l&#8217;examen, s&#8217;obt\u00e9 el carnet CAP que permet, juntament amb el perm\u00eds C1 o C\/C+E, la <strong>conducci\u00f3 de camions i tr\u00e0ilers a tota la UE<\/strong> .<\/p>\n\n\n\n<p style=\"font-weight:400\"><i class=\"fa-solid fa-check\"><\/i> <strong>Examen<\/strong> de 100 preguntes (tipus test).<br\/><i class=\"fa-solid fa-check\"><\/i> <strong>Validesa 5 anys<\/strong> . Es renova amb el <a href=\"https:\/\/autoescolaroca.com\/ca\/cursos-cap\/curs-cap-renovacio\/\" data-type=\"page\" data-id=\"421\">curs CAP de 35 hores<\/a> .<\/p>\n<\/div><\/div>\n<\/div>\n<\/div>\n\n<div class=\"wp-block-columns page__body page__body_cals is-layout-flex wp-container-core-columns-is-layout-9d6595d7 wp-block-columns-is-layout-flex\">\n<div class=\"wp-block-column calendar-col-1 is-layout-flow wp-block-column-is-layout-flow\" style=\"flex-basis:46%\">\n<h2 class=\"wp-block-heading\">Curs CAP 140 hores<br\/> <small>Modalitat Accelerada<\/small><\/h2>\n\n\n\n<p style=\"font-size:17px\"><strong>A partir dels 21 anys<\/strong> , es pot fer el CAP Inicial Mercaderies en la seva modalitat accelerada (140 hores), i es pot fer abans o despr\u00e9s d&#8217;obtenir el perm\u00eds.<\/p>\n\n\n\n<div class=\"wp-block-group calendar-rows calendar-rows-2 is-nowrap is-layout-flex wp-container-core-group-is-layout-ad2f72ca wp-block-group-is-layout-flex\">\n<div class=\"wp-block-group calendar-row-display\"><div class=\"wp-block-group__inner-container is-layout-constrained wp-block-group-is-layout-constrained\">\n<div class=\"wp-block-group calendar-row-row is-horizontal is-content-justification-center is-nowrap is-layout-flex wp-container-core-group-is-layout-8dbf8d71 wp-block-group-is-layout-flex\">\n<figure class=\"wp-block-image size-large size-140h\"><img loading=\"lazy\" decoding=\"async\" width=\"223\" height=\"163\" src=\"https:\/\/autoescolaroca.com\/wp-content\/uploads\/2026\/04\/calendario-cap-inicial-140h-05-2026-m.svg\" alt=\"Calendari CAP 140h Maig-Juny 2026 Mercaderies\" class=\"wp-image-7557\" style=\"object-fit:cover\"\/><\/figure>\n<\/div>\n<\/div><\/div>\n\n\n\n<div style=\"margin-top:19px\"><\/div>\n\n\n\n<p class=\"calendar-row-row-002\" style=\"  margin-top: 1.3rem;\"><span class=\"button-acordeon despliega page__xtra\" style=\"margin-top: -0.75rem;\">M\u00e9s informaci\u00f3<\/span> <span class=\"acordeon row-margin\">De 15:00 a 22:00h (Tardes)<br\/><strong>Inici: 20 de maig de 2026<br\/> Final: 17 de juny de 2026<br\/> Examen: 17 de juliol de 2026<br\/><\/strong> <strong>Lloc d&#8217;impartici\u00f3<\/strong> :<br\/> Passeig Maragall, 258. Barcelona.<br\/><strong>Pr\u00e0ctiques<\/strong> :<br\/> Les 10 pr\u00e0ctiques es faran en un m\u00e0xim de 4 matins durant el curs.<\/span><\/p>\n<\/div>\n\n\n\n<div class=\"wp-block-group price price-capini\"><div class=\"wp-block-group__inner-container is-layout-constrained wp-block-group-is-layout-constrained\">\n<h2 class=\"wp-block-heading\">Preu<\/h2>\n\n\n\n<p class=\"price-amount\"><span>CAP 140 hores: 950\u20ac<\/span> <small>(+ taxa CAP 34.45\u20ac)<\/small> <span>CAP 140 hores + Carnet C: 1595\u20ac<\/span> <small>(+ taxa CAP 34.45\u20ac | taxa DGT 94.05\u20ac)<\/small><\/p>\n\n\n\n<p><strong>Reserva de pla\u00e7a<\/strong> :<br\/> La reserva de pla\u00e7a s\u00f3n 250\u20ac per al curs CAP Inicial Mercaderies (140 hores) i 400\u20ac per al pack CAP Inicial Mercaderies (140 hores) + Perm\u00eds C. Aquests imports s\u00f3n a compte del preu total.<\/p>\n\n\n\n<p><strong>Finan\u00e7ament<\/strong> :<br\/> En 3, 6 o 12 mesos.<\/p>\n\n\n\n<!--<span class=\"unset-button\"><\/span>--><div style=\"margin-top:11px;\"><!--[simpay id=\"6714\"]--><\/div>\n<\/div><\/div>\n<\/div>\n\n\n\n<div class=\"wp-block-column calendar-col-2 is-layout-flow wp-block-column-is-layout-flow\" style=\"flex-basis:54%\">\n<h2 class=\"wp-block-heading\">Curs CAP 280 hores<br\/> <small>Modalitat Ordin\u00e0ria<\/small><\/h2>\n\n\n\n<p style=\"font-size:17px\"><strong>Des dels 18 i fins als 20 anys<\/strong> , amb la <a href=\"https:\/\/www.boe.es\/buscar\/doc.php?id=BOE-A-2020-13970\" target=\"_blank\" rel=\"noopener\">nova modificaci\u00f3 del Reglament General de Conductors<\/a> , es pot obtenir el perm\u00eds de cami\u00f3 fent abans el CAP de Mercaderies de 280 hores.<\/p>\n\n\n\n<div class=\"wp-block-group calendar-rows calendar-rows-2 calendar-rows-21 is-nowrap is-layout-flex wp-container-core-group-is-layout-ad2f72ca wp-block-group-is-layout-flex\">\n<div class=\"wp-block-group calendar-row-display\"><div class=\"wp-block-group__inner-container is-layout-constrained wp-block-group-is-layout-constrained\">\n<div class=\"wp-block-group calendar-row-row is-vertical is-layout-flex wp-container-core-group-is-layout-8cf370e7 wp-block-group-is-layout-flex\">\n<figure class=\"wp-block-image size-large size-280h\"><img loading=\"lazy\" decoding=\"async\" width=\"340\" height=\"184\" src=\"https:\/\/autoescolaroca.com\/wp-content\/uploads\/2026\/04\/calendario-cap-barcelona-iii-280h-m.svg\" alt=\"Calendari CAP 280h Setembre-Desembre 2026 Mercaderies\" class=\"wp-image-7544\" style=\"object-fit:cover\"\/><\/figure>\n<\/div>\n<\/div><\/div>\n\n\n\n<div style=\"margin-top:8px\"><\/div>\n\n\n\n<p class=\"calendar-row-row-002 calendar-row-row-width\" style=\"margin-top: -0.5rem;\"><span class=\"button-acordeon despliega page__xtra\" style=\"margin-top:2px\">M\u00e9s informaci\u00f3<\/span> <span class=\"acordeon\">De 08:00 a 14:30h (matins)<br\/><strong>Inici: 30 de setembre de 2026<br\/> Final: 11 de desembre de 2026<\/strong><br\/> <span style=\"font-size:16.5px;\">[Dies en gris: no hi ha classe]<\/span> <strong><br\/>Examen: gener de 2027<br\/> Lloc d&#8217;impartici\u00f3<\/strong> :<br\/> Passeig Maragall, 258. Barcelona.<br\/><strong>Pr\u00e0ctiques<\/strong> :<br\/> El curs CAP de 280 hores compr\u00e8n 240 hores de te\u00f2rica a l&#8217;aula, 20 hores de pr\u00e0ctiques de conducci\u00f3 i 20 hores de pr\u00e0ctiques d&#8217;acompanyant amb vehicle. L&#8217;assignaci\u00f3 de dates per a cada pr\u00e0ctica ser\u00e0 comunicada el primer dia de classe. <\/span><\/p>\n<\/div>\n\n\n\n<div class=\"wp-block-group price price-capini\"><div class=\"wp-block-group__inner-container is-layout-constrained wp-block-group-is-layout-constrained\">\n<h2 class=\"wp-block-heading\">Preu<\/h2>\n\n\n\n<p class=\"price-amount\"><span>CAP 280 hores: 1500\u20ac<\/span> <small>(+ taxa CAP 34.45\u20ac)<\/small> <span>CAP 280 hores + Carnet C: 2375\u20ac<\/span> <small>(+ taxa CAP 34.45\u20ac | taxa DGT 94.05\u20ac)<\/small> Aquest pack inclou l&#8217;ADR B\u00e0sic i Cisternes, sense cap cost addicional. Nom\u00e9s caldr\u00e0 abonar la taxa de la DGT per pujar a examen. <\/p>\n\n\n\n<p><strong>Reserva de pla\u00e7a<\/strong> :<br\/> Truca&#8217;ns o acosta&#8217;t al nostre centre, i t&#8217;informem de les condicions de pagament.  <!--No es posible hacer reserva online para este curso. Ac&#233;rcate a la autoescuela y te informamos.--><\/p>\n\n\n\n<p><strong>Finan\u00e7ament<\/strong> :<br\/> En 3, 6 o 12 mesos.<\/p>\n\n\n\n<div style=\"margin-top:29px\"><\/div>\n<\/div><\/div>\n<\/div>\n<\/div>\n\n<div class=\"wp-block-columns page__body page__body_aula is-layout-flex wp-container-core-columns-is-layout-9d6595d7 wp-block-columns-is-layout-flex\">\n<div class=\"wp-block-column aula_col_1 is-layout-flow wp-block-column-is-layout-flow\">\n<h2 class=\"wp-block-heading\">M\u00e9s informaci\u00f3&#8230;<\/h2>\n\n\n\n<p><strong>Documentaci\u00f3<\/strong> : Per realitzar la matr\u00edcula caldr\u00e0 aportar: DNI, carnet de conduir i una fotografia de mida carnet.<\/p>\n\n\n\n<p><strong>Targeta<\/strong> : El preu del curs CAP no inclou les taxes de la targeta CAP ni el tr\u00e0mit per obtenir-lo. A Autoescola ROCA, i un cop finalitzi el curs, t&#8217;ho podem gestionar tot per 70\u20ac (taxa + tr\u00e0mit). <\/p>\n<\/div>\n\n\n\n<div class=\"wp-block-column aula_col_2 is-layout-flow wp-block-column-is-layout-flow\" style=\"flex-basis:50%\"><\/div>\n<\/div>\n\n<div class=\"wp-block-group page__body\"><div class=\"wp-block-group__inner-container is-layout-constrained wp-block-group-is-layout-constrained\">\n<h2 class=\"wp-block-heading\">Examen CAP<\/h2>\n\n\n\n<p>Despr\u00e9s de finalitzar el curs, els alumnes han de superar un examen i tenen un marge de 6 mesos, des de l&#8217;\u00faltim dia del curs, per fer-ho. Tamb\u00e9 el dia de la prova \u00e9s el mateix pels dos cursos de qualificaci\u00f3 inicial.  <\/p>\n\n\n\n<div class=\"wp-block-columns group__cols__ask is-layout-flex wp-container-core-columns-is-layout-9d6595d7 wp-block-columns-is-layout-flex\">\n<div class=\"wp-block-column is-layout-flow wp-block-column-is-layout-flow\" style=\"flex-basis:45%\">\n<h3 class=\"wp-block-heading\">Examen CAP Mercaderies<\/h3>\n\n\n\n<p>L&#8217;examen es pot fer a qualsevol comunitat aut\u00f2noma (no cal fer-ho al lloc on es resideixi).<\/p>\n\n\n\n<p><i class=\"fa-solid fa-check\"><\/i>  L&#8217;examen consta de 100 preguntes tipus test. Cada pregunta compta amb 4 respostes alternatives. <\/p>\n\n\n\n<p><i class=\"fa-solid fa-check\"><\/i>  La durada de lexamen \u00e9s de 2 hores.<\/p>\n\n\n\n<p><i class=\"fa-solid fa-check\"><\/i>  Les respostes correctes valen 1 punt i les incorrectes resten 0,5 punts. Les no contestades no puntuen. <\/p>\n\n\n\n<p><i class=\"fa-solid fa-check\"><\/i>  Per aprovar, cal obtenir almenys 50 punts.<\/p>\n<\/div>\n\n\n\n<div class=\"wp-block-column is-layout-flow wp-block-column-is-layout-flow\" style=\"flex-basis:55%\">\n<h3 class=\"wp-block-heading\">Dates Ex\u00e0mens CAP 2026<\/h3>\n\n\n\n<p>Tot seguit, es detallen les dates d&#8217;examen previstes per a l&#8217;obtenci\u00f3 del Certificat d&#8217;Aptitud Professional, a celebrar durant l&#8217;any 2026 a Catalunya:<\/p>\n\n\n\n<p><i class=\"fa-solid fa-check\"><\/i>  1a convocat\u00f2ria: 23 de gener.<\/p>\n\n\n\n<p><i class=\"fa-solid fa-check\"><\/i>  2a convocat\u00f2ria: 20 de mar\u00e7.<\/p>\n\n\n\n<p><i class=\"fa-solid fa-check\"><\/i>  3a convocat\u00f2ria: 22 de maig.<\/p>\n\n\n\n<p><i class=\"fa-solid fa-check\"><\/i>  4a convocat\u00f2ria: 17 de juliol.<\/p>\n\n\n\n<p><i class=\"fa-solid fa-check\"><\/i>  5a convocat\u00f2ria: 18 de setembre.<\/p>\n\n\n\n<p><i class=\"fa-solid fa-check\"><\/i>  6a convocat\u00f2ria: 13 de novembre.<\/p>\n<\/div>\n<\/div>\n<\/div><\/div>\n\n<div class=\"wp-block-group group__bck\"><div class=\"wp-block-group__inner-container is-layout-constrained wp-block-group-is-layout-constrained\">\n<div class=\"wp-block-group page__body footer\"><div class=\"wp-block-group__inner-container is-layout-constrained wp-block-group-is-layout-constrained\">\n<h2 class=\"wp-block-heading\">Avantatges i serveis<\/h2>\n\n\n\n<div class=\"wp-block-columns group__cols__bck is-layout-flex wp-container-core-columns-is-layout-9d6595d7 wp-block-columns-is-layout-flex\">\n<div class=\"wp-block-column is-layout-flow wp-block-column-is-layout-flow\">\n<h3 class=\"wp-block-heading\"><i class=\"fa-solid fa-building\"><\/i>  Diversos centres<\/h3>\n\n\n\n<p>Comptem amb 3 centres de formaci\u00f3 a la prov\u00edncia de Barcelona: Esplugues de Llobregat, Sant Feliu de Llobregat i a la mateixa ciutat de Barcelona.<\/p>\n\n\n\n<h3 class=\"wp-block-heading\"><i class=\"fa-solid fa-user-tie\"><\/i> Borsa de treball<\/h3>\n\n\n\n<p>Treballem amb empreses de transport en processos de selecci\u00f3 de personal i, els alumnes que ho desitgin, poden formar part de la nostra borsa de treball. Aix\u00ed posem en contacte oferta i demanda.<\/p>\n<\/div>\n\n\n\n<div class=\"wp-block-column is-layout-flow wp-block-column-is-layout-flow\">\n<h3 class=\"wp-block-heading\"><i class=\"fa-solid fa-coins\"><\/i>  Bonificacions<\/h3>\n\n\n\n<p>Per a treballadors per compte d&#8217;altri, podem bonificar els diversos cursos que oferim. Som entitat organitzadora i ens encarreguem de tota la gesti\u00f3.<\/p>\n\n\n\n<h3 class=\"wp-block-heading\"><i class=\"fa-solid fa-chalkboard\"><\/i>  Instal\u00b7lacions<\/h3>\n\n\n\n<p>Tots els nostres centres disposen d&#8217;aules homologades per a la formaci\u00f3 oferida, i compten amb l&#8217;equipaci\u00f3 necess\u00e0ria perqu\u00e8 els nostres alumnes puguin rebre formaci\u00f3 de qualitat.<\/p>\n<\/div>\n<\/div>\n<\/div><\/div>\n<\/div><\/div>\n<footer>\n    <div class=\"content\">\n        <div id=\"foo_cont_1\">\n            <div class=\"foo_inn_cont\">\n                <div class=\"foo_ic0\" id=\"foo_ic1\">\n                    <div class=\"foo_group_titles\">\n                        <p class=\"foo_group_title\">Autoescola ROCA<\/p>\n                    <\/div>\n                    <div class=\"foo_groups\">\n                        <div class=\"foo_group\">\n                            <p class=\"foo_group_caption\"> <span class=\"foo_group_caption_ico\"><\/span>  Barcelona<\/p>\n                            <p><a href=\"https:\/\/maps.app.goo.gl\/VnJMpCotroVNZJ9B9\" target=\"_blank\" rel=\"noopener\">Passeig de Maragall, 258<\/a><\/p>\n                            <p>Email: info.h7@autoescolaroca.com <\/p>\n                            <p>Tel: 933 100 583<\/p>\n                        <\/div>\n                        <div class=\"foo_group\">\n                            <p class=\"foo_group_caption\"> <span class=\"foo_group_caption_ico\"><\/span>  Esplugues de Llobregat<\/p>\n                            <p>Avinguda de Cornell\u00e0, 63-65<\/p>\n                            <p>Email: info.h1@autoescolaroca.com <\/p>\n                            <p>Tel: 933 710 242<\/p>\n                        <\/div>\n                        <div class=\"foo_group\">\n                            <p class=\"foo_group_caption\"> <span class=\"foo_group_caption_ico\"><\/span>  Sant Feliu de Llobregat<\/p>\n                            <p>Carrer Carles Bu\u00efgas, 57-59<\/p>\n                            <p>Email: info.h3@autoescolaroca.com <\/p>\n                            <p>Tel: 936 855 535<\/p>\n                        <\/div>\n                    <\/div>\n                <\/div>\n                <div class=\"foo_ic0\">\n                    <div class=\"foo_group_title\">\n                        <p class=\"foo_group_title\">Formaci\u00f3<\/p>\n                    <\/div>\n                    <div class=\"foo_groups\">\n                        <ul>\n                            <li class=\"foo_group\"><span class=\"foo_group_ico\"><\/span>  <a href=\"https:\/\/autoescolaroca.com\/ca\/cursos-cap\/\" rel=\"nofollow\">Cursos CAP<\/a><\/li>\n                            <li class=\"foo_group\"><span class=\"foo_group_ico\"><\/span>  <a href=\"https:\/\/autoescolaroca.com\/ca\/cursos-adr\/\" rel=\"nofollow\">Cursos ADR<\/a><\/li>\n                            <li class=\"foo_group\"><span class=\"foo_group_ico\"><\/span>  <a href=\"https:\/\/autoescolaroca.com\/ca\/carnets-conduir\/\" rel=\"nofollow\">Carnets de Conduir<\/a><\/li>\n                            <li class=\"foo_group\"><span class=\"foo_group_ico\"><\/span>  <a href=\"https:\/\/autoescolaroca.com\/ca\/cursos-prl\/\" rel=\"nofollow\">Cursos PRL<\/a><\/li>\n                            <li class=\"foo_group\"><span class=\"foo_group_ico\"><\/span>  <a href=\"https:\/\/autoescolaroca.com\/ca\/curs-titol-transportista\/\" rel=\"nofollow\">T\u00edtol de Transportista<\/a><\/li>\n                            <li class=\"foo_group\"><span class=\"foo_group_ico\"><\/span>  <a href=\"https:\/\/autoescolaroca.com\/ca\/cursos-prl\/curs-carretoner\/\" rel=\"nofollow\">Carretons Elevadors<\/a><\/li>\n                            <li class=\"foo_group\"><span class=\"foo_group_ico\"><\/span>  <a href=\"https:\/\/autoescolaroca.com\/ca\/curs-dea-desfibrillador\/\" rel=\"nofollow\">DEA + SVB<\/a><\/li>\n                            <li class=\"foo_group\"><span class=\"foo_group_ico\"><\/span>  <a href=\"https:\/\/autoescolaroca.com\/ca\/dix-formacio\/\" rel=\"nofollow\">DIX Formaci\u00f3<\/a><\/li>\n                        <\/ul>\n                    <\/div>\n                <\/div>\n                <div class=\"foo_ic0\">\n                    <div class=\"foo_group_title\">\n                        <p class=\"foo_group_title\">M\u00e9s informaci\u00f3<\/p>\n                    <\/div>\n                    <div class=\"foo_groups\">\n                        <ul>\n                            <li class=\"foo_group\"><span class=\"foo_group_ico\"><\/span>  <a href=\"https:\/\/autoescolaroca.com\/ca\/formulari-contacte\/\" rel=\"nofollow\">Contacte<\/a><\/li>\n                            <li class=\"foo_group\"><span class=\"foo_group_ico\"><\/span>  <a href=\"https:\/\/autoescolaroca.com\/ca\/empreses\/\" rel=\"nofollow\">Empreses<\/a><\/li>\n                            <li class=\"foo_group\"><span class=\"foo_group_ico\"><\/span>  <a href=\"https:\/\/autoescolaroca.com\/ca\/alumnes\/\" rel=\"nofollow\">Alumnes<\/a><\/li>\n                            <li class=\"foo_group\"><span class=\"foo_group_ico\"><\/span>  <a href=\"https:\/\/autoescolaroca.com\/ca\/formulari-candidats\/\" rel=\"nofollow\">Treballa amb nosaltres<\/a> <\/li>\n                            <li class=\"foo_group\"><a href=\"https:\/\/autoescolaroca.com\/ca\/blog\/\" rel=\"nofollow\"><span class=\"foo_group_ico\"><\/span>  Blog<\/a><\/li>\n                        <\/ul>\n                    <\/div>\n                    <div class=\"foo_groups foo_groups_logo\">\n                        <a href=\"https:\/\/autoescolaroca.com\/ca\/\" rel=\"nofollow\"><span class=\"foo_group_logo_ico\"><\/span><\/a>\n                    <\/div>\n                <\/div>\n            <\/div>\n        <\/div>\n        <div id=\"foo_cont_2\">\n            <div class=\"foo_inn_cont\">\n                <div>\u00a9 Autoescola ROCA, SL<\/div><div class=\"foo_legals\"><span><a href=\"https:\/\/autoescolaroca.com\/ca\/avisos-legals\/\" rel=\"nofollow\">Av\u00eds Legal i Pol\u00edtica de Privadesa<\/a><\/span> | <span><a href=\"https:\/\/autoescolaroca.com\/ca\/politica-de-cookies\/\" rel=\"nofollow\">Pol\u00edtica de Cookies<\/a><\/span><\/div>\n            <\/div>\n        <\/div>\n    <\/div>\n<\/footer>","protected":false},"excerpt":{"rendered":"<p>Curs CAP Inicial Mercaderies PREU: des de 950\u20ac Propers cursos CAP Mercaderies 2026, a la nostra autoescola de Barcelona. Modalitat CAP 140 i CAP 280 hores. Pg. Maragall, 258. Barcelona. ALTRES CURSOS CAP CONTACTA AMB NOSALTRES El curs CAP Inicial Mercaderies \u00e9s una formaci\u00f3 obligat\u00f2ria i necess\u00e0ria per poder treballar al sector del transport professional [&hellip;]<\/p>\n","protected":false},"author":1,"featured_media":0,"parent":4919,"menu_order":0,"comment_status":"closed","ping_status":"closed","template":"","meta":{"footnotes":""},"class_list":["post-4951","page","type-page","status-publish","hentry"],"_links":{"self":[{"href":"https:\/\/autoescolaroca.com\/ca\/wp-json\/wp\/v2\/pages\/4951","targetHints":{"allow":["GET"]}}],"collection":[{"href":"https:\/\/autoescolaroca.com\/ca\/wp-json\/wp\/v2\/pages"}],"about":[{"href":"https:\/\/autoescolaroca.com\/ca\/wp-json\/wp\/v2\/types\/page"}],"author":[{"embeddable":true,"href":"https:\/\/autoescolaroca.com\/ca\/wp-json\/wp\/v2\/users\/1"}],"replies":[{"embeddable":true,"href":"https:\/\/autoescolaroca.com\/ca\/wp-json\/wp\/v2\/comments?post=4951"}],"version-history":[{"count":0,"href":"https:\/\/autoescolaroca.com\/ca\/wp-json\/wp\/v2\/pages\/4951\/revisions"}],"up":[{"embeddable":true,"href":"https:\/\/autoescolaroca.com\/ca\/wp-json\/wp\/v2\/pages\/4919"}],"wp:attachment":[{"href":"https:\/\/autoescolaroca.com\/ca\/wp-json\/wp\/v2\/media?parent=4951"}],"curies":[{"name":"wp","href":"https:\/\/api.w.org\/{rel}","templated":true}]}}