{"id":4954,"date":"2024-07-07T10:14:09","date_gmt":"2024-07-07T08:14:09","guid":{"rendered":"https:\/\/autoescolaroca.com\/cursos-cap\/cap-inicial-viatgers\/"},"modified":"2026-04-13T17:52:25","modified_gmt":"2026-04-13T15:52:25","slug":"curs-cap-inicial-viatgers","status":"publish","type":"page","link":"https:\/\/autoescolaroca.com\/ca\/cursos-cap\/curs-cap-inicial-viatgers\/","title":{"rendered":"Curs CAP Inicial Viatgers"},"content":{"rendered":"\n<div class=\"wp-block-group page__intro\"><div class=\"wp-block-group__inner-container is-layout-constrained wp-block-group-is-layout-constrained\">\n<div class=\"wp-block-group page__intro_group\"><div class=\"wp-block-group__inner-container is-layout-constrained wp-block-group-is-layout-constrained\">\n<div class=\"wp-block-columns post__intro_groups_1 header-cols is-layout-flex wp-container-core-columns-is-layout-9d6595d7 wp-block-columns-is-layout-flex\">\n<div class=\"wp-block-column header-cap-i-viajeros is-layout-flow wp-block-column-is-layout-flow\" style=\"flex-basis:50%\"><\/div>\n\n\n\n<div class=\"wp-block-column is-vertically-aligned-top header-col-2 is-layout-flow wp-block-column-is-layout-flow\" style=\"flex-basis:50%\">\n<h1 class=\"wp-block-heading post__intro_title tile-cap-fc\">Curs CAP Inicial Viatgers<\/h1>\n\n\n\n<p class=\"post__intro_extract\"><span class=\"post__intro_extract_span_1\">PREU: des de 950\u20ac<\/span><br\/><span class=\"post__intro_extract_span_2\">Propers cursos CAP Viajeros 2026, a la nostra autoescola de Barcelona.<\/span><br\/><span class=\"post__intro_extract_span_3\"><i class=\"fa-regular fa-clock\" aria-hidden=\"true\"><\/i>  Modalitat CAP 140 i CAP 280 hores.<br\/><i class=\"fa-solid fa-location-dot\"><\/i>  Pg. Maragall, 258. Barcelona.  <\/span><\/p>\n\n\n\n<p class=\"page__xtra page__xtra-margin\"><a href=\"https:\/\/autoescolaroca.com\/ca\/cursos-cap\/\" data-type=\"page\" data-id=\"436\">ALTRES CURSOS CAP<\/a><\/p><p class=\"page__xtra page__xtra-margin page__xtra-margin-b\"><a href=\"https:\/\/autoescolaroca.com\/ca\/formulari-contacte\/\" data-type=\"page\" data-id=\"436\">CONTACTA AMB NOSALTRES<\/a><\/p>\n<\/div>\n<\/div>\n<\/div><\/div>\n<\/div><\/div>\n\n<div class=\"wp-block-columns page__summary is-layout-flex wp-container-core-columns-is-layout-9d6595d7 wp-block-columns-is-layout-flex\">\n<div class=\"wp-block-column is-layout-flow wp-block-column-is-layout-flow\">\n<div class=\"wp-block-group group\"><div class=\"wp-block-group__inner-container is-layout-constrained wp-block-group-is-layout-constrained\">\n<p><i class=\"fa-solid fa-circle-info\"><\/i>  El curs <strong>CAP Inicial Viatgers<\/strong> \u00e9s un curs obligatori per a totes aquelles persones que es vulguin dedicar professionalment al transport de passatgers. <\/p>\n\n\n\n<p>El CAP viatgers acredita l&#8217;aptitud professional del conductor i permet (amb perm\u00eds D1 o D) la conducci\u00f3 d&#8217;autobusos. A m\u00e9s, el CAP de passatgers t\u00e9 validesa al conjunt de la Uni\u00f3 Europea. <\/p>\n\n\n\n<p><i class=\"fa-solid fa-check\"><\/i> <strong>Examen<\/strong> de 100 preguntes (tipus test).<br\/><i class=\"fa-solid fa-check\"><\/i> <strong>Validesa 5 anys<\/strong> . Es renova amb el <a href=\"https:\/\/autoescolaroca.com\/ca\/cursos-cap\/curs-cap-renovacio\/\" data-type=\"page\" data-id=\"421\">curs CAP de 35 hores<\/a> .<\/p>\n\n\n\n<figure class=\"wp-block-image size-large img-corner\"><img decoding=\"async\" src=\"https:\/\/autoescolaroca.com\/wp-content\/themes\/roca\/images\/info.svg\" alt=\"\" class=\"wp-image-1040\"\/><\/figure>\n<\/div><\/div>\n<\/div>\n<\/div>\n\n<div class=\"wp-block-columns page__body page__body_cals is-layout-flex wp-container-core-columns-is-layout-9d6595d7 wp-block-columns-is-layout-flex\">\n<div class=\"wp-block-column calendar-col-1 is-layout-flow wp-block-column-is-layout-flow\" style=\"flex-basis:42%\">\n<h2 class=\"wp-block-heading\">Curs CAP 140 hores<br\/> <small>Modalitat Accelerada<\/small><\/h2>\n\n\n\n<p style=\"font-size:17px\"><b>A partir dels 24 anys<\/b> , \u00e9s possible fer el CAP inicial viatgers en la modalitat accelerada (CAP 140 hores), abans o despr\u00e9s de l&#8217;obtenci\u00f3 del carnet d&#8217;autob\u00fas.<\/p>\n\n\n\n<div class=\"wp-block-group calendar-rows calendar-rows-2 is-nowrap is-layout-flex wp-container-core-group-is-layout-ad2f72ca wp-block-group-is-layout-flex\">\n<div class=\"wp-block-group calendar-row-display\"><div class=\"wp-block-group__inner-container is-layout-constrained wp-block-group-is-layout-constrained\">\n<div class=\"wp-block-group calendar-row-row is-horizontal is-content-justification-center is-nowrap is-layout-flex wp-container-core-group-is-layout-8dbf8d71 wp-block-group-is-layout-flex\">\n<figure class=\"wp-block-image size-large size-140h\"><img loading=\"lazy\" decoding=\"async\" width=\"223\" height=\"163\" src=\"https:\/\/autoescolaroca.com\/wp-content\/uploads\/2026\/04\/calendario-cap-inicial-140h-05-2026-v.svg\" alt=\"\" class=\"wp-image-7555\" style=\"object-fit:cover\"\/><\/figure>\n<\/div>\n<\/div><\/div>\n\n\n\n<div style=\"margin-top:9px\"><\/div>\n\n\n\n<p class=\"calendar-row-row-002\" style=\"margin-top: 1.3rem;\"><span class=\"button-acordeon despliega page__xtra\" style=\"margin-top: -0.75rem;\">M\u00e9s informaci\u00f3<\/span> <span class=\"acordeon row-margin\">De 15:00 a 22:00h (Tardes)<br\/><strong>Inici: 20 de maig de 2026<br\/> Final: 17 de juny de 2026<br\/> Examen: 17 de juliol de 2026<br\/><\/strong> <strong>Lloc d&#8217;impartici\u00f3<\/strong> :<br\/> Passeig Maragall, 258. Barcelona.<br\/><strong>Pr\u00e0ctiques<\/strong> :<br\/> Les 10 pr\u00e0ctiques es faran en un m\u00e0xim de 4 matins durant el curs.<\/span><\/p>\n<\/div>\n\n\n\n<div class=\"wp-block-group price price-capini\"><div class=\"wp-block-group__inner-container is-layout-constrained wp-block-group-is-layout-constrained\">\n<h2 class=\"wp-block-heading\">Preu<\/h2>\n\n\n\n<p class=\"price-amount\"><span>CAP 140 hores: 950\u20ac<\/span> <small>(+ taxa CAP 34.45\u20ac)<\/small> <span>CAP 140 hores + Carnet D: 1595\u20ac<\/span> <small>(+ taxa CAP 34.45\u20ac | taxa DGT 94.05\u20ac)<\/small><\/p>\n\n\n\n<p><strong>Reserva de pla\u00e7a<\/strong> :<br\/> La reserva de pla\u00e7a s\u00f3n 250\u20ac pel curs CAP <span>Viatgers<\/span> i 400\u20ac pel pack CAP <span>Viajeros<\/span> + Perm\u00eds D. Aquests imports s\u00f3n a compte del preu total.<\/p>\n\n\n\n<p><strong>Finan\u00e7ament<\/strong> :<br\/> En 3, 6 o 12 mesos.<\/p>\n\n\n\n<!--<span class=\"unset-button\"><\/span>--><div style=\"margin-top:11px;\"><!--[simpay id=\"6715\"]--><\/div>\n<\/div><\/div>\n<\/div>\n\n\n\n<div class=\"wp-block-column calendar-col-2 is-layout-flow wp-block-column-is-layout-flow\" style=\"flex-basis:58%\">\n<h2 class=\"wp-block-heading\">Curs CAP 280 hores<br\/> <small>Modalitat Ordin\u00e0ria<\/small><\/h2>\n\n\n\n<p style=\"font-size:17px\"><b>A partir dels 18 anys<\/b> , ara \u00e9s possible obtenir el perm\u00eds D fent el CAP inicial de viatgers de 280 hores, gr\u00e0cies a la <a href=\"https:\/\/www.boe.es\/buscar\/doc.php?id=BOE-A-2020-13970\" target=\"_blank\" rel=\"noopener\">nova modificaci\u00f3 del Reglament General de Conductors<\/a> que redueix les edats m\u00ednimes per obtenir aquest perm\u00eds.<\/p>\n\n\n\n<div class=\"wp-block-group calendar-rows calendar-rows-2 calendar-rows-21 is-nowrap is-layout-flex wp-container-core-group-is-layout-ad2f72ca wp-block-group-is-layout-flex\">\n<div class=\"wp-block-group calendar-row-display\"><div class=\"wp-block-group__inner-container is-layout-constrained wp-block-group-is-layout-constrained\">\n<div class=\"wp-block-group calendar-row-row is-vertical is-layout-flex wp-container-core-group-is-layout-8cf370e7 wp-block-group-is-layout-flex\">\n<figure class=\"wp-block-image size-large size-280h\"><img loading=\"lazy\" decoding=\"async\" width=\"340\" height=\"184\" src=\"https:\/\/autoescolaroca.com\/wp-content\/uploads\/2026\/04\/calendario-cap-barcelona-iii-280h-v.svg\" alt=\"Calendari CAP 280h Setembre-Desembre 2026 Viatgers\" class=\"wp-image-7546\" style=\"object-fit:cover\"\/><\/figure>\n<\/div>\n<\/div><\/div>\n\n\n\n<div style=\"margin-top:12px\"><\/div>\n\n\n\n<p class=\"calendar-row-row-002 calendar-row-row-width\" style=\"margin-top:2px\"><span class=\"button-acordeon despliega page__xtra\" style=\"margin-top: -0.75rem;\">M\u00e9s informaci\u00f3<\/span> <span class=\"acordeon\">De 08:00 a 14:30h (matins)<br\/><strong>Inici: 30 de setembre de 2026<br\/> Final: 11 de desembre de 2026<\/strong><br\/> <span style=\"font-size:16.5px;\">[Dies en gris: no hi ha classe]<\/span> <strong><br\/>Examen: gener de 2027<br\/> Lloc d&#8217;impartici\u00f3<\/strong> :<br\/> Passeig Maragall, 258. Barcelona.<br\/><strong>Pr\u00e0ctiques<\/strong> :<br\/> El curs CAP de 280 hores compr\u00e8n 240 hores de te\u00f2rica a l&#8217;aula, 20 hores de pr\u00e0ctiques de conducci\u00f3 i 20 hores de pr\u00e0ctiques d&#8217;acompanyant amb vehicle. L&#8217;assignaci\u00f3 de dates per a cada pr\u00e0ctica ser\u00e0 comunicada el primer dia de classe. <\/span><\/p>\n<\/div>\n\n\n\n<div class=\"wp-block-group price price-capini\"><div class=\"wp-block-group__inner-container is-layout-constrained wp-block-group-is-layout-constrained\">\n<h2 class=\"wp-block-heading\">Preu<\/h2>\n\n\n\n<p class=\"price-amount\"><span>CAP 280 hores: 1500\u20ac<\/span> <small>(+ taxa CAP 34.45\u20ac)<\/small> <span>CAP 280 hores + Carnet D: 2375\u20ac<\/span> <small>(+ taxa CAP 34.45\u20ac | taxa DGT 94.05\u20ac)<\/small> Aquest pack inclou la certificaci\u00f3 d&#8217;atenci\u00f3 a passatgers amb discapacitat, i l&#8217;autoritzaci\u00f3 de l&#8217;\u00fas del desfibril.<\/p>\n\n\n\n<p><strong>Reserva de pla\u00e7a<\/strong> :<br\/> Truca&#8217;ns o acosta&#8217;t al nostre centre, i t&#8217;informem de les condicions de pagament.  <!--No es posible hacer reserva online para este curso. Ac&#233;rcate a la autoescuela y te informamos.--><\/p>\n\n\n\n<p><strong>Finan\u00e7ament<\/strong> :<br\/> En 3, 6 o 12 mesos.<\/p>\n\n\n\n<div style=\"margin-top:29px\"><\/div>\n<\/div><\/div>\n<\/div>\n<\/div>\n\n<div class=\"wp-block-columns page__body page__body_aula is-layout-flex wp-container-core-columns-is-layout-9d6595d7 wp-block-columns-is-layout-flex\">\n<div class=\"wp-block-column aula_col_1 is-layout-flow wp-block-column-is-layout-flow\">\n<h2 class=\"wp-block-heading\">M\u00e9s informaci\u00f3&#8230;<\/h2>\n\n\n\n<p><strong>Documentaci\u00f3<\/strong> : Abans que comenci el curs, caldr\u00e0 aportar: DNI, carnet de conduir i una fotografia de mida carnet.<\/p>\n\n\n\n<p><strong>Targeta<\/strong> : El preu del curs CAP no inclou les taxes de la targeta CAP ni el tr\u00e0mit per obtenir-lo. A Autoescola ROCA, i un cop finalitzi el curs, t&#8217;ho podem gestionar tot per 70\u20ac (taxa + tr\u00e0mit). <\/p>\n<\/div>\n\n\n\n<div class=\"wp-block-column aula_col_2 is-layout-flow wp-block-column-is-layout-flow\" style=\"flex-basis:50%\"><\/div>\n<\/div>\n\n<div class=\"wp-block-group page__body\"><div class=\"wp-block-group__inner-container is-layout-constrained wp-block-group-is-layout-constrained\">\n<h2 class=\"wp-block-heading\">Examen CAP<\/h2>\n\n\n\n<div class=\"wp-block-columns group__cols__ask is-layout-flex wp-container-core-columns-is-layout-9d6595d7 wp-block-columns-is-layout-flex\">\n<div class=\"wp-block-column is-layout-flow wp-block-column-is-layout-flow\" style=\"flex-basis:45%\">\n<h3 class=\"wp-block-heading\">Examen CAP Inicial Viatgers<\/h3>\n\n\n\n<p>L&#8217;examen es pot fer a qualsevol comunitat aut\u00f2noma (no cal fer-ho al lloc on es resideixi).<\/p>\n\n\n\n<p><i class=\"fa-solid fa-check\"><\/i>  Prova de 100 preguntes.<\/p>\n\n\n\n<p><i class=\"fa-solid fa-check\"><\/i>  L&#8217;examen t\u00e9 un m\u00e0xim de 2 hores.<\/p>\n\n\n\n<p><i class=\"fa-solid fa-check\"><\/i>  Les respostes encertades sumen 1 punt, i les fallades penalitzen 0,5 punts. Les que no es contestin no resten punts. <\/p>\n\n\n\n<p><i class=\"fa-solid fa-check\"><\/i>  L&#8217;alumne ser\u00e0 apte a l&#8217;examen si obt\u00e9 almenys 50 punts.<\/p>\n<\/div>\n\n\n\n<div class=\"wp-block-column is-layout-flow wp-block-column-is-layout-flow\" style=\"flex-basis:55%\">\n<h3 class=\"wp-block-heading\">Dates Ex\u00e0mens CAP 2026<\/h3>\n\n\n\n<p>Cada 2 mesos es realitzen els ex\u00e0mens del CAP Viajeros. A Catalunya, les properes dates per examinar-se, s\u00f3n: <\/p>\n\n\n\n<p><i class=\"fa-solid fa-check\"><\/i>  1a examen: 23\/01\/2026.<\/p>\n\n\n\n<p><i class=\"fa-solid fa-check\"><\/i>  2a examen: 20\/03\/2026.<\/p>\n\n\n\n<p><i class=\"fa-solid fa-check\"><\/i>  3a examen: 22\/05\/2026.<\/p>\n\n\n\n<p><i class=\"fa-solid fa-check\"><\/i>  4a examen: 17\/07\/2026.<\/p>\n\n\n\n<p><i class=\"fa-solid fa-check\"><\/i>  5a examen: 18\/09\/2026.<\/p>\n\n\n\n<p><i class=\"fa-solid fa-check\"><\/i>  6a examen: 13\/11\/2026.<\/p>\n<\/div>\n<\/div>\n<\/div><\/div>\n\n<div class=\"wp-block-columns page__body page__body_aula is-layout-flex wp-container-core-columns-is-layout-9d6595d7 wp-block-columns-is-layout-flex\">\n<div class=\"wp-block-column exams-table is-layout-flow wp-block-column-is-layout-flow\">\n<h2 class=\"wp-block-heading\">Quina modalitat de CAP Inicial Viatgers he de fer?<\/h2>\n\n\n\n<p>Taula amb les edats i restriccions que ens indiquen la modalitat a realitzar, a partir de la nova modificaci\u00f3 del Reglament General de Conductors: accelerada (CAP 140 hores) o ordin\u00e0ria (CAP 280 hores).<\/p>\n\n\n\n<figure class=\"wp-block-table\"><table><thead><tr><th class=\"has-text-align-center\" data-align=\"center\">Edat<\/th><th class=\"has-text-align-center\" data-align=\"center\">Modalitat a realitzar<\/th><th class=\"has-text-align-center\" data-align=\"center\">Requisits del CAP<\/th><th class=\"has-text-align-center\" data-align=\"center\">Restriccions de conducci\u00f3<\/th><\/tr><\/thead><tbody><tr><td class=\"has-text-align-center\" data-align=\"center\"><strong>24<\/strong><\/td><td class=\"has-text-align-center\" data-align=\"center\">Accelerada (140 hores)<\/td><td class=\"has-text-align-center\" data-align=\"center\">Realitzar-ho abans o despr\u00e9s d&#8217;obtenir el perm\u00eds.<\/td><td class=\"has-text-align-center\" data-align=\"center\">Cap<\/td><\/tr><tr><td class=\"has-text-align-center\" data-align=\"center\"><strong>23<\/strong><\/td><td class=\"has-text-align-center\" data-align=\"center\">Accelerada (140 hores)<\/td><td class=\"has-text-align-center\" data-align=\"center\">Realitzar-ho ABANS d&#8217;obtenir el perm\u00eds.<\/td><td class=\"has-text-align-center\" data-align=\"center\">Cap<\/td><\/tr><tr><td class=\"has-text-align-center\" data-align=\"center\"><strong>22 i 21<\/strong><\/td><td class=\"has-text-align-center\" data-align=\"center\">Ordin\u00e0ria (280 hores)<\/td><td class=\"has-text-align-center\" data-align=\"center\">Realitzar-ho ABANS d&#8217;obtenir el perm\u00eds de conducci\u00f3.<\/td><td class=\"has-text-align-center\" data-align=\"center\">Cap<\/td><\/tr><tr><td class=\"has-text-align-center\" data-align=\"center\"><strong>22 i 21<\/strong><\/td><td class=\"has-text-align-center\" data-align=\"center\">Accelerada (140 hores)<\/td><td class=\"has-text-align-center\" data-align=\"center\">Realitzar-ho ABANS d&#8217;obtenir el perm\u00eds.<\/td><td class=\"has-text-align-center\" data-align=\"center\">Nom\u00e9s serveis regulars en trajectes de fins a 50 km (fins que el titular tingui els 23 anys complerts, que quedar\u00e0 sense restriccions).<\/td><\/tr><tr><td class=\"has-text-align-center\" data-align=\"center\"><strong>20<\/strong><\/td><td class=\"has-text-align-center\" data-align=\"center\">Ordin\u00e0ria (280 hores)<\/td><td class=\"has-text-align-center\" data-align=\"center\">Realitzar-ho ABANS d&#8217;obtenir el perm\u00eds de conducci\u00f3.<\/td><td class=\"has-text-align-center\" data-align=\"center\">Conducci\u00f3 amb passatgers o sense, per\u00f2 nom\u00e9s en territori nacional. (Fins que el titular tingui els 21 anys complerts, que quedar\u00e0 sense restriccions). <\/td><\/tr><tr><td class=\"has-text-align-center\" data-align=\"center\"><strong>19 i 18<\/strong><\/td><td class=\"has-text-align-center\" data-align=\"center\">Ordin\u00e0ria (280 hores)<\/td><td class=\"has-text-align-center\" data-align=\"center\">Realitzar-ho ABANS d&#8217;obtenir el perm\u00eds de conducci\u00f3.<\/td><td class=\"has-text-align-center\" data-align=\"center\">Conducci\u00f3 nom\u00e9s a territori nacional, i es podr\u00e0 conduir sense passatgers, sense l\u00edmit de quilometratge, o b\u00e9 amb viatgers en servei regular de no m\u00e9s de 50 km. Fins que el titular tingui els 21 anys complerts, que queda sense restriccions). <\/td><\/tr><\/tbody><\/table><\/figure>\n<\/div>\n<\/div>\n\n<div class=\"wp-block-group group__bck\"><div class=\"wp-block-group__inner-container is-layout-constrained wp-block-group-is-layout-constrained\">\n<div class=\"wp-block-group page__body footer\"><div class=\"wp-block-group__inner-container is-layout-constrained wp-block-group-is-layout-constrained\">\n<h2 class=\"wp-block-heading\">Avantatges i serveis<\/h2>\n\n\n\n<div class=\"wp-block-columns group__cols__bck is-layout-flex wp-container-core-columns-is-layout-9d6595d7 wp-block-columns-is-layout-flex\">\n<div class=\"wp-block-column is-layout-flow wp-block-column-is-layout-flow\">\n<h3 class=\"wp-block-heading\"><i class=\"fa-solid fa-building\"><\/i>  Diversos centres<\/h3>\n\n\n\n<p>Comptem amb 3 centres de formaci\u00f3 a la prov\u00edncia de Barcelona: Esplugues de Llobregat, Sant Feliu de Llobregat i a la mateixa ciutat de Barcelona.<\/p>\n\n\n\n<h3 class=\"wp-block-heading\"><i class=\"fa-solid fa-user-tie\"><\/i> Borsa de treball<\/h3>\n\n\n\n<p>Treballem amb empreses de transport en processos de selecci\u00f3 de personal i, els alumnes que ho desitgin, poden formar part de la nostra borsa de treball. Aix\u00ed posem en contacte oferta i demanda.<\/p>\n<\/div>\n\n\n\n<div class=\"wp-block-column is-layout-flow wp-block-column-is-layout-flow\">\n<h3 class=\"wp-block-heading\"><i class=\"fa-solid fa-coins\"><\/i>  Bonificacions<\/h3>\n\n\n\n<p>Per a treballadors per compte d&#8217;altri, podem bonificar els diversos cursos que oferim. Som entitat organitzadora i ens encarreguem de tota la gesti\u00f3.<\/p>\n\n\n\n<h3 class=\"wp-block-heading\"><i class=\"fa-solid fa-chalkboard\"><\/i>  Instal\u00b7lacions<\/h3>\n\n\n\n<p>Tots els nostres centres disposen d&#8217;aules homologades per a la formaci\u00f3 oferida, i compten amb l&#8217;equipaci\u00f3 necess\u00e0ria perqu\u00e8 els nostres alumnes puguin rebre formaci\u00f3 de qualitat.<\/p>\n<\/div>\n<\/div>\n<\/div><\/div>\n<\/div><\/div>\n<footer>\n    <div class=\"content\">\n        <div id=\"foo_cont_1\">\n            <div class=\"foo_inn_cont\">\n                <div class=\"foo_ic0\" id=\"foo_ic1\">\n                    <div class=\"foo_group_titles\">\n                        <p class=\"foo_group_title\">Autoescola ROCA<\/p>\n                    <\/div>\n                    <div class=\"foo_groups\">\n                        <div class=\"foo_group\">\n                            <p class=\"foo_group_caption\"> <span class=\"foo_group_caption_ico\"><\/span>  Barcelona<\/p>\n                            <p><a href=\"https:\/\/maps.app.goo.gl\/VnJMpCotroVNZJ9B9\" target=\"_blank\" rel=\"noopener\">Passeig de Maragall, 258<\/a><\/p>\n                            <p>Email: info.h7@autoescolaroca.com <\/p>\n                            <p>Tel: 933 100 583<\/p>\n                        <\/div>\n                        <div class=\"foo_group\">\n                            <p class=\"foo_group_caption\"> <span class=\"foo_group_caption_ico\"><\/span>  Esplugues de Llobregat<\/p>\n                            <p>Avinguda de Cornell\u00e0, 63-65<\/p>\n                            <p>Email: info.h1@autoescolaroca.com <\/p>\n                            <p>Tel: 933 710 242<\/p>\n                        <\/div>\n                        <div class=\"foo_group\">\n                            <p class=\"foo_group_caption\"> <span class=\"foo_group_caption_ico\"><\/span>  Sant Feliu de Llobregat<\/p>\n                            <p>Carrer Carles Bu\u00efgas, 57-59<\/p>\n                            <p>Email: info.h3@autoescolaroca.com <\/p>\n                            <p>Tel: 936 855 535<\/p>\n                        <\/div>\n                    <\/div>\n                <\/div>\n                <div class=\"foo_ic0\">\n                    <div class=\"foo_group_title\">\n                        <p class=\"foo_group_title\">Formaci\u00f3<\/p>\n                    <\/div>\n                    <div class=\"foo_groups\">\n                        <ul>\n                            <li class=\"foo_group\"><span class=\"foo_group_ico\"><\/span>  <a href=\"https:\/\/autoescolaroca.com\/ca\/cursos-cap\/\" rel=\"nofollow\">Cursos CAP<\/a><\/li>\n                            <li class=\"foo_group\"><span class=\"foo_group_ico\"><\/span>  <a href=\"https:\/\/autoescolaroca.com\/ca\/cursos-adr\/\" rel=\"nofollow\">Cursos ADR<\/a><\/li>\n                            <li class=\"foo_group\"><span class=\"foo_group_ico\"><\/span>  <a href=\"https:\/\/autoescolaroca.com\/ca\/carnets-conduir\/\" rel=\"nofollow\">Carnets de Conduir<\/a><\/li>\n                            <li class=\"foo_group\"><span class=\"foo_group_ico\"><\/span>  <a href=\"https:\/\/autoescolaroca.com\/ca\/cursos-prl\/\" rel=\"nofollow\">Cursos PRL<\/a><\/li>\n                            <li class=\"foo_group\"><span class=\"foo_group_ico\"><\/span>  <a href=\"https:\/\/autoescolaroca.com\/ca\/curs-titol-transportista\/\" rel=\"nofollow\">T\u00edtol de Transportista<\/a><\/li>\n                            <li class=\"foo_group\"><span class=\"foo_group_ico\"><\/span>  <a href=\"https:\/\/autoescolaroca.com\/ca\/cursos-prl\/curs-carretoner\/\" rel=\"nofollow\">Carretons Elevadors<\/a><\/li>\n                            <li class=\"foo_group\"><span class=\"foo_group_ico\"><\/span>  <a href=\"https:\/\/autoescolaroca.com\/ca\/curs-dea-desfibrillador\/\" rel=\"nofollow\">DEA + SVB<\/a><\/li>\n                            <li class=\"foo_group\"><span class=\"foo_group_ico\"><\/span>  <a href=\"https:\/\/autoescolaroca.com\/ca\/dix-formacio\/\" rel=\"nofollow\">DIX Formaci\u00f3<\/a><\/li>\n                        <\/ul>\n                    <\/div>\n                <\/div>\n                <div class=\"foo_ic0\">\n                    <div class=\"foo_group_title\">\n                        <p class=\"foo_group_title\">M\u00e9s informaci\u00f3<\/p>\n                    <\/div>\n                    <div class=\"foo_groups\">\n                        <ul>\n                            <li class=\"foo_group\"><span class=\"foo_group_ico\"><\/span>  <a href=\"https:\/\/autoescolaroca.com\/ca\/formulari-contacte\/\" rel=\"nofollow\">Contacte<\/a><\/li>\n                            <li class=\"foo_group\"><span class=\"foo_group_ico\"><\/span>  <a href=\"https:\/\/autoescolaroca.com\/ca\/empreses\/\" rel=\"nofollow\">Empreses<\/a><\/li>\n                            <li class=\"foo_group\"><span class=\"foo_group_ico\"><\/span>  <a href=\"https:\/\/autoescolaroca.com\/ca\/alumnes\/\" rel=\"nofollow\">Alumnes<\/a><\/li>\n                            <li class=\"foo_group\"><span class=\"foo_group_ico\"><\/span>  <a href=\"https:\/\/autoescolaroca.com\/ca\/formulari-candidats\/\" rel=\"nofollow\">Treballa amb nosaltres<\/a> <\/li>\n                            <li class=\"foo_group\"><a href=\"https:\/\/autoescolaroca.com\/ca\/blog\/\" rel=\"nofollow\"><span class=\"foo_group_ico\"><\/span>  Blog<\/a><\/li>\n                        <\/ul>\n                    <\/div>\n                    <div class=\"foo_groups foo_groups_logo\">\n                        <a href=\"https:\/\/autoescolaroca.com\/ca\/\" rel=\"nofollow\"><span class=\"foo_group_logo_ico\"><\/span><\/a>\n                    <\/div>\n                <\/div>\n            <\/div>\n        <\/div>\n        <div id=\"foo_cont_2\">\n            <div class=\"foo_inn_cont\">\n                <div>\u00a9 Autoescola ROCA, SL<\/div><div class=\"foo_legals\"><span><a href=\"https:\/\/autoescolaroca.com\/ca\/avisos-legals\/\" rel=\"nofollow\">Av\u00eds Legal i Pol\u00edtica de Privadesa<\/a><\/span> | <span><a href=\"https:\/\/autoescolaroca.com\/ca\/politica-de-cookies\/\" rel=\"nofollow\">Pol\u00edtica de Cookies<\/a><\/span><\/div>\n            <\/div>\n        <\/div>\n    <\/div>\n<\/footer>","protected":false},"excerpt":{"rendered":"<p>Curs CAP Inicial Viatgers PREU: des de 950\u20acPropers cursos CAP Viajeros 2026, a la nostra autoescola de Barcelona. Modalitat CAP 140 i CAP 280 hores. Pg. Maragall, 258. Barcelona. ALTRES CURSOS CAP CONTACTA AMB NOSALTRES El curs CAP Inicial Viatgers \u00e9s un curs obligatori per a totes aquelles persones que es vulguin dedicar professionalment al [&hellip;]<\/p>\n","protected":false},"author":1,"featured_media":0,"parent":4919,"menu_order":0,"comment_status":"closed","ping_status":"closed","template":"","meta":{"footnotes":""},"class_list":["post-4954","page","type-page","status-publish","hentry"],"_links":{"self":[{"href":"https:\/\/autoescolaroca.com\/ca\/wp-json\/wp\/v2\/pages\/4954","targetHints":{"allow":["GET"]}}],"collection":[{"href":"https:\/\/autoescolaroca.com\/ca\/wp-json\/wp\/v2\/pages"}],"about":[{"href":"https:\/\/autoescolaroca.com\/ca\/wp-json\/wp\/v2\/types\/page"}],"author":[{"embeddable":true,"href":"https:\/\/autoescolaroca.com\/ca\/wp-json\/wp\/v2\/users\/1"}],"replies":[{"embeddable":true,"href":"https:\/\/autoescolaroca.com\/ca\/wp-json\/wp\/v2\/comments?post=4954"}],"version-history":[{"count":0,"href":"https:\/\/autoescolaroca.com\/ca\/wp-json\/wp\/v2\/pages\/4954\/revisions"}],"up":[{"embeddable":true,"href":"https:\/\/autoescolaroca.com\/ca\/wp-json\/wp\/v2\/pages\/4919"}],"wp:attachment":[{"href":"https:\/\/autoescolaroca.com\/ca\/wp-json\/wp\/v2\/media?parent=4954"}],"curies":[{"name":"wp","href":"https:\/\/api.w.org\/{rel}","templated":true}]}}