{"id":4961,"date":"2024-09-17T17:29:26","date_gmt":"2024-09-17T15:29:26","guid":{"rendered":"https:\/\/autoescolaroca.com\/carnets-conduir\/carnet-de-trailer\/"},"modified":"2026-01-11T19:06:12","modified_gmt":"2026-01-11T18:06:12","slug":"carnet-ce-trailer","status":"publish","type":"page","link":"https:\/\/autoescolaroca.com\/ca\/carnets-conduir\/carnet-ce-trailer\/","title":{"rendered":"Carnet de Tr\u00e0iler"},"content":{"rendered":"\n<p class=\"has-text-align-center contact\">info@autoescolaroca.com \u00b7 <span>933 100 583<\/span> \u00b7 <span><a href=\"formulari-contacte\">Contacta amb nosaltres<\/a><\/span><\/p>\n\n\n\n<div class=\"wp-block-group page__intro\"><div class=\"wp-block-group__inner-container is-layout-constrained wp-block-group-is-layout-constrained\">\n<div class=\"wp-block-group page__intro_group\"><div class=\"wp-block-group__inner-container is-layout-constrained wp-block-group-is-layout-constrained\">\n<div class=\"wp-block-columns post__intro_groups_1 header-cols is-layout-flex wp-container-core-columns-is-layout-9d6595d7 wp-block-columns-is-layout-flex\">\n<div class=\"wp-block-column header-carnet-trailer is-layout-flow wp-block-column-is-layout-flow\" style=\"flex-basis:50%\"><\/div>\n\n\n\n<div class=\"wp-block-column is-vertically-aligned-top header-col-2 is-layout-flow wp-block-column-is-layout-flow\" style=\"flex-basis:50%\">\n<h1 class=\"wp-block-heading post__intro_title tile-cap-fc\">Carnet CE<\/h1><p class=\"h1-sub\">Remolcs i Semiremolcs<\/p>\n\n\n\n<p class=\"post__intro_extract\"><span class=\"post__intro_extract_span_1\">PREU: 940\u20ac<\/span><br><span class=\"post__intro_extract_span_2\">Carnet C+E (Tr\u00e0iler) a la nostra autoescola de Barcelona.<\/span> Nous cursos 2026.<br><span class=\"post__intro_extract_span_3\"><i class=\"fa-regular fa-calendar\"><\/i> Horari de Matins i Tardes.<br><i class=\"fa-solid fa-location-dot\"><\/i> Pg. Maragall, 258. Barcelona.<\/span><\/p>\n\n\n\n<p class=\"page__xtra page__xtra-margin\"><a href=\"https:\/\/autoescolaroca.com\/ca\/carnets-conduir\/\" data-type=\"page\" data-id=\"2153\">ALTRES CARNETS<\/a><\/p><p class=\"page__xtra page__xtra-margin page__xtra-margin-b\"><a href=\"https:\/\/autoescolaroca.com\/ca\/formulari-contacte\/\" data-type=\"page\" data-id=\"436\">CONTACTA AMB NOSALTRES<\/a><\/p>\n<\/div>\n<\/div>\n<\/div><\/div>\n<\/div><\/div>\n\n\n\n<div class=\"wp-block-columns page__summary is-layout-flex wp-container-core-columns-is-layout-9d6595d7 wp-block-columns-is-layout-flex\">\n<div class=\"wp-block-column is-layout-flow wp-block-column-is-layout-flow\">\n<div class=\"wp-block-group group\"><div class=\"wp-block-group__inner-container is-layout-constrained wp-block-group-is-layout-constrained\">\n<p><i class=\"fa-solid fa-circle-info\"><\/i>  El carnet CE autoritza la conducci\u00f3 de semiremolcs: vehicles sense motor que van acoblats a un cap tractor ( <strong>tr\u00e0ilers<\/strong> ). Aquest carnet tamb\u00e9 autoritza la conducci\u00f3 de remolcs: vehicles sense motor que van remolcats per un cami\u00f3 r\u00edgid ( <strong>tren de carretera<\/strong> ). <\/p>\n\n\n\n<p><i class=\"fa-solid fa-check\"><\/i>  Requisits: Per obtenir el carnet CE cal comptar abans amb el carnet C i tenir-lo en vigor. A m\u00e9s, caldr\u00e0 superar una revisi\u00f3 m\u00e8dica. <br><i class=\"fa-solid fa-check\"><\/i>  Ex\u00e0mens: 1 te\u00f2ric i 2 pr\u00e0ctics (maniobres i circulaci\u00f3).<\/p>\n\n\n\n<p>Obtenint el carnet CE, obtens a m\u00e9s el perm\u00eds B+E. En cas de disposar del perm\u00eds D, tamb\u00e9 el perm\u00eds D+E.  <\/p>\n<\/div><\/div>\n<\/div>\n<\/div>\n\n\n\n<div class=\"wp-block-group page__body\"><div class=\"wp-block-group__inner-container is-layout-constrained wp-block-group-is-layout-constrained\">\n<div class=\"wp-block-columns group__cols__ask group-am-a1 is-layout-flex wp-container-core-columns-is-layout-9d6595d7 wp-block-columns-is-layout-flex\">\n<div class=\"wp-block-column parag-motos block-price is-layout-flow wp-block-column-is-layout-flow\" style=\"flex-basis:100%\">\n<h2 class=\"wp-block-heading h3-moto\">CARNET CE<\/h2>\n\n\n\n<p class=\"prices-fs\" style=\"font-size: 1.4rem;\"><strong>Preu<\/strong> : <strong>940\u20ac<\/strong><br> <small>(+94.05\u20ac taxa DGT).<\/small><\/p>\n\n\n\n<p><strong>Pots finan\u00e7ar el teu curs en 3, 6 o 12 mesos.<\/strong><\/p>\n\n\n\n<p>El preu inclou: matr\u00edcula, <strong>te\u00f2rica en l\u00ednia<\/strong> , 1er expedient, <strong>8 pr\u00e0ctiques<\/strong> (2 de maniobres i 6 de circulaci\u00f3), 1 examen te\u00f2ric, 1 examen de maniobres, 1 examen de circulaci\u00f3 i 1 c\u00e0non pistes.<\/p>\n<\/div>\n<\/div>\n<\/div><\/div>\n\n\n\n<div class=\"wp-block-group page__body\"><div class=\"wp-block-group__inner-container is-layout-constrained wp-block-group-is-layout-constrained\">\n<h2 class=\"wp-block-heading\">Ex\u00e0mens carnet CE<\/h2>\n\n\n\n<div class=\"wp-block-columns group__cols__ask is-layout-flex wp-container-core-columns-is-layout-9d6595d7 wp-block-columns-is-layout-flex\">\n<div class=\"wp-block-column is-layout-flow wp-block-column-is-layout-flow\" style=\"flex-basis:48%\">\n<h3 class=\"wp-block-heading\">Te\u00f2rica<\/h3>\n\n\n\n<p>Examen te\u00f2ric de 20 preguntes tipus test. Per superar la prova, l&#8217;alumne no podr\u00e0 cometre m\u00e9s de 2 errors. <\/p>\n\n\n\n<h3 class=\"wp-block-heading\">Pr\u00e0ctiques<\/h3>\n\n\n\n<p>L&#8217;examen pr\u00e0ctic consta de dues parts. La primera part \u00e9s la de <strong>circuit tancat<\/strong> , on l&#8217;alumne ha de demostrar la seva habilitat per manejar un vehicle amb remolc, fent una s\u00e8rie de maniobres. La segona part de l&#8217;examen \u00e9s la <strong>circulaci\u00f3<\/strong> , on es valora, per exemple, els coneixements adquirits sobre senyalitzaci\u00f3 vial, i tamb\u00e9 l&#8217;\u00fas dels sistemes de frenada i seguretat del tr\u00e0iler.  <\/p>\n<\/div>\n\n\n\n<div class=\"wp-block-column is-layout-flow wp-block-column-is-layout-flow\" style=\"flex-basis:52%\">\n<p><i class=\"fa-solid fa-check\" aria-hidden=\"true\"><\/i> <strong>Circuit tancat<\/strong> . L&#8217;alumne ha de superar 3 exercicis amb el tr\u00e0iler al circuit tancat. Aquestes maniobres d\u201fhabilitat s\u00f3n:  <\/p>\n\n\n\n<ol class=\"wp-block-list\">\n<li>Aproximaci\u00f3 al moll (estacionament segur per a la c\u00e0rrega i desc\u00e0rrega de la mercaderia).<\/li>\n\n\n\n<li>Desacoblament i acoblament del remolc o semiremolc.<\/li>\n\n\n\n<li>Marxa enrere en revolt (realitzar un recorregut en forma de \u00abL\u00bb, en marxa enrere).<\/li>\n<\/ol>\n\n\n\n<p><i class=\"fa-solid fa-check\" aria-hidden=\"true\"><\/i> <strong>Circulaci\u00f3<\/strong> . Despr\u00e9s de ser apte a les 3 proves de maniobres, l&#8217;alumne ha de ser capa\u00e7 de demostrar que \u00e9s h\u00e0bil en el maneig del tr\u00e0iler en vies obertes al tr\u00e0nsit. <\/p>\n<\/div>\n<\/div>\n<\/div><\/div>\n\n\n\n<div class=\"wp-block-group group__bck\"><div class=\"wp-block-group__inner-container is-layout-constrained wp-block-group-is-layout-constrained\">\n<div class=\"wp-block-group page__body footer\"><div class=\"wp-block-group__inner-container is-layout-constrained wp-block-group-is-layout-constrained\">\n<h2 class=\"wp-block-heading\">Avantatges i serveis<\/h2>\n\n\n\n<div class=\"wp-block-columns group__cols__bck is-layout-flex wp-container-core-columns-is-layout-9d6595d7 wp-block-columns-is-layout-flex\">\n<div class=\"wp-block-column is-layout-flow wp-block-column-is-layout-flow\">\n<h3 class=\"wp-block-heading\"><i class=\"fa-solid fa-building\"><\/i>  Diversos centres<\/h3>\n\n\n\n<p>Comptem amb 3 centres de formaci\u00f3 a la prov\u00edncia de Barcelona: Esplugues de Llobregat, Sant Feliu de Llobregat i a la mateixa ciutat de Barcelona.<\/p>\n\n\n\n<h3 class=\"wp-block-heading\"><i class=\"fa-solid fa-user-tie\"><\/i> Borsa de treball<\/h3>\n\n\n\n<p>Treballem amb empreses de transport en processos de selecci\u00f3 de personal i, els alumnes que ho desitgin, poden formar part de la nostra borsa de treball. Aix\u00ed posem en contacte oferta i demanda.<\/p>\n<\/div>\n\n\n\n<div class=\"wp-block-column is-layout-flow wp-block-column-is-layout-flow\">\n<h3 class=\"wp-block-heading\"><i class=\"fa-solid fa-coins\"><\/i>  Bonificacions<\/h3>\n\n\n\n<p>Per a treballadors per compte d&#8217;altri, podem bonificar els diversos cursos que oferim. Som entitat organitzadora i ens encarreguem de tota la gesti\u00f3.<\/p>\n\n\n\n<h3 class=\"wp-block-heading\"><i class=\"fa-solid fa-chalkboard\"><\/i>  Instal\u00b7lacions<\/h3>\n\n\n\n<p>Tots els nostres centres disposen d&#8217;aules homologades per a la formaci\u00f3 oferida, i compten amb l&#8217;equipaci\u00f3 necess\u00e0ria perqu\u00e8 els nostres alumnes puguin rebre formaci\u00f3 de qualitat.<\/p>\n<\/div>\n<\/div>\n<\/div><\/div>\n<\/div><\/div>\n\n\n<footer>\n    <div class=\"content\">\n        <div id=\"foo_cont_1\">\n            <div class=\"foo_inn_cont\">\n                <div class=\"foo_ic0\" id=\"foo_ic1\">\n                    <div class=\"foo_group_titles\">\n                        <p class=\"foo_group_title\">Autoescola ROCA<\/p>\n                    <\/div>\n                    <div class=\"foo_groups\">\n                        <div class=\"foo_group\">\n                            <p class=\"foo_group_caption\"> <span class=\"foo_group_caption_ico\"><\/span>  Barcelona<\/p>\n                            <p><a href=\"https:\/\/maps.app.goo.gl\/VnJMpCotroVNZJ9B9\" target=\"_blank\" rel=\"noopener\">Passeig de Maragall, 258<\/a><\/p>\n                            <p>Email: info.h7@autoescolaroca.com <\/p>\n                            <p>Tel: 933 100 583<\/p>\n                        <\/div>\n                        <div class=\"foo_group\">\n                            <p class=\"foo_group_caption\"> <span class=\"foo_group_caption_ico\"><\/span>  Esplugues de Llobregat<\/p>\n                            <p>Avinguda de Cornell\u00e0, 63-65<\/p>\n                            <p>Email: info.h1@autoescolaroca.com <\/p>\n                            <p>Tel: 933 710 242<\/p>\n                        <\/div>\n                        <div class=\"foo_group\">\n                            <p class=\"foo_group_caption\"> <span class=\"foo_group_caption_ico\"><\/span>  Sant Feliu de Llobregat<\/p>\n                            <p>Carrer Carles Bu\u00efgas, 57-59<\/p>\n                            <p>Email: info.h3@autoescolaroca.com <\/p>\n                            <p>Tel: 936 855 535<\/p>\n                        <\/div>\n                    <\/div>\n                <\/div>\n                <div class=\"foo_ic0\">\n                    <div class=\"foo_group_title\">\n                        <p class=\"foo_group_title\">Formaci\u00f3<\/p>\n                    <\/div>\n                    <div class=\"foo_groups\">\n                        <ul>\n                            <li class=\"foo_group\"><span class=\"foo_group_ico\"><\/span>  <a href=\"https:\/\/autoescolaroca.com\/ca\/cursos-cap\/\" rel=\"nofollow\">Cursos CAP<\/a><\/li>\n                            <li class=\"foo_group\"><span class=\"foo_group_ico\"><\/span>  <a href=\"https:\/\/autoescolaroca.com\/ca\/cursos-adr\/\" rel=\"nofollow\">Cursos ADR<\/a><\/li>\n                            <li class=\"foo_group\"><span class=\"foo_group_ico\"><\/span>  <a href=\"https:\/\/autoescolaroca.com\/ca\/carnets-conduir\/\" rel=\"nofollow\">Carnets de Conduir<\/a><\/li>\n                            <li class=\"foo_group\"><span class=\"foo_group_ico\"><\/span>  <a href=\"https:\/\/autoescolaroca.com\/ca\/cursos-prl\/\" rel=\"nofollow\">Cursos PRL<\/a><\/li>\n                            <li class=\"foo_group\"><span class=\"foo_group_ico\"><\/span>  <a href=\"https:\/\/autoescolaroca.com\/ca\/curs-titol-transportista\/\" rel=\"nofollow\">T\u00edtol de Transportista<\/a><\/li>\n                            <li class=\"foo_group\"><span class=\"foo_group_ico\"><\/span>  <a href=\"https:\/\/autoescolaroca.com\/ca\/cursos-prl\/curs-carretoner\/\" rel=\"nofollow\">Carretons Elevadors<\/a><\/li>\n                            <li class=\"foo_group\"><span class=\"foo_group_ico\"><\/span>  <a href=\"https:\/\/autoescolaroca.com\/ca\/curs-dea-desfibrillador\/\" rel=\"nofollow\">DEA + SVB<\/a><\/li>\n                            <li class=\"foo_group\"><span class=\"foo_group_ico\"><\/span>  <a href=\"https:\/\/autoescolaroca.com\/ca\/dix-formacio\/\" rel=\"nofollow\">DIX Formaci\u00f3<\/a><\/li>\n                        <\/ul>\n                    <\/div>\n                <\/div>\n                <div class=\"foo_ic0\">\n                    <div class=\"foo_group_title\">\n                        <p class=\"foo_group_title\">M\u00e9s informaci\u00f3<\/p>\n                    <\/div>\n                    <div class=\"foo_groups\">\n                        <ul>\n                            <li class=\"foo_group\"><span class=\"foo_group_ico\"><\/span>  <a href=\"https:\/\/autoescolaroca.com\/ca\/formulari-contacte\/\" rel=\"nofollow\">Contacte<\/a><\/li>\n                            <li class=\"foo_group\"><span class=\"foo_group_ico\"><\/span>  <a href=\"https:\/\/autoescolaroca.com\/ca\/empreses\/\" rel=\"nofollow\">Empreses<\/a><\/li>\n                            <li class=\"foo_group\"><span class=\"foo_group_ico\"><\/span>  <a href=\"https:\/\/autoescolaroca.com\/ca\/alumnes\/\" rel=\"nofollow\">Alumnes<\/a><\/li>\n                            <li class=\"foo_group\"><span class=\"foo_group_ico\"><\/span>  <a href=\"https:\/\/autoescolaroca.com\/ca\/formulari-candidats\/\" rel=\"nofollow\">Treballa amb nosaltres<\/a> <\/li>\n                            <li class=\"foo_group\"><a href=\"https:\/\/autoescolaroca.com\/ca\/blog\/\" rel=\"nofollow\"><span class=\"foo_group_ico\"><\/span>  Blog<\/a><\/li>\n                        <\/ul>\n                    <\/div>\n                    <div class=\"foo_groups foo_groups_logo\">\n                        <a href=\"https:\/\/autoescolaroca.com\/ca\/\" rel=\"nofollow\"><span class=\"foo_group_logo_ico\"><\/span><\/a>\n                    <\/div>\n                <\/div>\n            <\/div>\n        <\/div>\n        <div id=\"foo_cont_2\">\n            <div class=\"foo_inn_cont\">\n                <div>\u00a9 Autoescola ROCA, SL<\/div><div class=\"foo_legals\"><span><a href=\"https:\/\/autoescolaroca.com\/ca\/avisos-legals\/\" rel=\"nofollow\">Av\u00eds Legal i Pol\u00edtica de Privadesa<\/a><\/span> | <span><a href=\"https:\/\/autoescolaroca.com\/ca\/politica-de-cookies\/\" rel=\"nofollow\">Pol\u00edtica de Cookies<\/a><\/span><\/div>\n            <\/div>\n        <\/div>\n    <\/div>\n<\/footer>","protected":false},"excerpt":{"rendered":"<p>Carnet CE Remolcs i Semiremolcs PREU: 940\u20acCarnet C+E (Tr\u00e0iler) a la nostra autoescola de Barcelona. Nous cursos 2026. Horari de Matins i Tardes. Pg. Maragall, 258. Barcelona. ALTRES CARNETS CONTACTA AMB NOSALTRES El carnet CE autoritza la conducci\u00f3 de semiremolcs: vehicles sense motor que van acoblats a un cap tractor ( tr\u00e0ilers ). Aquest carnet [&hellip;]<\/p>\n","protected":false},"author":1,"featured_media":0,"parent":4916,"menu_order":0,"comment_status":"closed","ping_status":"closed","template":"","meta":{"footnotes":""},"class_list":["post-4961","page","type-page","status-publish","hentry"],"_links":{"self":[{"href":"https:\/\/autoescolaroca.com\/ca\/wp-json\/wp\/v2\/pages\/4961","targetHints":{"allow":["GET"]}}],"collection":[{"href":"https:\/\/autoescolaroca.com\/ca\/wp-json\/wp\/v2\/pages"}],"about":[{"href":"https:\/\/autoescolaroca.com\/ca\/wp-json\/wp\/v2\/types\/page"}],"author":[{"embeddable":true,"href":"https:\/\/autoescolaroca.com\/ca\/wp-json\/wp\/v2\/users\/1"}],"replies":[{"embeddable":true,"href":"https:\/\/autoescolaroca.com\/ca\/wp-json\/wp\/v2\/comments?post=4961"}],"version-history":[{"count":0,"href":"https:\/\/autoescolaroca.com\/ca\/wp-json\/wp\/v2\/pages\/4961\/revisions"}],"up":[{"embeddable":true,"href":"https:\/\/autoescolaroca.com\/ca\/wp-json\/wp\/v2\/pages\/4916"}],"wp:attachment":[{"href":"https:\/\/autoescolaroca.com\/ca\/wp-json\/wp\/v2\/media?parent=4961"}],"curies":[{"name":"wp","href":"https:\/\/api.w.org\/{rel}","templated":true}]}}