{"id":4962,"date":"2024-09-13T17:06:52","date_gmt":"2024-09-13T15:06:52","guid":{"rendered":"https:\/\/autoescolaroca.com\/carnets-conduir\/carnets-de-moto\/"},"modified":"2024-12-17T16:57:11","modified_gmt":"2024-12-17T15:57:11","slug":"carnets-moto","status":"publish","type":"page","link":"https:\/\/autoescolaroca.com\/ca\/carnets-conduir\/carnets-moto\/","title":{"rendered":"Carnets de Moto"},"content":{"rendered":"\n<p class=\"has-text-align-center contact\">info@autoescolaroca.com \u00b7 <span>933 100 583<\/span> \u00b7 <span><a href=\"formulari-contacte\">Contacta amb nosaltres<\/a><\/span><\/p>\n\n\n\n<div class=\"wp-block-group page__intro\"><div class=\"wp-block-group__inner-container is-layout-constrained wp-block-group-is-layout-constrained\">\n<div class=\"wp-block-group page__intro_group\"><div class=\"wp-block-group__inner-container is-layout-constrained wp-block-group-is-layout-constrained\">\n<div class=\"wp-block-columns post__intro_groups_1 header-cols is-layout-flex wp-container-core-columns-is-layout-9d6595d7 wp-block-columns-is-layout-flex\">\n<div class=\"wp-block-column header-moto is-layout-flow wp-block-column-is-layout-flow\" style=\"flex-basis:50%\"><\/div>\n\n\n\n<div class=\"wp-block-column is-vertically-aligned-top header-col-2 is-layout-flow wp-block-column-is-layout-flow\" style=\"flex-basis:50%\">\n<h1 class=\"wp-block-heading post__intro_title\">Carnets de Moto<\/h1><p class=\"header-subtitle\">Classes: AM, A1, A2 i A<\/p>\n\n\n\n<p class=\"post__intro_extract post__intro_extract_2\"><span class=\"post__intro_extract_span_1\">Cursos te\u00f2rics + pr\u00e0ctics 2025<\/span><br> <span class=\"post__intro_extract_span_2\">A Autoescola ROCA som especialistes en l&#8217;obtenci\u00f3 del carnet de moto, amb professors experts en formaci\u00f3 vial.<\/span><br><i class=\"fa-regular fa-calendar\"><\/i> <span class=\"post__intro_extract_span_3\">Horari de Matins i Tardes.<br><\/span><i class=\"fa-solid fa-location-dot\"><\/i> <span class=\"post__intro_extract_span_3\">Esplugues de Llobregat i Sant Feliu de Llobregat.<\/span><\/p>\n\n\n\n<p><\/p><p class=\"page__xtra page__xtra-margin\"><a href=\"https:\/\/autoescolaroca.com\/ca\/carnets-conduir\/\" data-type=\"page\" data-id=\"2153\">ALTRES CARNETS<\/a><\/p><p class=\"page__xtra page__xtra-margin page__xtra-margin-b\"><a href=\"https:\/\/autoescolaroca.com\/ca\/formulari-contacte\/\" data-type=\"page\" data-id=\"436\">CONTACTA AMB NOSALTRES<\/a><\/p>\n<\/div>\n<\/div>\n<\/div><\/div>\n<\/div><\/div>\n\n\n\n<div class=\"wp-block-columns page__summary is-layout-flex wp-container-core-columns-is-layout-9d6595d7 wp-block-columns-is-layout-flex\">\n<div class=\"wp-block-column is-layout-flow wp-block-column-is-layout-flow\">\n<div class=\"wp-block-group group\"><div class=\"wp-block-group__inner-container is-layout-constrained wp-block-group-is-layout-constrained\">\n<p><i class=\"fa-solid fa-circle-info\"><\/i>  La nostra autoescola ofereix la formaci\u00f3 te\u00f2rica i pr\u00e0ctica per a l&#8217;obtenci\u00f3 dels 4 tipus de carnet de moto que habiliten per a la conducci\u00f3 de motocicletes i ciclomotors a poblat o carretera.<\/p>\n\n\n\n<p><i class=\"fa-solid fa-check\"><\/i>  Depenent de la limitaci\u00f3 de pot\u00e8ncia m\u00e0xima de la moto, de la seva cilindrada i de ledat de lalumne, aquest podr\u00e0 decantar-se per un perm\u00eds o un altre.<br><i class=\"fa-solid fa-check\"><\/i>  Els carnets de moto es renoven cada 10 anys (a partir dels 65 anys, la renovaci\u00f3 \u00e9s cada 5 anys).<\/p>\n\n\n\n<p>RECORDA. Els carnets de moto obtinguts amb marxes autom\u00e0tiques queden limitats a la conducci\u00f3 de motos amb marxes autom\u00e0tiques, mentre que els manuals no tenen cap limitaci\u00f3 en aquest aspecte.<\/p>\n\n\n\n<figure class=\"wp-block-image size-large img-corner\"><img decoding=\"async\" src=\"https:\/\/autoescolaroca.com\/wp-content\/themes\/roca\/images\/info.svg\" alt=\"\" class=\"wp-image-1040\"\/><\/figure>\n<\/div><\/div>\n<\/div>\n<\/div>\n\n\n\n<div class=\"wp-block-group page__body\"><div class=\"wp-block-group__inner-container is-layout-constrained wp-block-group-is-layout-constrained\">\n<h2 class=\"wp-block-heading h2-motos\">Carnets de moto que oferim<\/h2>\n\n\n\n<div class=\"wp-block-columns group__cols__ask group-am-a1 is-layout-flex wp-container-core-columns-is-layout-9d6595d7 wp-block-columns-is-layout-flex\">\n<div class=\"wp-block-column parag-motos is-layout-flow wp-block-column-is-layout-flow\" style=\"flex-basis:49%\">\n<figure class=\"wp-block-image size-large ico-moto-am\"><img decoding=\"async\" src=\"https:\/\/autoescolaroca.com\/wp-content\/themes\/roca\/images\/moto-am.svg\" alt=\"\" class=\"wp-image-1974\"\/><\/figure>\n\n\n\n<h3 class=\"wp-block-heading h3-moto\">CARNET AM<\/h3>(Marxa autom\u00e0tica)\n\n\n\n<p><strong>Cilindrada<\/strong> : fins a 50 cc.<\/p>\n\n\n\n<p><strong>Pot\u00e8ncia<\/strong> : fins a 4kW.<\/p>\n\n\n\n<p><strong>Requisits<\/strong> : 15 anys complerts.<\/p>\n\n\n\n<p><strong>Proves<\/strong> : 1 examen te\u00f2ric (espec\u00edfic de ciclomotor) + 1 examen pr\u00e0ctic (circuit tancat).<\/p>\n\n\n\n<p><strong>Restriccions<\/strong> : els vehicles que permeten la conducci\u00f3 amb el carnet AM no poden circular a m\u00e9s de 45 km\/h, ni tampoc poden sortir a autovies ni autopistes.<\/p>\n<\/div>\n\n\n\n<div class=\"wp-block-column parag-motos is-layout-flow wp-block-column-is-layout-flow\" style=\"flex-basis:49%\">\n<figure class=\"wp-block-image size-large ico-moto-am\"><img decoding=\"async\" src=\"https:\/\/autoescolaroca.com\/wp-content\/themes\/roca\/images\/moto-a1.svg\" alt=\"\" class=\"wp-image-1989\"\/><\/figure>\n\n\n\n<h3 class=\"wp-block-heading h3-moto\">CARNET A1  <\/h3>(Marxa aut. i manual)\n\n\n\n<p><strong>Cilindrada<\/strong> : fins a 125 cc.<\/p>\n\n\n\n<p><strong>Pot\u00e8ncia<\/strong> : fins a 11 kW.<\/p>\n\n\n\n<p><strong>Requisits<\/strong> : 16 anys complerts.<\/p>\n\n\n\n<p><strong>Proves<\/strong> : 2 ex\u00e0mens te\u00f2rics (com\u00fa + espec\u00edfic de motocicleta) i 2 ex\u00e0mens pr\u00e0ctics (circuit tancat + via p\u00fablica).<\/p>\n\n\n\n<p><strong>M\u00e9s informaci\u00f3<\/strong> : la seva obtenci\u00f3 implica la concessi\u00f3 de l&#8217;AM.<\/p>\n<\/div>\n<\/div>\n\n\n\n<div class=\"wp-block-columns group__cols__ask is-layout-flex wp-container-core-columns-is-layout-9d6595d7 wp-block-columns-is-layout-flex\">\n<div class=\"wp-block-column parag-motos is-layout-flow wp-block-column-is-layout-flow\" style=\"flex-basis:49%\">\n<figure class=\"wp-block-image size-large ico-moto-am\"><img decoding=\"async\" src=\"https:\/\/autoescolaroca.com\/wp-content\/themes\/roca\/images\/moto-a2.svg\" alt=\"\" class=\"wp-image-1990\"\/><\/figure>\n\n\n\n<h3 class=\"wp-block-heading h3-moto\">CARNET A2<\/h3>(Marxa manual)\n\n\n\n<p><strong>Cilindrada<\/strong> : qualsevol.<\/p>\n\n\n\n<p><strong>Pot\u00e8ncia<\/strong> : fins a 35 kW (i fins al doble d&#8217;aquesta pot\u00e8ncia, si la moto disposa de l&#8217;opci\u00f3 de limitar-se).<\/p>\n\n\n\n<p><strong>Requisits<\/strong> : 18 anys complerts.<\/p>\n\n\n\n<p><strong>Proves<\/strong> : 1 examen te\u00f2ric (com\u00fa si no es disposa de l&#8217;A1 o el B+ espec\u00edfic de motocicleta) i 2 ex\u00e0mens pr\u00e0ctics (circuit tancat + via p\u00fablica).<\/p>\n\n\n\n<p><strong>M\u00e9s informaci\u00f3<\/strong> : la seva obtenci\u00f3 implica la concessi\u00f3 del carnet A1 i AM.<\/p>\n<\/div>\n\n\n\n<div class=\"wp-block-column parag-motos is-layout-flow wp-block-column-is-layout-flow\" style=\"flex-basis:49%\">\n<figure class=\"wp-block-image size-large ico-moto-am\"><img decoding=\"async\" src=\"https:\/\/autoescolaroca.com\/wp-content\/themes\/roca\/images\/moto-a.svg\" alt=\"\" class=\"wp-image-1991\"\/><\/figure>\n\n\n\n<h3 class=\"wp-block-heading h3-moto\">CARNET A<\/h3>(Marxa manual)\n\n\n\n<p><strong>Cilindrada<\/strong> : qualsevol.<\/p>\n\n\n\n<p><strong>Pot\u00e8ncia<\/strong> : qualsevol.<\/p>\n\n\n\n<p><strong>Requisits<\/strong> : 20 anys complerts i disposar del carnet A2 (amb 2 anys d&#8217;experi\u00e8ncia).<\/p>\n\n\n\n<p><strong>Proves<\/strong> : sense examen.<\/p>\n\n\n\n<p><strong>M\u00e9s informaci\u00f3<\/strong> : malgrat no haver-hi examen, s\u00ed que \u00e9s obligatori realitzar un curs de formaci\u00f3 que consta d&#8217;una part te\u00f2rica (3 hores) i una altra part pr\u00e0ctica (4 hores de conducci\u00f3 en circuit tancat + 2 hores de conducci\u00f3 en via p\u00fablica).<\/p>\n<\/div>\n<\/div>\n<\/div><\/div>\n\n\n\n<div class=\"wp-block-group group__bck\"><div class=\"wp-block-group__inner-container is-layout-constrained wp-block-group-is-layout-constrained\">\n<div class=\"wp-block-group page__body footer\"><div class=\"wp-block-group__inner-container is-layout-constrained wp-block-group-is-layout-constrained\">\n<h2 class=\"wp-block-heading\">Avantatges i serveis<\/h2>\n\n\n\n<div class=\"wp-block-columns group__cols__bck is-layout-flex wp-container-core-columns-is-layout-9d6595d7 wp-block-columns-is-layout-flex\">\n<div class=\"wp-block-column is-layout-flow wp-block-column-is-layout-flow\">\n<h3 class=\"wp-block-heading\"><i class=\"fa-solid fa-building\"><\/i>  Diversos centres<\/h3>\n\n\n\n<p>Comptem amb 3 centres de formaci\u00f3 a la prov\u00edncia de Barcelona: Esplugues de Llobregat, Sant Feliu de Llobregat i a la mateixa ciutat de Barcelona.<\/p>\n\n\n\n<h3 class=\"wp-block-heading\"><i class=\"fa-solid fa-user-tie\"><\/i> Borsa de treball<\/h3>\n\n\n\n<p>Treballem amb empreses de transport en processos de selecci\u00f3 de personal i, els alumnes que ho desitgin, poden formar part de la nostra borsa de treball. Aix\u00ed posem en contacte oferta i demanda.<\/p>\n<\/div>\n\n\n\n<div class=\"wp-block-column is-layout-flow wp-block-column-is-layout-flow\">\n<h3 class=\"wp-block-heading\"><i class=\"fa-solid fa-coins\"><\/i>  Bonificacions<\/h3>\n\n\n\n<p>Per a treballadors per compte d&#8217;altri, podem bonificar els diversos cursos que oferim. Som entitat organitzadora i ens encarreguem de tota la gesti\u00f3.<\/p>\n\n\n\n<h3 class=\"wp-block-heading\"><i class=\"fa-solid fa-chalkboard\"><\/i>  Instal\u00b7lacions<\/h3>\n\n\n\n<p>Tots els nostres centres disposen d&#8217;aules homologades per a la formaci\u00f3 oferida, i compten amb l&#8217;equipaci\u00f3 necess\u00e0ria perqu\u00e8 els nostres alumnes puguin rebre formaci\u00f3 de qualitat.<\/p>\n<\/div>\n<\/div>\n<\/div><\/div>\n<\/div><\/div>\n\n\n<footer>\n    <div class=\"content\">\n        <div id=\"foo_cont_1\">\n            <div class=\"foo_inn_cont\">\n                <div class=\"foo_ic0\" id=\"foo_ic1\">\n                    <div class=\"foo_group_titles\">\n                        <p class=\"foo_group_title\">Autoescola ROCA<\/p>\n                    <\/div>\n                    <div class=\"foo_groups\">\n                        <div class=\"foo_group\">\n                            <p class=\"foo_group_caption\"> <span class=\"foo_group_caption_ico\"><\/span>  Barcelona<\/p>\n                            <p><a href=\"https:\/\/maps.app.goo.gl\/VnJMpCotroVNZJ9B9\" target=\"_blank\" rel=\"noopener\">Passeig de Maragall, 258<\/a><\/p>\n                            <p>Email: info.h7@autoescolaroca.com <\/p>\n                            <p>Tel: 933 100 583<\/p>\n                        <\/div>\n                        <div class=\"foo_group\">\n                            <p class=\"foo_group_caption\"> <span class=\"foo_group_caption_ico\"><\/span>  Esplugues de Llobregat<\/p>\n                            <p>Avinguda de Cornell\u00e0, 63-65<\/p>\n                            <p>Email: info.h1@autoescolaroca.com <\/p>\n                            <p>Tel: 933 710 242<\/p>\n                        <\/div>\n                        <div class=\"foo_group\">\n                            <p class=\"foo_group_caption\"> <span class=\"foo_group_caption_ico\"><\/span>  Sant Feliu de Llobregat<\/p>\n                            <p>Carrer Carles Bu\u00efgas, 57-59<\/p>\n                            <p>Email: info.h3@autoescolaroca.com <\/p>\n                            <p>Tel: 936 855 535<\/p>\n                        <\/div>\n                    <\/div>\n                <\/div>\n                <div class=\"foo_ic0\">\n                    <div class=\"foo_group_title\">\n                        <p class=\"foo_group_title\">Formaci\u00f3<\/p>\n                    <\/div>\n                    <div class=\"foo_groups\">\n                        <ul>\n                            <li class=\"foo_group\"><span class=\"foo_group_ico\"><\/span>  <a href=\"https:\/\/autoescolaroca.com\/ca\/cursos-cap\/\" rel=\"nofollow\">Cursos CAP<\/a><\/li>\n                            <li class=\"foo_group\"><span class=\"foo_group_ico\"><\/span>  <a href=\"https:\/\/autoescolaroca.com\/ca\/cursos-adr\/\" rel=\"nofollow\">Cursos ADR<\/a><\/li>\n                            <li class=\"foo_group\"><span class=\"foo_group_ico\"><\/span>  <a href=\"https:\/\/autoescolaroca.com\/ca\/carnets-conduir\/\" rel=\"nofollow\">Carnets de Conduir<\/a><\/li>\n                            <li class=\"foo_group\"><span class=\"foo_group_ico\"><\/span>  <a href=\"https:\/\/autoescolaroca.com\/ca\/cursos-prl\/\" rel=\"nofollow\">Cursos PRL<\/a><\/li>\n                            <li class=\"foo_group\"><span class=\"foo_group_ico\"><\/span>  <a href=\"https:\/\/autoescolaroca.com\/ca\/curs-titol-transportista\/\" rel=\"nofollow\">T\u00edtol de Transportista<\/a><\/li>\n                            <li class=\"foo_group\"><span class=\"foo_group_ico\"><\/span>  <a href=\"https:\/\/autoescolaroca.com\/ca\/cursos-prl\/curs-carretoner\/\" rel=\"nofollow\">Carretons Elevadors<\/a><\/li>\n                            <li class=\"foo_group\"><span class=\"foo_group_ico\"><\/span>  <a href=\"https:\/\/autoescolaroca.com\/ca\/curs-dea-desfibrillador\/\" rel=\"nofollow\">DEA + SVB<\/a><\/li>\n                            <li class=\"foo_group\"><span class=\"foo_group_ico\"><\/span>  <a href=\"https:\/\/autoescolaroca.com\/ca\/dix-formacio\/\" rel=\"nofollow\">DIX Formaci\u00f3<\/a><\/li>\n                        <\/ul>\n                    <\/div>\n                <\/div>\n                <div class=\"foo_ic0\">\n                    <div class=\"foo_group_title\">\n                        <p class=\"foo_group_title\">M\u00e9s informaci\u00f3<\/p>\n                    <\/div>\n                    <div class=\"foo_groups\">\n                        <ul>\n                            <li class=\"foo_group\"><span class=\"foo_group_ico\"><\/span>  <a href=\"https:\/\/autoescolaroca.com\/ca\/formulari-contacte\/\" rel=\"nofollow\">Contacte<\/a><\/li>\n                            <li class=\"foo_group\"><span class=\"foo_group_ico\"><\/span>  <a href=\"https:\/\/autoescolaroca.com\/ca\/empreses\/\" rel=\"nofollow\">Empreses<\/a><\/li>\n                            <li class=\"foo_group\"><span class=\"foo_group_ico\"><\/span>  <a href=\"https:\/\/autoescolaroca.com\/ca\/alumnes\/\" rel=\"nofollow\">Alumnes<\/a><\/li>\n                            <li class=\"foo_group\"><span class=\"foo_group_ico\"><\/span>  <a href=\"https:\/\/autoescolaroca.com\/ca\/formulari-candidats\/\" rel=\"nofollow\">Treballa amb nosaltres<\/a> <\/li>\n                            <li class=\"foo_group\"><a href=\"https:\/\/autoescolaroca.com\/ca\/blog\/\" rel=\"nofollow\"><span class=\"foo_group_ico\"><\/span>  Blog<\/a><\/li>\n                        <\/ul>\n                    <\/div>\n                    <div class=\"foo_groups foo_groups_logo\">\n                        <a href=\"https:\/\/autoescolaroca.com\/ca\/\" rel=\"nofollow\"><span class=\"foo_group_logo_ico\"><\/span><\/a>\n                    <\/div>\n                <\/div>\n            <\/div>\n        <\/div>\n        <div id=\"foo_cont_2\">\n            <div class=\"foo_inn_cont\">\n                <div>\u00a9 Autoescola ROCA, SL<\/div><div class=\"foo_legals\"><span><a href=\"https:\/\/autoescolaroca.com\/ca\/avisos-legals\/\" rel=\"nofollow\">Av\u00eds Legal i Pol\u00edtica de Privadesa<\/a><\/span> | <span><a href=\"https:\/\/autoescolaroca.com\/ca\/politica-de-cookies\/\" rel=\"nofollow\">Pol\u00edtica de Cookies<\/a><\/span><\/div>\n            <\/div>\n        <\/div>\n    <\/div>\n<\/footer>","protected":false},"excerpt":{"rendered":"<p>Carnets de Moto Classes: AM, A1, A2 i A Cursos te\u00f2rics + pr\u00e0ctics 2025 A Autoescola ROCA som especialistes en l&#8217;obtenci\u00f3 del carnet de moto, amb professors experts en formaci\u00f3 vial. Horari de Matins i Tardes. Esplugues de Llobregat i Sant Feliu de Llobregat. ALTRES CARNETS CONTACTA AMB NOSALTRES La nostra autoescola ofereix la formaci\u00f3 [&hellip;]<\/p>\n","protected":false},"author":1,"featured_media":0,"parent":4916,"menu_order":0,"comment_status":"closed","ping_status":"closed","template":"","meta":{"footnotes":""},"class_list":["post-4962","page","type-page","status-publish","hentry"],"_links":{"self":[{"href":"https:\/\/autoescolaroca.com\/ca\/wp-json\/wp\/v2\/pages\/4962","targetHints":{"allow":["GET"]}}],"collection":[{"href":"https:\/\/autoescolaroca.com\/ca\/wp-json\/wp\/v2\/pages"}],"about":[{"href":"https:\/\/autoescolaroca.com\/ca\/wp-json\/wp\/v2\/types\/page"}],"author":[{"embeddable":true,"href":"https:\/\/autoescolaroca.com\/ca\/wp-json\/wp\/v2\/users\/1"}],"replies":[{"embeddable":true,"href":"https:\/\/autoescolaroca.com\/ca\/wp-json\/wp\/v2\/comments?post=4962"}],"version-history":[{"count":0,"href":"https:\/\/autoescolaroca.com\/ca\/wp-json\/wp\/v2\/pages\/4962\/revisions"}],"up":[{"embeddable":true,"href":"https:\/\/autoescolaroca.com\/ca\/wp-json\/wp\/v2\/pages\/4916"}],"wp:attachment":[{"href":"https:\/\/autoescolaroca.com\/ca\/wp-json\/wp\/v2\/media?parent=4962"}],"curies":[{"name":"wp","href":"https:\/\/api.w.org\/{rel}","templated":true}]}}