{"id":4967,"date":"2024-09-16T11:05:34","date_gmt":"2024-09-16T09:05:34","guid":{"rendered":"https:\/\/autoescolaroca.com\/carnets-conduir\/carnet-de-cotxe\/"},"modified":"2025-03-10T18:20:24","modified_gmt":"2025-03-10T17:20:24","slug":"carnet-b-cotxe","status":"publish","type":"page","link":"https:\/\/autoescolaroca.com\/ca\/carnets-conduir\/carnet-b-cotxe\/","title":{"rendered":"Carnet de cotxe"},"content":{"rendered":"\n<div class=\"wp-block-group page__intro\"><div class=\"wp-block-group__inner-container is-layout-constrained wp-block-group-is-layout-constrained\">\n<div class=\"wp-block-group page__intro_group\"><div class=\"wp-block-group__inner-container is-layout-constrained wp-block-group-is-layout-constrained\">\n<div class=\"wp-block-columns post__intro_groups_1 header-cols is-layout-flex wp-container-core-columns-is-layout-9d6595d7 wp-block-columns-is-layout-flex\">\n<div class=\"wp-block-column header-coche is-layout-flow wp-block-column-is-layout-flow\" style=\"flex-basis:50%\"><\/div>\n\n\n\n<div class=\"wp-block-column is-vertically-aligned-top header-col-2 is-layout-flow wp-block-column-is-layout-flow\" style=\"flex-basis:50%\">\n<h1 class=\"wp-block-heading post__intro_title\">Carnet de cotxe<\/h1>\n\n\n\n<p class=\"post__intro_extract\"><span class=\"post__intro_extract_span_1\" style=\"margin-top:-5px; padding:0;\">Nous cursos 2025<\/span><\/p>\n\n\n\n<p class=\"post__intro_extract\"><i class=\"fa-solid fa-check\" style=\"color:#444\"><\/i>  Te\u00f2rica presencial.<br><span class=\"post__intro_extract_span_2\"><i class=\"fa-solid fa-check\" style=\"color:#444\"><\/i>  Pr\u00e0ctiques als voltants de l&#8217;autoescola i, tamb\u00e9, a la zona d&#8217;examen, amb recollida de l&#8217;alumne a la porta del centre.  <\/span><br><span class=\"post__intro_extract_span_3\"><i class=\"fa-solid fa-location-dot\"><\/i>  Trieu entre els nostres 3 centres: Barcelona, \u200b\u200bEsplugues de Llobregat i Sant Feliu de Llobregat.<\/span><\/p>\n\n\n\n<p class=\"page__xtra page__xtra-margin\"><a href=\"https:\/\/autoescolaroca.com\/ca\/carnets-conduir\/\" data-type=\"page\" data-id=\"2153\">ALTRES CARNETS<\/a><\/p><p class=\"page__xtra page__xtra-margin page__xtra-margin-b\"><a href=\"https:\/\/autoescolaroca.com\/ca\/formulari-contacte\/\" data-type=\"page\" data-id=\"436\">CONTACTA AMB NOSALTRES<\/a><\/p>\n<\/div>\n<\/div>\n<\/div><\/div>\n<\/div><\/div>\n\n\n\n<div class=\"wp-block-columns page__summary is-layout-flex wp-container-core-columns-is-layout-9d6595d7 wp-block-columns-is-layout-flex\">\n<div class=\"wp-block-column is-layout-flow wp-block-column-is-layout-flow\">\n<div class=\"wp-block-group group\"><div class=\"wp-block-group__inner-container is-layout-constrained wp-block-group-is-layout-constrained\">\n<p><i class=\"fa-solid fa-circle-info\"><\/i>  A Autoescola ROCA oferim l&#8217;obtenci\u00f3 del <b>perm\u00eds de conducci\u00f3 B<\/b> (cotxe), que us permetr\u00e0 conduir un vehicle de fins a 3500 kg. de MMA (massa m\u00e0xima autoritzada), i arrossegar un remolc de fins a 750 kg de MMA. Des del 1966 formant conductors i conductores, la nostra \u00e0mplia experi\u00e8ncia \u00e9s una garantia de qualitat i servei. <\/p>\n\n\n\n<p>\n<h2 style=\"margin: 0.5rem 0 0.75rem;\">Tipus de permisos de cotxe <\/h2><br\/><i class=\"fa-solid fa-check\"><\/i> Manual o autom\u00e0tic.<br\/><i class=\"fa-solid fa-check\"><\/i> <a href=\"https:\/\/autoescolaroca.com\/carnets\/carnet-conducir-discapacidad\/\">PMR<\/a> : per a persones de mobilitat redu\u00efda, amb adaptacions.<br\/><i class=\"fa-solid fa-check\"><\/i> <a href=\"\">B96 i B+E<\/a> : per arrossegar remolcs pesants.  <\/p>\n\n\n\n<p>\n<h2 style=\"margin: 0.5rem 0 0.75rem;\">Qu\u00e8 t&#8217;oferim<\/h2><br>\n<i class=\"fa-solid fa-check\"><\/i>  Te\u00f2rica presencial (podr\u00e0s consultar els horaris m\u00e9s avall).<br\/>\n<i class=\"fa-solid fa-check\"><\/i>  Llibre i test en paper.<br\/>\n<i class=\"fa-solid fa-check\"><\/i>  Portal de l&#8217;alumne (multidispositiu) on podreu tenir multitud de v\u00eddeos d&#8217;aprenentatge, el llibre en format digital, centenars de tests que us permetran practicar, consultes amb el professor i visualitzar el progr\u00e9s del vostre aprenentatge te\u00f2ric i pr\u00e0ctic.<br\/>\n<i class=\"fa-solid fa-check\"><\/i>  Packs \u201ctot incl\u00f2s\u201d i bons de pr\u00e0ctiques.\n<\/p>\n\n\n\n<p><h2 style=\"margin: 0.5rem 0 0.75rem;\">Horaris te\u00f2riques presencials (de dilluns a dijous)<\/h2><\/p>\n\n\n\n<figure class=\"wp-block-table aligncenter\"><table><tbody><tr><td>Esplugues de Llobregat:<\/td><td>De 16:00 a 17:00h o de 20:00 a 21:00h.<\/td><\/tr><tr><td>Sant Feliu de Llobregat:<\/td><td>De 19:30 a 20:30h.<\/td><\/tr><tr><td>Barcelona:<\/td><td>De 15:30 a 16:30h.<\/td><\/tr><\/tbody><\/table><\/figure>\n\n\n\n<h2 style=\"margin: 0.5rem 0 0.75rem;\">Permisos B96 i B+E<\/h2>\n<p style=\"margin-top: 0;\">Un cop aconsegueixis l&#8217;apte per al perm\u00eds B, i sempre que ho necessitis, podr\u00e0s obtenir els permisos B96 i B+E. Amb aquests nous permisos podr\u00e0s portar un remolc que arrossega m\u00e9s de 750Kg de MMA. <\/p>\n<p>Consulta la taula seg\u00fcent, per saber exactament quin perm\u00eds necessites:<\/p>\n\n\n\n<figure class=\"wp-block-table aligncenter\"><table><thead><tr><th>Turisme<\/th><th>Remolc<\/th><th>MMA conjunt<\/th><th>Perm\u00eds necessari<\/th><\/tr><\/thead><tbody><tr><td>Fins a 3500 kg. MMA <\/td><td>Fins a 750 kg. MMA <\/td><td>M\u00e0x. 4.250 kg. MMA <\/td><td>B<\/td><\/tr><tr><td>Fins a 3500 kg. MMA <\/td><td>M\u00e9s de 750 kg MMA<\/td><td>M\u00e0x. 3500 kg. <\/td><td>B<\/td><\/tr><tr><td>Fins a 3500 kg. MMA <\/td><td>M\u00e9s de 750 kg MMA<\/td><td>Superior a 3500, per\u00f2 fins a 4250 kg. MMA <\/td><td>B96<\/td><\/tr><tr><td>Fins a 3500 kg. MMA <\/td><td>M\u00e9s de 750 kg MMA<\/td><td>M\u00e9s de 4.250 kg de MMA<\/td><td>B+E<\/td><\/tr><\/tbody><\/table><\/figure>\n<\/div><\/div>\n<\/div>\n<\/div>\n\n\n\n<div class=\"wp-block-group group__bck\"><div class=\"wp-block-group__inner-container is-layout-constrained wp-block-group-is-layout-constrained\">\n<div class=\"wp-block-group page__body footer\"><div class=\"wp-block-group__inner-container is-layout-constrained wp-block-group-is-layout-constrained\">\n<h2 class=\"wp-block-heading\">Avantatges i serveis<\/h2>\n\n\n\n<div class=\"wp-block-columns group__cols__bck is-layout-flex wp-container-core-columns-is-layout-9d6595d7 wp-block-columns-is-layout-flex\">\n<div class=\"wp-block-column is-layout-flow wp-block-column-is-layout-flow\">\n<h3 class=\"wp-block-heading\"><i class=\"fa-solid fa-building\"><\/i>  Diversos centres<\/h3>\n\n\n\n<p>Comptem amb 3 centres de formaci\u00f3 a la prov\u00edncia de Barcelona: Esplugues de Llobregat, Sant Feliu de Llobregat i a la mateixa ciutat de Barcelona.<\/p>\n\n\n\n<h3 class=\"wp-block-heading\"><i class=\"fa-solid fa-user-tie\"><\/i> Borsa de treball<\/h3>\n\n\n\n<p>Treballem amb empreses de transport en processos de selecci\u00f3 de personal i, els alumnes que ho desitgin, poden formar part de la nostra borsa de treball. Aix\u00ed posem en contacte oferta i demanda.<\/p>\n<\/div>\n\n\n\n<div class=\"wp-block-column is-layout-flow wp-block-column-is-layout-flow\">\n<h3 class=\"wp-block-heading\"><i class=\"fa-solid fa-coins\"><\/i>  Bonificacions<\/h3>\n\n\n\n<p>Per a treballadors per compte d&#8217;altri, podem bonificar els diversos cursos que oferim. Som entitat organitzadora i ens encarreguem de tota la gesti\u00f3.<\/p>\n\n\n\n<h3 class=\"wp-block-heading\"><i class=\"fa-solid fa-chalkboard\"><\/i>  Instal\u00b7lacions<\/h3>\n\n\n\n<p>Tots els nostres centres disposen d&#8217;aules homologades per a la formaci\u00f3 oferida, i compten amb l&#8217;equipaci\u00f3 necess\u00e0ria perqu\u00e8 els nostres alumnes puguin rebre formaci\u00f3 de qualitat.<\/p>\n<\/div>\n<\/div>\n<\/div><\/div>\n<\/div><\/div>\n\n\n<footer>\n    <div class=\"content\">\n        <div id=\"foo_cont_1\">\n            <div class=\"foo_inn_cont\">\n                <div class=\"foo_ic0\" id=\"foo_ic1\">\n                    <div class=\"foo_group_titles\">\n                        <p class=\"foo_group_title\">Autoescola ROCA<\/p>\n                    <\/div>\n                    <div class=\"foo_groups\">\n                        <div class=\"foo_group\">\n                            <p class=\"foo_group_caption\"> <span class=\"foo_group_caption_ico\"><\/span>  Barcelona<\/p>\n                            <p><a href=\"https:\/\/maps.app.goo.gl\/VnJMpCotroVNZJ9B9\" target=\"_blank\" rel=\"noopener\">Passeig de Maragall, 258<\/a><\/p>\n                            <p>Email: info.h7@autoescolaroca.com <\/p>\n                            <p>Tel: 933 100 583<\/p>\n                        <\/div>\n                        <div class=\"foo_group\">\n                            <p class=\"foo_group_caption\"> <span class=\"foo_group_caption_ico\"><\/span>  Esplugues de Llobregat<\/p>\n                            <p>Avinguda de Cornell\u00e0, 63-65<\/p>\n                            <p>Email: info.h1@autoescolaroca.com <\/p>\n                            <p>Tel: 933 710 242<\/p>\n                        <\/div>\n                        <div class=\"foo_group\">\n                            <p class=\"foo_group_caption\"> <span class=\"foo_group_caption_ico\"><\/span>  Sant Feliu de Llobregat<\/p>\n                            <p>Carrer Carles Bu\u00efgas, 57-59<\/p>\n                            <p>Email: info.h3@autoescolaroca.com <\/p>\n                            <p>Tel: 936 855 535<\/p>\n                        <\/div>\n                    <\/div>\n                <\/div>\n                <div class=\"foo_ic0\">\n                    <div class=\"foo_group_title\">\n                        <p class=\"foo_group_title\">Formaci\u00f3<\/p>\n                    <\/div>\n                    <div class=\"foo_groups\">\n                        <ul>\n                            <li class=\"foo_group\"><span class=\"foo_group_ico\"><\/span>  <a href=\"https:\/\/autoescolaroca.com\/ca\/cursos-cap\/\" rel=\"nofollow\">Cursos CAP<\/a><\/li>\n                            <li class=\"foo_group\"><span class=\"foo_group_ico\"><\/span>  <a href=\"https:\/\/autoescolaroca.com\/ca\/cursos-adr\/\" rel=\"nofollow\">Cursos ADR<\/a><\/li>\n                            <li class=\"foo_group\"><span class=\"foo_group_ico\"><\/span>  <a href=\"https:\/\/autoescolaroca.com\/ca\/carnets-conduir\/\" rel=\"nofollow\">Carnets de Conduir<\/a><\/li>\n                            <li class=\"foo_group\"><span class=\"foo_group_ico\"><\/span>  <a href=\"https:\/\/autoescolaroca.com\/ca\/cursos-prl\/\" rel=\"nofollow\">Cursos PRL<\/a><\/li>\n                            <li class=\"foo_group\"><span class=\"foo_group_ico\"><\/span>  <a href=\"https:\/\/autoescolaroca.com\/ca\/curs-titol-transportista\/\" rel=\"nofollow\">T\u00edtol de Transportista<\/a><\/li>\n                            <li class=\"foo_group\"><span class=\"foo_group_ico\"><\/span>  <a href=\"https:\/\/autoescolaroca.com\/ca\/cursos-prl\/curs-carretoner\/\" rel=\"nofollow\">Carretons Elevadors<\/a><\/li>\n                            <li class=\"foo_group\"><span class=\"foo_group_ico\"><\/span>  <a href=\"https:\/\/autoescolaroca.com\/ca\/curs-dea-desfibrillador\/\" rel=\"nofollow\">DEA + SVB<\/a><\/li>\n                            <li class=\"foo_group\"><span class=\"foo_group_ico\"><\/span>  <a href=\"https:\/\/autoescolaroca.com\/ca\/dix-formacio\/\" rel=\"nofollow\">DIX Formaci\u00f3<\/a><\/li>\n                        <\/ul>\n                    <\/div>\n                <\/div>\n                <div class=\"foo_ic0\">\n                    <div class=\"foo_group_title\">\n                        <p class=\"foo_group_title\">M\u00e9s informaci\u00f3<\/p>\n                    <\/div>\n                    <div class=\"foo_groups\">\n                        <ul>\n                            <li class=\"foo_group\"><span class=\"foo_group_ico\"><\/span>  <a href=\"https:\/\/autoescolaroca.com\/ca\/formulari-contacte\/\" rel=\"nofollow\">Contacte<\/a><\/li>\n                            <li class=\"foo_group\"><span class=\"foo_group_ico\"><\/span>  <a href=\"https:\/\/autoescolaroca.com\/ca\/empreses\/\" rel=\"nofollow\">Empreses<\/a><\/li>\n                            <li class=\"foo_group\"><span class=\"foo_group_ico\"><\/span>  <a href=\"https:\/\/autoescolaroca.com\/ca\/alumnes\/\" rel=\"nofollow\">Alumnes<\/a><\/li>\n                            <li class=\"foo_group\"><span class=\"foo_group_ico\"><\/span>  <a href=\"https:\/\/autoescolaroca.com\/ca\/formulari-candidats\/\" rel=\"nofollow\">Treballa amb nosaltres<\/a> <\/li>\n                            <li class=\"foo_group\"><a href=\"https:\/\/autoescolaroca.com\/ca\/blog\/\" rel=\"nofollow\"><span class=\"foo_group_ico\"><\/span>  Blog<\/a><\/li>\n                        <\/ul>\n                    <\/div>\n                    <div class=\"foo_groups foo_groups_logo\">\n                        <a href=\"https:\/\/autoescolaroca.com\/ca\/\" rel=\"nofollow\"><span class=\"foo_group_logo_ico\"><\/span><\/a>\n                    <\/div>\n                <\/div>\n            <\/div>\n        <\/div>\n        <div id=\"foo_cont_2\">\n            <div class=\"foo_inn_cont\">\n                <div>\u00a9 Autoescola ROCA, SL<\/div><div class=\"foo_legals\"><span><a href=\"https:\/\/autoescolaroca.com\/ca\/avisos-legals\/\" rel=\"nofollow\">Av\u00eds Legal i Pol\u00edtica de Privadesa<\/a><\/span> | <span><a href=\"https:\/\/autoescolaroca.com\/ca\/politica-de-cookies\/\" rel=\"nofollow\">Pol\u00edtica de Cookies<\/a><\/span><\/div>\n            <\/div>\n        <\/div>\n    <\/div>\n<\/footer>","protected":false},"excerpt":{"rendered":"<p>Carnet de cotxe Nous cursos 2025 Te\u00f2rica presencial. Pr\u00e0ctiques als voltants de l&#8217;autoescola i, tamb\u00e9, a la zona d&#8217;examen, amb recollida de l&#8217;alumne a la porta del centre. Trieu entre els nostres 3 centres: Barcelona, \u200b\u200bEsplugues de Llobregat i Sant Feliu de Llobregat. ALTRES CARNETS CONTACTA AMB NOSALTRES A Autoescola ROCA oferim l&#8217;obtenci\u00f3 del perm\u00eds [&hellip;]<\/p>\n","protected":false},"author":1,"featured_media":0,"parent":4916,"menu_order":0,"comment_status":"closed","ping_status":"closed","template":"","meta":{"footnotes":""},"class_list":["post-4967","page","type-page","status-publish","hentry"],"_links":{"self":[{"href":"https:\/\/autoescolaroca.com\/ca\/wp-json\/wp\/v2\/pages\/4967","targetHints":{"allow":["GET"]}}],"collection":[{"href":"https:\/\/autoescolaroca.com\/ca\/wp-json\/wp\/v2\/pages"}],"about":[{"href":"https:\/\/autoescolaroca.com\/ca\/wp-json\/wp\/v2\/types\/page"}],"author":[{"embeddable":true,"href":"https:\/\/autoescolaroca.com\/ca\/wp-json\/wp\/v2\/users\/1"}],"replies":[{"embeddable":true,"href":"https:\/\/autoescolaroca.com\/ca\/wp-json\/wp\/v2\/comments?post=4967"}],"version-history":[{"count":0,"href":"https:\/\/autoescolaroca.com\/ca\/wp-json\/wp\/v2\/pages\/4967\/revisions"}],"up":[{"embeddable":true,"href":"https:\/\/autoescolaroca.com\/ca\/wp-json\/wp\/v2\/pages\/4916"}],"wp:attachment":[{"href":"https:\/\/autoescolaroca.com\/ca\/wp-json\/wp\/v2\/media?parent=4967"}],"curies":[{"name":"wp","href":"https:\/\/api.w.org\/{rel}","templated":true}]}}