{"id":4976,"date":"2024-09-17T15:58:35","date_gmt":"2024-09-17T13:58:35","guid":{"rendered":"https:\/\/autoescolaroca.com\/carnets-conduir\/carnet-dautobus\/"},"modified":"2026-01-11T19:02:48","modified_gmt":"2026-01-11T18:02:48","slug":"carnet-d-autobus","status":"publish","type":"page","link":"https:\/\/autoescolaroca.com\/ca\/carnets-conduir\/carnet-d-autobus\/","title":{"rendered":"Carnet d&#8217;autob\u00fas"},"content":{"rendered":"\n<div class=\"wp-block-group page__intro\"><div class=\"wp-block-group__inner-container is-layout-constrained wp-block-group-is-layout-constrained\">\n<div class=\"wp-block-group page__intro_group\"><div class=\"wp-block-group__inner-container is-layout-constrained wp-block-group-is-layout-constrained\">\n<div class=\"wp-block-columns post__intro_groups_1 header-cols is-layout-flex wp-container-core-columns-is-layout-9d6595d7 wp-block-columns-is-layout-flex\">\n<div class=\"wp-block-column header-carnet-autobus is-layout-flow wp-block-column-is-layout-flow\" style=\"flex-basis:50%\"><\/div>\n\n\n\n<div class=\"wp-block-column is-vertically-aligned-top header-col-2 is-layout-flow wp-block-column-is-layout-flow\" style=\"flex-basis:50%\">\n<h1 class=\"wp-block-heading post__intro_title\">Carnet D+CAP<\/h1>\n\n\n\n<p class=\"post__intro_extract\"><span class=\"post__intro_extract_span_1\">PREU: des de 899\u20ac<\/span><br><span class=\"post__intro_extract_span_2\">Carnet D (Autob\u00fas) i cursos CAP de Viatgers a la nostra autoescola de Barcelona<\/span> . Reserva ja pla\u00e7a pels nostres propers cursos 2026. <br><span class=\"post__intro_extract_span_3\"><i class=\"fa-regular fa-calendar\"><\/i> Horari de Matins i Tardes.<br><i class=\"fa-solid fa-location-dot\"><\/i> Pg. Maragall, 258. Barcelona.<\/span><\/p>\n\n\n\n<p class=\"page__xtra page__xtra-margin\"><a href=\"https:\/\/autoescolaroca.com\/ca\/carnets-conduir\/\" data-type=\"page\" data-id=\"2153\">ALTRES CARNETS<\/a><\/p><p class=\"page__xtra page__xtra-margin page__xtra-margin-b\"><a href=\"https:\/\/autoescolaroca.com\/ca\/formulari-contacte\/\" data-type=\"page\" data-id=\"436\">CONTACTA AMB NOSALTRES<\/a><\/p>\n<\/div>\n<\/div>\n<\/div><\/div>\n<\/div><\/div>\n\n\n\n<div class=\"wp-block-columns page__summary is-layout-flex wp-container-core-columns-is-layout-9d6595d7 wp-block-columns-is-layout-flex\">\n<div class=\"wp-block-column is-layout-flow wp-block-column-is-layout-flow\">\n<div class=\"wp-block-group group\"><div class=\"wp-block-group__inner-container is-layout-constrained wp-block-group-is-layout-constrained\">\n<p><i class=\"fa-solid fa-circle-info\"><\/i> El <strong>carnet D<\/strong> \u00e9s el perm\u00eds de conduir professional que permet transportar passatgers per carretera, sense l\u00edmit de places ni pes. A m\u00e9s, per poder conduir un autob\u00fas o un autocar, \u00e9s obligatori disposar del carnet CAP, que s&#8217;obt\u00e9 fent el <a href=\"https:\/\/autoescolaroca.com\/ca\/cursos-cap\/curs-cap-inicial-viatgers\/\" data-type=\"page\" data-id=\"1506\">curs CAP Inicial Viatgers<\/a>. <\/p>\n\n\n\n<p><i class=\"fa-solid fa-check\"><\/i> El carnet D i el CAP es poden obtenir, o b\u00e9 fent primer el carnet i despr\u00e9s el CAP, o b\u00e9 primer el CAP i despr\u00e9s el carnet. Tant se val l&#8217;ordre. <br><i class=\"fa-solid fa-check\"><\/i> Les pr\u00e0ctiques es fan amb autobusos amb marxes autom\u00e0tiques.<\/p>\n\n\n\n<p><strong>Ja no cal esperar als 24 anys per obtenir el carnet D.<\/strong> Amb l&#8217;entrada en vigor de la nova modificaci\u00f3 del Reglament General de Conductors, ara \u00e9s possible obtenir-lo a partir dels 18 anys amb el CAP Inicial Viatgers (modalitat ordin\u00e0ria). <\/p>\n<\/div><\/div>\n<\/div>\n<\/div>\n\n\n\n<div class=\"wp-block-group page__body\"><div class=\"wp-block-group__inner-container is-layout-constrained wp-block-group-is-layout-constrained\">\n<div class=\"wp-block-columns group__cols__ask group-am-a1 is-layout-flex wp-container-core-columns-is-layout-9d6595d7 wp-block-columns-is-layout-flex\">\n<div class=\"wp-block-column parag-motos block-price is-layout-flow wp-block-column-is-layout-flow\" style=\"flex-basis:49%\">\n<h2 class=\"wp-block-heading h3-moto\">Carnet D<\/h2>\n\n\n\n<p class=\"price-amount\"><span>Preu: 899\u20ac<\/span> <small>(+94.05\u20ac taxa DGT).<\/small><\/p>\n\n\n\n<p><strong>Pots finan\u00e7ar el teu curs en 3, 6 o 12 mesos.<\/strong><\/p>\n\n\n\n<p>El preu inclou: matr\u00edcula, <strong>te\u00f2rica en l\u00ednia<\/strong> , 1er expedient, <strong>8 pr\u00e0ctiques<\/strong> (2 de maniobres i 6 de circulaci\u00f3), 1 examen te\u00f2ric, 1 examen de maniobres, 1 examen de circulaci\u00f3 i 1 c\u00e0non pistes.<\/p>\n<\/div>\n\n\n\n<div class=\"wp-block-column parag-motos block-price is-layout-flow wp-block-column-is-layout-flow\" style=\"flex-basis:49%\">\n<h2 class=\"wp-block-heading h3-moto\">Carnet D+CAP<\/h2>\n\n\n\n<p class=\"price-amount\"><span>Preu: 1595\u20ac<\/span> <small>(+94.05\u20ac taxa DGT + 34.45\u20ac taxa CAP)<\/small><\/p>\n\n\n\n<p><strong>Pots finan\u00e7ar el teu curs en 3, 6 o 12 mesos.<\/strong><\/p>\n\n\n\n<p>El preu inclou: el carnet D amb <strong>4 pr\u00e0ctiques<\/strong> i tot el CAP: te\u00f2rica, llibres, acc\u00e9s a tests i <strong>10 pr\u00e0ctiques<\/strong> de circulaci\u00f3.<\/p>\n\n\n\n<p><span class=\"page__xtra\"><a href=\"https:\/\/autoescolaroca.com\/ca\/cursos-cap\/curs-cap-inicial-viatgers\/\" data-type=\"page\" data-id=\"1506\">Cursos CAP Viatgers<\/a><\/span><\/p>\n<\/div>\n<\/div>\n<\/div><\/div>\n\n\n\n<div class=\"wp-block-group page__body\"><div class=\"wp-block-group__inner-container is-layout-constrained wp-block-group-is-layout-constrained\">\n<h2 class=\"wp-block-heading\">Pr\u00e0ctiques Autob\u00fas<\/h2>\n\n\n\n<div class=\"wp-block-columns group__cols__ask is-layout-flex wp-container-core-columns-is-layout-9d6595d7 wp-block-columns-is-layout-flex\">\n<div class=\"wp-block-column is-layout-flow wp-block-column-is-layout-flow\" style=\"flex-basis:47%\">\n<h3 class=\"wp-block-heading\">Ex\u00e0mens Pr\u00e0ctics<\/h3>\n\n\n\n<p>Un cop aprovat l&#8217;examen te\u00f2ric, cal superar els 2 ex\u00e0mens pr\u00e0ctics: maniobres i circulaci\u00f3.<\/p>\n\n\n\n<p><i class=\"fa-solid fa-check\" aria-hidden=\"true\"><\/i> <strong>Examen de maniobres<\/strong> . Per superar aquesta prova, l&#8217;alumne haur\u00e0 de ser capa\u00e7 de fer 2 exercicis amb l&#8217;autob\u00fas en un circuit tancat: maniobra d&#8217;aturada i maniobra de marxa enrere al revolt.<\/p>\n\n\n\n<p><i class=\"fa-solid fa-check\" aria-hidden=\"true\"><\/i> <strong>Examen de circulaci\u00f3<\/strong> . Despr\u00e9s d&#8217;haver superat els 2 exercicis de maniobres, l&#8217;alumne haur\u00e0 de demostrar la seva capacitat de conduir l&#8217;autob\u00fas en vies urbanes i carretera. <\/p>\n\n\n\n<p>La preparaci\u00f3 per a totes les proves pr\u00e0ctiques es far\u00e0 amb el nostre autob\u00fas amb marxes autom\u00e0tiques, per facilitar l&#8217;aprenentatge i l&#8217;aprovat.<\/p>\n<\/div>\n\n\n\n<div class=\"wp-block-column is-layout-flow wp-block-column-is-layout-flow\" style=\"flex-basis:53%\">\n<h3 class=\"wp-block-heading\">Preparaci\u00f3 proves d&#8217;acc\u00e9s a empreses de transport de viatgers<\/h3>\n\n\n\n<p>A m\u00e9s d&#8217;obtenir el carnet D, a la nostra autoescola realitzem <strong>la preparaci\u00f3 per a les proves d&#8217;acc\u00e9s a les principals empreses de transport de viatgers<\/strong> . Si el que desitges \u00e9s poder treballar a TMB, TUSGSAL, MOVENTIS o BAIXBUS, nosaltres et preparem per a les proves de conducci\u00f3. <\/p>\n\n\n\n<p><i class=\"fa-solid fa-check\" aria-hidden=\"true\"><\/i> Es realitzaran com a m\u00ednim 2 pr\u00e0ctiques, i s&#8217;explicaran els detalls que cal tenir m\u00e9s en compte per a les proves de la conducci\u00f3 d&#8217;un autob\u00fas urb\u00e0.<\/p>\n\n\n\n<p><i class=\"fa-solid fa-check\" aria-hidden=\"true\"><\/i> Les pr\u00e0ctiques es faran amb un autob\u00fas amb marxes autom\u00e0tiques (el mateix canvi de marxes que els autobusos urbans, per facilitar-ne l&#8217;acc\u00e9s).<\/p>\n\n\n\n<p><i class=\"fa-solid fa-check\" aria-hidden=\"true\"><\/i> Amb formadors experts al sector.<\/p>\n<\/div>\n<\/div>\n<\/div><\/div>\n\n\n\n<div class=\"wp-block-group group__bck\"><div class=\"wp-block-group__inner-container is-layout-constrained wp-block-group-is-layout-constrained\">\n<div class=\"wp-block-group page__body footer\"><div class=\"wp-block-group__inner-container is-layout-constrained wp-block-group-is-layout-constrained\">\n<h2 class=\"wp-block-heading\">Avantatges i serveis<\/h2>\n\n\n\n<div class=\"wp-block-columns group__cols__bck is-layout-flex wp-container-core-columns-is-layout-9d6595d7 wp-block-columns-is-layout-flex\">\n<div class=\"wp-block-column is-layout-flow wp-block-column-is-layout-flow\">\n<h3 class=\"wp-block-heading\"><i class=\"fa-solid fa-building\"><\/i>  Diversos centres<\/h3>\n\n\n\n<p>Comptem amb 3 centres de formaci\u00f3 a la prov\u00edncia de Barcelona: Esplugues de Llobregat, Sant Feliu de Llobregat i a la mateixa ciutat de Barcelona.<\/p>\n\n\n\n<h3 class=\"wp-block-heading\"><i class=\"fa-solid fa-user-tie\"><\/i> Borsa de treball<\/h3>\n\n\n\n<p>Treballem amb empreses de transport en processos de selecci\u00f3 de personal i, els alumnes que ho desitgin, poden formar part de la nostra borsa de treball. Aix\u00ed posem en contacte oferta i demanda.<\/p>\n<\/div>\n\n\n\n<div class=\"wp-block-column is-layout-flow wp-block-column-is-layout-flow\">\n<h3 class=\"wp-block-heading\"><i class=\"fa-solid fa-coins\"><\/i>  Bonificacions<\/h3>\n\n\n\n<p>Per a treballadors per compte d&#8217;altri, podem bonificar els diversos cursos que oferim. Som entitat organitzadora i ens encarreguem de tota la gesti\u00f3.<\/p>\n\n\n\n<h3 class=\"wp-block-heading\"><i class=\"fa-solid fa-chalkboard\"><\/i>  Instal\u00b7lacions<\/h3>\n\n\n\n<p>Tots els nostres centres disposen d&#8217;aules homologades per a la formaci\u00f3 oferida, i compten amb l&#8217;equipaci\u00f3 necess\u00e0ria perqu\u00e8 els nostres alumnes puguin rebre formaci\u00f3 de qualitat.<\/p>\n<\/div>\n<\/div>\n<\/div><\/div>\n<\/div><\/div>\n\n\n<footer>\n    <div class=\"content\">\n        <div id=\"foo_cont_1\">\n            <div class=\"foo_inn_cont\">\n                <div class=\"foo_ic0\" id=\"foo_ic1\">\n                    <div class=\"foo_group_titles\">\n                        <p class=\"foo_group_title\">Autoescola ROCA<\/p>\n                    <\/div>\n                    <div class=\"foo_groups\">\n                        <div class=\"foo_group\">\n                            <p class=\"foo_group_caption\"> <span class=\"foo_group_caption_ico\"><\/span>  Barcelona<\/p>\n                            <p><a href=\"https:\/\/maps.app.goo.gl\/VnJMpCotroVNZJ9B9\" target=\"_blank\" rel=\"noopener\">Passeig de Maragall, 258<\/a><\/p>\n                            <p>Email: info.h7@autoescolaroca.com <\/p>\n                            <p>Tel: 933 100 583<\/p>\n                        <\/div>\n                        <div class=\"foo_group\">\n                            <p class=\"foo_group_caption\"> <span class=\"foo_group_caption_ico\"><\/span>  Esplugues de Llobregat<\/p>\n                            <p>Avinguda de Cornell\u00e0, 63-65<\/p>\n                            <p>Email: info.h1@autoescolaroca.com <\/p>\n                            <p>Tel: 933 710 242<\/p>\n                        <\/div>\n                        <div class=\"foo_group\">\n                            <p class=\"foo_group_caption\"> <span class=\"foo_group_caption_ico\"><\/span>  Sant Feliu de Llobregat<\/p>\n                            <p>Carrer Carles Bu\u00efgas, 57-59<\/p>\n                            <p>Email: info.h3@autoescolaroca.com <\/p>\n                            <p>Tel: 936 855 535<\/p>\n                        <\/div>\n                    <\/div>\n                <\/div>\n                <div class=\"foo_ic0\">\n                    <div class=\"foo_group_title\">\n                        <p class=\"foo_group_title\">Formaci\u00f3<\/p>\n                    <\/div>\n                    <div class=\"foo_groups\">\n                        <ul>\n                            <li class=\"foo_group\"><span class=\"foo_group_ico\"><\/span>  <a href=\"https:\/\/autoescolaroca.com\/ca\/cursos-cap\/\" rel=\"nofollow\">Cursos CAP<\/a><\/li>\n                            <li class=\"foo_group\"><span class=\"foo_group_ico\"><\/span>  <a href=\"https:\/\/autoescolaroca.com\/ca\/cursos-adr\/\" rel=\"nofollow\">Cursos ADR<\/a><\/li>\n                            <li class=\"foo_group\"><span class=\"foo_group_ico\"><\/span>  <a href=\"https:\/\/autoescolaroca.com\/ca\/carnets-conduir\/\" rel=\"nofollow\">Carnets de Conduir<\/a><\/li>\n                            <li class=\"foo_group\"><span class=\"foo_group_ico\"><\/span>  <a href=\"https:\/\/autoescolaroca.com\/ca\/cursos-prl\/\" rel=\"nofollow\">Cursos PRL<\/a><\/li>\n                            <li class=\"foo_group\"><span class=\"foo_group_ico\"><\/span>  <a href=\"https:\/\/autoescolaroca.com\/ca\/curs-titol-transportista\/\" rel=\"nofollow\">T\u00edtol de Transportista<\/a><\/li>\n                            <li class=\"foo_group\"><span class=\"foo_group_ico\"><\/span>  <a href=\"https:\/\/autoescolaroca.com\/ca\/cursos-prl\/curs-carretoner\/\" rel=\"nofollow\">Carretons Elevadors<\/a><\/li>\n                            <li class=\"foo_group\"><span class=\"foo_group_ico\"><\/span>  <a href=\"https:\/\/autoescolaroca.com\/ca\/curs-dea-desfibrillador\/\" rel=\"nofollow\">DEA + SVB<\/a><\/li>\n                            <li class=\"foo_group\"><span class=\"foo_group_ico\"><\/span>  <a href=\"https:\/\/autoescolaroca.com\/ca\/dix-formacio\/\" rel=\"nofollow\">DIX Formaci\u00f3<\/a><\/li>\n                        <\/ul>\n                    <\/div>\n                <\/div>\n                <div class=\"foo_ic0\">\n                    <div class=\"foo_group_title\">\n                        <p class=\"foo_group_title\">M\u00e9s informaci\u00f3<\/p>\n                    <\/div>\n                    <div class=\"foo_groups\">\n                        <ul>\n                            <li class=\"foo_group\"><span class=\"foo_group_ico\"><\/span>  <a href=\"https:\/\/autoescolaroca.com\/ca\/formulari-contacte\/\" rel=\"nofollow\">Contacte<\/a><\/li>\n                            <li class=\"foo_group\"><span class=\"foo_group_ico\"><\/span>  <a href=\"https:\/\/autoescolaroca.com\/ca\/empreses\/\" rel=\"nofollow\">Empreses<\/a><\/li>\n                            <li class=\"foo_group\"><span class=\"foo_group_ico\"><\/span>  <a href=\"https:\/\/autoescolaroca.com\/ca\/alumnes\/\" rel=\"nofollow\">Alumnes<\/a><\/li>\n                            <li class=\"foo_group\"><span class=\"foo_group_ico\"><\/span>  <a href=\"https:\/\/autoescolaroca.com\/ca\/formulari-candidats\/\" rel=\"nofollow\">Treballa amb nosaltres<\/a> <\/li>\n                            <li class=\"foo_group\"><a href=\"https:\/\/autoescolaroca.com\/ca\/blog\/\" rel=\"nofollow\"><span class=\"foo_group_ico\"><\/span>  Blog<\/a><\/li>\n                        <\/ul>\n                    <\/div>\n                    <div class=\"foo_groups foo_groups_logo\">\n                        <a href=\"https:\/\/autoescolaroca.com\/ca\/\" rel=\"nofollow\"><span class=\"foo_group_logo_ico\"><\/span><\/a>\n                    <\/div>\n                <\/div>\n            <\/div>\n        <\/div>\n        <div id=\"foo_cont_2\">\n            <div class=\"foo_inn_cont\">\n                <div>\u00a9 Autoescola ROCA, SL<\/div><div class=\"foo_legals\"><span><a href=\"https:\/\/autoescolaroca.com\/ca\/avisos-legals\/\" rel=\"nofollow\">Av\u00eds Legal i Pol\u00edtica de Privadesa<\/a><\/span> | <span><a href=\"https:\/\/autoescolaroca.com\/ca\/politica-de-cookies\/\" rel=\"nofollow\">Pol\u00edtica de Cookies<\/a><\/span><\/div>\n            <\/div>\n        <\/div>\n    <\/div>\n<\/footer>","protected":false},"excerpt":{"rendered":"<p>Carnet D+CAP PREU: des de 899\u20acCarnet D (Autob\u00fas) i cursos CAP de Viatgers a la nostra autoescola de Barcelona . Reserva ja pla\u00e7a pels nostres propers cursos 2026. Horari de Matins i Tardes. Pg. Maragall, 258. Barcelona. ALTRES CARNETS CONTACTA AMB NOSALTRES El carnet D \u00e9s el perm\u00eds de conduir professional que permet transportar passatgers [&hellip;]<\/p>\n","protected":false},"author":1,"featured_media":0,"parent":4916,"menu_order":0,"comment_status":"closed","ping_status":"closed","template":"","meta":{"footnotes":""},"class_list":["post-4976","page","type-page","status-publish","hentry"],"_links":{"self":[{"href":"https:\/\/autoescolaroca.com\/ca\/wp-json\/wp\/v2\/pages\/4976","targetHints":{"allow":["GET"]}}],"collection":[{"href":"https:\/\/autoescolaroca.com\/ca\/wp-json\/wp\/v2\/pages"}],"about":[{"href":"https:\/\/autoescolaroca.com\/ca\/wp-json\/wp\/v2\/types\/page"}],"author":[{"embeddable":true,"href":"https:\/\/autoescolaroca.com\/ca\/wp-json\/wp\/v2\/users\/1"}],"replies":[{"embeddable":true,"href":"https:\/\/autoescolaroca.com\/ca\/wp-json\/wp\/v2\/comments?post=4976"}],"version-history":[{"count":0,"href":"https:\/\/autoescolaroca.com\/ca\/wp-json\/wp\/v2\/pages\/4976\/revisions"}],"up":[{"embeddable":true,"href":"https:\/\/autoescolaroca.com\/ca\/wp-json\/wp\/v2\/pages\/4916"}],"wp:attachment":[{"href":"https:\/\/autoescolaroca.com\/ca\/wp-json\/wp\/v2\/media?parent=4976"}],"curies":[{"name":"wp","href":"https:\/\/api.w.org\/{rel}","templated":true}]}}