{"id":5032,"date":"2023-10-17T16:32:59","date_gmt":"2023-10-17T14:32:59","guid":{"rendered":"https:\/\/autoescolaroca.com\/avisos-legals\/"},"modified":"2024-12-17T17:21:23","modified_gmt":"2024-12-17T16:21:23","slug":"avisos-legals","status":"publish","type":"page","link":"https:\/\/autoescolaroca.com\/ca\/avisos-legals\/","title":{"rendered":"Avisos Legals"},"content":{"rendered":"\n<div class=\"wp-block-group post__intro\"><div class=\"wp-block-group__inner-container is-layout-constrained wp-block-group-is-layout-constrained\">\n<h1 class=\"wp-block-heading\">Av\u00eds Legal i Pol\u00edtica de privacitat<\/h1>\n\n\n\n<h2 class=\"wp-block-heading\"><strong>Encarregat:<\/strong><\/h2>\n\n\n\n<p>A <em>Autoescola ROCA, S.L.<\/em> som conscients de la transcend\u00e8ncia que t\u00e9 el tractament que fem de les seves dades personals. Per aix\u00f2, <em>Autoescola ROCA, S.L., <\/em>en endavant AE ROCA, ha implementat totes les mesures t\u00e8cniques i organitzatives necess\u00e0ries per a garantir la seguretat de les seves dades i el correcte compliment de la normativa relativa a la protecci\u00f3 de dades.<\/p>\n\n\n\n<p>Aquesta pol\u00edtica explica com i amb quines finalitats s&#8217;utilitzaran les dades recollides mitjan\u00e7ant la nostra web <a href=\"https:\/\/autoescolaroca.com\/ca\/\">https:\/\/autoescolaroca.com<\/a>. Li recomanem que llegeixi detingudament aquesta pol\u00edtica de privacitat.<\/p>\n\n\n\n<p><em><strong>Quines Lleis incorpora aquesta pol\u00edtica de privacitat?<\/strong><\/em><\/p>\n\n\n\n<p>Hem adaptat la nostra web <a rel=\"noreferrer noopener\" href=\"https:\/\/www.autoescolaroca.com\/\" target=\"_blank\">\n  <em>https:\/\/autoescolaroca.com<\/em>\n<\/a> (d&#8217;ara endavant WEB) a les exig\u00e8ncies de les seg\u00fcents lleis d&#8217;aplicaci\u00f3 vigent:<\/p>\n\n\n\n<ul class=\"wp-block-list\">\n<li>RGPD: Reglament (UE) 2016\/679 del Parlament Europeu i del Consell de 27 d&#8217;abril de 2016 relatiu a la protecci\u00f3 de les persones f\u00edsiques.<\/li>\n\n\n\n<li>LOPD: Llei Org\u00e0nica 15\/1999, de 13 de desembre, de Protecci\u00f3 de Dades de Car\u00e0cter Personal i el Reial Decret 1720\/2007, de 21 de desembre.<\/li>\n<\/ul>\n\n\n\n<p>Complint amb all\u00f2 establert a la Llei Org\u00e0nica 15\/1999 de Protecci\u00f3 de Dades de Car\u00e0cter Personal, mitjan\u00e7ant l&#8217;acceptaci\u00f3 de l&#8217;aquesta Pol\u00edtica de Privadesa presta el seu consentiment informat, expr\u00e9s, lliure i inequ\u00edvoc perqu\u00e8 les dades personals que proporcioni a trav\u00e9s de la p\u00e0gina web <em><a href=\"https:\/\/autoescolaroca.com\/ca\/\">https:\/\/autoescolaroca.com<\/a><\/em> siguin inclosos en un fitxer de \u201cCLIENTS\u201d i \u201cPROVE\u00cfDORS\u201d.<\/p>\n\n\n\n<p><em><strong>Qui \u00e9s el Responsable del tractament de les seves dades?<\/strong><\/em><\/p>\n\n\n\n<p>Identitat: Autoescola ROCA, S.L. \u2013 NIF: B-08702482<\/p>\n\n\n\n<p>Adre\u00e7a: Av. ~ ~ ~ de Cornell\u00e0, 63-65 Esplugues de Llobregat 08950<\/p>\n\n\n\n<p>Tel\u00e8fon: 93-3710242<\/p>\n\n\n\n<p>Correu electr\u00f2nic: info.h1@autoescolaroca.com<\/p>\n\n\n\n<p><em><strong>Tractament de les dades realitzades per Autoescola Roca<\/strong><\/em><\/p>\n\n\n\n<p>D&#8217;acord amb la legislaci\u00f3 vigent, les dades personals que ens proporcioni s&#8217;inclouran en un fitxer la titularitat del qual pertany a <em>Autoescola Roca<\/em>, el qual ha estat degudament inscrit davant l&#8217;Ag\u00e8ncia Espanyola de Protecci\u00f3 de Dades (AEPD) per a la seva consulta. Aquesta informaci\u00f3 \u00e9s necess\u00e0ria i obligat\u00f2ria per contactar, subscriure&#8217; s i realitzar operacions comercials amb Autoescola Roca. Addicionalment, quan visita la nostra WEB, determinada informaci\u00f3 s&#8217;emmagatzema autom\u00e0ticament per motius t\u00e8cnics com l&#8217;adre\u00e7a IP assignada pel seu prove\u00efdor d&#8217;acc\u00e9s a Internet, a m\u00e9s de les cookies.<\/p>\n\n\n\n<p><em><strong>Amb quina finalitat tractarem les seves dades personals?<\/strong><\/em><\/p>\n\n\n\n<p><em>Autoescola Roca<\/em> tracta les seves dades personals, recaptades a trav\u00e9s de la WEB, amb les seg\u00fcents finalitats:<\/p>\n\n\n\n<p><em>FORMULARI DE CONTACTE<\/em><\/p>\n\n\n\n<ul class=\"wp-block-list\">\n<li>Finalitat: Facilitar-li un mitj\u00e0 perqu\u00e8 pugui posar-se en contacte amb nosaltres i contestar a les seves sol\u00b7licituds d&#8217;informaci\u00f3, donar-li d&#8217;alta com a client\/prove\u00efdor, gestionar les seves consultes i informar-lo i enviar-li comunicacions de les nostres activitats, productes i serveis, inclusivament per mitjans electr\u00f2nics (correu electr\u00f2nic), si marca la casella d&#8217;acceptaci\u00f3.<\/li>\n\n\n\n<li>Legitimaci\u00f3: El consentiment de l&#8217;usuari en sol\u00b7licitar-nos informaci\u00f3 a trav\u00e9s del nostre formulari de contactes i en marcar la casella d&#8217;acceptaci\u00f3 de la nostra pol\u00edtica de privacitat.<\/li>\n\n\n\n<li>Conservaci\u00f3: Fins que l&#8217;interessat demani la seva baixa i posteriorment durant els terminis legalment previstos.<\/li>\n<\/ul>\n\n\n\n<p><em>TRAMESA DE CORREUS ELECTR\u00d2NICS<\/em><\/p>\n\n\n\n<ul class=\"wp-block-list\">\n<li>Finalitat: Contestar a les seves sol.licituds d&#8217;informaci\u00f3, atendre les seves peticions i respondre els seus dubtes o consultes.<\/li>\n\n\n\n<li>Legitimaci\u00f3: El consentiment de l&#8217;usuari en sol\u00b7licitar-nos informaci\u00f3 a trav\u00e9s de l&#8217;adre\u00e7a de correu electr\u00f2nic.<\/li>\n\n\n\n<li>Conservaci\u00f3: Fins que l&#8217;interessat demani la seva baixa i posteriorment durant els terminis legalment previstos.<\/li>\n<\/ul>\n\n\n\n<p><em>ENVIAMENT DEL CURR\u00cdCULUM VITAE PER CORREU ELECTR\u00d2NIC<\/em><\/p>\n\n\n\n<ul class=\"wp-block-list\">\n<li>Finalitat: Disposar del seu curr\u00edculum per participar en els nostres processos de selecci\u00f3 de personal.<\/li>\n\n\n\n<li>Legitimaci\u00f3: El consentiment de l&#8217;usuari en remetre&#8217; ns la seva informaci\u00f3 personal i curr\u00edculum per als nostres processos de selecci\u00f3 de personal.<\/li>\n\n\n\n<li>Conservaci\u00f3: Les dades proporcionades es conservaran fins a l&#8217;adjudicaci\u00f3 d&#8217;un lloc de treball o fins que l&#8217;interessat exerceixi el seu dret de cancel.laci\u00f3.<\/li>\n<\/ul>\n\n\n\n<p>Existeixen altres finalitats per la qual tractem les seves dades personals:<\/p>\n\n\n\n<ul class=\"wp-block-list\">\n<li>Per garantir el compliment de les condicions d&#8217;\u00fas i la llei aplicable. Aix\u00f2 pot incloure el desenvolupament d&#8217;eines i algoritmes que ajuden aquesta web a garantir la confidencialitat de les dades personals que recull.<\/li>\n\n\n\n<li>Per donar suport i millorar els serveis que ofereix aquesta WEB.<\/li>\n\n\n\n<li>Tamb\u00e9 es recullen altres dades no identificatives que s&#8217;obtenen mitjan\u00e7ant algunes cookies que es descarreguen a l&#8217;ordinador de l&#8217;usuari quan navega en aquesta web que es detallen en la pol\u00edtica de cookies.<\/li>\n<\/ul>\n\n\n\n<p><em><strong>A quins destinataris es comunicaran les teves dades?<\/strong><\/em><\/p>\n\n\n\n<p>Les seves dades s\u00f3n confidencials i no se cediran a tercers, llevat que es requereixi per gestionar les seves comandes o els serveis contractats o que hi hagi obligaci\u00f3 legal. <em>autoescola roca s.l <\/em>comparteix dades amb els seg\u00fcents prestadors de serveis sota les seves corresponents condicions de privacitat:<\/p>\n\n\n\n<ul class=\"wp-block-list\">\n<li>Google Analytics: un servei anal\u00edtic de web prestat per Google, Inc., una companyia de Delaware l&#8217;oficina principal de la qual est\u00e0 en 1600 Amphitheatre Parkway, Mountain View, CA 94043, Estats Units. Google Analytics utilitza cookies, que s\u00f3n arxius de text ubicats al teu ordinador.<\/li>\n\n\n\n<li>Plataforma web: WordPress. Automattic Inc., 60 29th Street #343, San Francisco, CA 94110, Estats Units, tracta les dades amb la finalitat de realitzar els seus serveis de plataforma web a <em>autoescola.<\/em><\/li>\n<\/ul>\n\n\n\n<p><em><strong>Drets en relaci\u00f3 amb les seves dades personals<\/strong><\/em><\/p>\n\n\n\n<p>Qualsevol persona pot retirar el seu consentiment en qualsevol moment, quan aquest s&#8217; hagi atorgat per al tractament de les seves dades.<\/p>\n\n\n\n<p>Igualment, pot exercir els drets seg\u00fcents:<\/p>\n\n\n\n<ul class=\"wp-block-list\">\n<li>Demanar l&#8217;acc\u00e9s a les seves dades personals o la seva rectificaci\u00f3 quan siguin inexactes.<\/li>\n\n\n\n<li>Sol\u00b7licitar la seva supressi\u00f3 quan, entre altres motius, les dades ja no siguin necess\u00e0ries per a les finalitats per a les quals van ser recollides.<\/li>\n\n\n\n<li>Demanar la limitaci\u00f3 del seu tractament en determinades circumst\u00e0ncies.<\/li>\n\n\n\n<li>Sol\u00b7licitar l&#8217;oposici\u00f3 al tractament de les seves dades per motius relacionats amb la seva situaci\u00f3 particular.<\/li>\n\n\n\n<li>Demanar la portabilitat de les dades en els casos previstos a la normativa.<\/li>\n<\/ul>\n\n\n\n<p>Podr\u00e0 exercir els seus drets mitjan\u00e7ant un escrit dirigit al responsable a la seva adre\u00e7a postal o electr\u00f2nica (indicades anteriorment), indicant la refer\u00e8ncia &#8220;Dades Personals&#8221;, especificant el dret que es vol exercir i respecte a quines dades personals.<\/p>\n\n\n\n<p>Si vol cancel\u00b7lar la seva subscripci\u00f3 a la Newsletter, pot fer-ho de forma senzilla pressionant el link situat al final de cada comunicaci\u00f3 rebuda.<\/p>\n\n\n\n<p>En cas de diverg\u00e8ncies amb l&#8217;empresa en relaci\u00f3 amb el tractament de les seves dades, pot presentar una reclamaci\u00f3 davant l&#8217;Autoritat de Protecci\u00f3 de Dades (<a target=\"_blank\" href=\"http:\/\/www.agpd.es\/\" rel=\"noreferrer noopener\">www.agpd.es<\/a>).<\/p>\n\n\n\n<p><em><strong>Canvis en la pol\u00edtica de privacitat<\/strong><\/em><\/p>\n\n\n\n<p><em>Autoescola Roca SL<\/em> es reserva el dret a modificar la seva Pol\u00edtica de Privacitat, d&#8217;acord amb el seu propi criteri, o motivat per un canvi legislatiu, jurisprudencial o doctrinal de l&#8217;Ag\u00e8ncia Espanyola de Protecci\u00f3 de Dades.<\/p>\n<\/div><\/div>\n\n\u00a0<br\/><br\/>\n<footer>\n    <div class=\"content\">\n        <div id=\"foo_cont_1\">\n            <div class=\"foo_inn_cont\">\n                <div class=\"foo_ic0\" id=\"foo_ic1\">\n                    <div class=\"foo_group_titles\">\n                        <p class=\"foo_group_title\">Autoescola ROCA<\/p>\n                    <\/div>\n                    <div class=\"foo_groups\">\n                        <div class=\"foo_group\">\n                            <p class=\"foo_group_caption\"> <span class=\"foo_group_caption_ico\"><\/span>  Barcelona<\/p>\n                            <p><a href=\"https:\/\/maps.app.goo.gl\/VnJMpCotroVNZJ9B9\" target=\"_blank\" rel=\"noopener\">Passeig de Maragall, 258<\/a><\/p>\n                            <p>Email: info.h7@autoescolaroca.com <\/p>\n                            <p>Tel: 933 100 583<\/p>\n                        <\/div>\n                        <div class=\"foo_group\">\n                            <p class=\"foo_group_caption\"> <span class=\"foo_group_caption_ico\"><\/span>  Esplugues de Llobregat<\/p>\n                            <p>Avinguda de Cornell\u00e0, 63-65<\/p>\n                            <p>Email: info.h1@autoescolaroca.com <\/p>\n                            <p>Tel: 933 710 242<\/p>\n                        <\/div>\n                        <div class=\"foo_group\">\n                            <p class=\"foo_group_caption\"> <span class=\"foo_group_caption_ico\"><\/span>  Sant Feliu de Llobregat<\/p>\n                            <p>Carrer Carles Bu\u00efgas, 57-59<\/p>\n                            <p>Email: info.h3@autoescolaroca.com <\/p>\n                            <p>Tel: 936 855 535<\/p>\n                        <\/div>\n                    <\/div>\n                <\/div>\n                <div class=\"foo_ic0\">\n                    <div class=\"foo_group_title\">\n                        <p class=\"foo_group_title\">Formaci\u00f3<\/p>\n                    <\/div>\n                    <div class=\"foo_groups\">\n                        <ul>\n                            <li class=\"foo_group\"><span class=\"foo_group_ico\"><\/span>  <a href=\"https:\/\/autoescolaroca.com\/ca\/cursos-cap\/\" rel=\"nofollow\">Cursos CAP<\/a><\/li>\n                            <li class=\"foo_group\"><span class=\"foo_group_ico\"><\/span>  <a href=\"https:\/\/autoescolaroca.com\/ca\/cursos-adr\/\" rel=\"nofollow\">Cursos ADR<\/a><\/li>\n                            <li class=\"foo_group\"><span class=\"foo_group_ico\"><\/span>  <a href=\"https:\/\/autoescolaroca.com\/ca\/carnets-conduir\/\" rel=\"nofollow\">Carnets de Conduir<\/a><\/li>\n                            <li class=\"foo_group\"><span class=\"foo_group_ico\"><\/span>  <a href=\"https:\/\/autoescolaroca.com\/ca\/cursos-prl\/\" rel=\"nofollow\">Cursos PRL<\/a><\/li>\n                            <li class=\"foo_group\"><span class=\"foo_group_ico\"><\/span>  <a href=\"https:\/\/autoescolaroca.com\/ca\/curs-titol-transportista\/\" rel=\"nofollow\">T\u00edtol de Transportista<\/a><\/li>\n                            <li class=\"foo_group\"><span class=\"foo_group_ico\"><\/span>  <a href=\"https:\/\/autoescolaroca.com\/ca\/cursos-prl\/curs-carretoner\/\" rel=\"nofollow\">Carretons Elevadors<\/a><\/li>\n                            <li class=\"foo_group\"><span class=\"foo_group_ico\"><\/span>  <a href=\"https:\/\/autoescolaroca.com\/ca\/curs-dea-desfibrillador\/\" rel=\"nofollow\">DEA + SVB<\/a><\/li>\n                            <li class=\"foo_group\"><span class=\"foo_group_ico\"><\/span>  <a href=\"https:\/\/autoescolaroca.com\/ca\/dix-formacio\/\" rel=\"nofollow\">DIX Formaci\u00f3<\/a><\/li>\n                        <\/ul>\n                    <\/div>\n                <\/div>\n                <div class=\"foo_ic0\">\n                    <div class=\"foo_group_title\">\n                        <p class=\"foo_group_title\">M\u00e9s informaci\u00f3<\/p>\n                    <\/div>\n                    <div class=\"foo_groups\">\n                        <ul>\n                            <li class=\"foo_group\"><span class=\"foo_group_ico\"><\/span>  <a href=\"https:\/\/autoescolaroca.com\/ca\/formulari-contacte\/\" rel=\"nofollow\">Contacte<\/a><\/li>\n                            <li class=\"foo_group\"><span class=\"foo_group_ico\"><\/span>  <a href=\"https:\/\/autoescolaroca.com\/ca\/empreses\/\" rel=\"nofollow\">Empreses<\/a><\/li>\n                            <li class=\"foo_group\"><span class=\"foo_group_ico\"><\/span>  <a href=\"https:\/\/autoescolaroca.com\/ca\/alumnes\/\" rel=\"nofollow\">Alumnes<\/a><\/li>\n                            <li class=\"foo_group\"><span class=\"foo_group_ico\"><\/span>  <a href=\"https:\/\/autoescolaroca.com\/ca\/formulari-candidats\/\" rel=\"nofollow\">Treballa amb nosaltres<\/a> <\/li>\n                            <li class=\"foo_group\"><a href=\"https:\/\/autoescolaroca.com\/ca\/blog\/\" rel=\"nofollow\"><span class=\"foo_group_ico\"><\/span>  Blog<\/a><\/li>\n                        <\/ul>\n                    <\/div>\n                    <div class=\"foo_groups foo_groups_logo\">\n                        <a href=\"https:\/\/autoescolaroca.com\/ca\/\" rel=\"nofollow\"><span class=\"foo_group_logo_ico\"><\/span><\/a>\n                    <\/div>\n                <\/div>\n            <\/div>\n        <\/div>\n        <div id=\"foo_cont_2\">\n            <div class=\"foo_inn_cont\">\n                <div>\u00a9 Autoescola ROCA, SL<\/div><div class=\"foo_legals\"><span><a href=\"https:\/\/autoescolaroca.com\/ca\/avisos-legals\/\" rel=\"nofollow\">Av\u00eds Legal i Pol\u00edtica de Privadesa<\/a><\/span> | <span><a href=\"https:\/\/autoescolaroca.com\/ca\/politica-de-cookies\/\" rel=\"nofollow\">Pol\u00edtica de Cookies<\/a><\/span><\/div>\n            <\/div>\n        <\/div>\n    <\/div>\n<\/footer>","protected":false},"excerpt":{"rendered":"<p>Av\u00eds Legal i Pol\u00edtica de privacitat Encarregat: A Autoescola ROCA, S.L. som conscients de la transcend\u00e8ncia que t\u00e9 el tractament que fem de les seves dades personals. Per aix\u00f2, Autoescola ROCA, S.L., en endavant AE ROCA, ha implementat totes les mesures t\u00e8cniques i organitzatives necess\u00e0ries per a garantir la seguretat de les seves dades i [&hellip;]<\/p>\n","protected":false},"author":1,"featured_media":0,"parent":0,"menu_order":0,"comment_status":"closed","ping_status":"closed","template":"","meta":{"footnotes":""},"class_list":["post-5032","page","type-page","status-publish","hentry"],"_links":{"self":[{"href":"https:\/\/autoescolaroca.com\/ca\/wp-json\/wp\/v2\/pages\/5032","targetHints":{"allow":["GET"]}}],"collection":[{"href":"https:\/\/autoescolaroca.com\/ca\/wp-json\/wp\/v2\/pages"}],"about":[{"href":"https:\/\/autoescolaroca.com\/ca\/wp-json\/wp\/v2\/types\/page"}],"author":[{"embeddable":true,"href":"https:\/\/autoescolaroca.com\/ca\/wp-json\/wp\/v2\/users\/1"}],"replies":[{"embeddable":true,"href":"https:\/\/autoescolaroca.com\/ca\/wp-json\/wp\/v2\/comments?post=5032"}],"version-history":[{"count":0,"href":"https:\/\/autoescolaroca.com\/ca\/wp-json\/wp\/v2\/pages\/5032\/revisions"}],"wp:attachment":[{"href":"https:\/\/autoescolaroca.com\/ca\/wp-json\/wp\/v2\/media?parent=5032"}],"curies":[{"name":"wp","href":"https:\/\/api.w.org\/{rel}","templated":true}]}}