{"id":5168,"date":"2024-10-08T16:52:05","date_gmt":"2024-10-08T14:52:05","guid":{"rendered":"https:\/\/autoescolaroca.com\/empreses\/"},"modified":"2024-12-22T17:07:12","modified_gmt":"2024-12-22T16:07:12","slug":"empreses","status":"publish","type":"page","link":"https:\/\/autoescolaroca.com\/ca\/empreses\/","title":{"rendered":"Empreses"},"content":{"rendered":"\n<div class=\"contact-empresas-img\" alt=\"imatge empreses\"><\/div>\n\n<div class=\"wp-block-group post__intro fcontact\"><div class=\"wp-block-group__inner-container is-layout-constrained wp-block-group-is-layout-constrained\">\n<h1 class=\"wp-block-heading has-text-align-left\">Empreses<\/h1>\n\n\n\n<div class=\"wp-block-columns is-layout-flex wp-container-core-columns-is-layout-9d6595d7 wp-block-columns-is-layout-flex\">\n<div class=\"wp-block-column is-layout-flow wp-block-column-is-layout-flow\" style=\"flex-basis:50%\">\n<div class=\"contact-parag-empresas\"><h2><i class=\"fa-solid fa-chalkboard\"><\/i>  Impartici\u00f3 de Cursos<\/h2><p>Depenent de les necessitats de l&#8217;empresa, oferim 3 opcions per fer els nostres cursos:<\/p><p><b>Aula oberta<\/b> : Cada mes, fem cursos a les nostres instal\u00b7lacions, i les empreses poden sol\u00b7licitar la inscripci\u00f3 per a un o diversos dels seus treballadors.<\/p><p><b>A la carta<\/b> : Si l&#8217;empresa ho prefereix i compta amb un nombre suficient de participants, podem organitzar formaci\u00f3 personalitzada ia mida tamb\u00e9 a les nostres aules.<\/p><p><b>In company<\/b> : A m\u00e9s, tamb\u00e9 realitzem cursos a les instal\u00b7lacions de l&#8217;empresa, si la disponibilitat dels treballadors impedeix el despla\u00e7ament al nostre centre.<\/p><\/div>\n\n\n\n<div class=\"contact-parag-empresas\"><h2><i class=\"fa-solid fa-coins\"><\/i>  Formaci\u00f3 bonificada<\/h2><p>Les empreses que tenen empleats i que cotitzen per R\u00e8gim General de la Seguretat Social, poden beneficiar-se de bonificacions en la formaci\u00f3 (FUNDAE), descomptant els costos formatius de les seves cotitzacions a la Seguretat Social, dins d&#8217;uns m\u00e0xims establerts.<\/p><p>Per a totes les empreses que decideixin fer la formaci\u00f3 a c\u00e0rrec de la subvenci\u00f3, Autoescola ROCA s&#8217;ofereix per tramitar aquestes bonificacions. <\/p><\/div>\n<\/div>\n\n\n\n<div class=\"wp-block-column fcontact-col-1 form-empresas is-layout-flow wp-block-column-is-layout-flow\" style=\"flex-basis:50%\">\n<h2 class=\"wp-block-heading\">Contacta amb nosaltres<\/h2>\n\n\n<div class=\"wpforms-container wpforms-container-full wpforms-block wpforms-block-5f7d2d74-486c-4b4e-ad04-55e3b4656dcf wpforms-render-modern\" id=\"wpforms-3148\"><form id=\"wpforms-form-3148\" class=\"wpforms-validate wpforms-form wpforms-ajax-form\" data-formid=\"3148\" method=\"post\" enctype=\"multipart\/form-data\" action=\"\/ca\/wp-json\/wp\/v2\/pages\/5168\" data-token=\"4c8fbe419421c8e21978fd86db5377ac\" data-token-time=\"1776277637\"><noscript class=\"wpforms-error-noscript\">Activeu el JavaScript al navegador per a poder completar el formulari.<\/noscript><div id=\"wpforms-error-noscript\" style=\"display: none;\">Activeu el JavaScript al navegador per a poder completar el formulari.<\/div><div class=\"wpforms-field-container\"><div id=\"wpforms-3148-field_2-container\" class=\"wpforms-field wpforms-field-text\" data-field-id=\"2\"><label class=\"wpforms-field-label\" for=\"wpforms-3148-field_2\">Empresa <span class=\"wpforms-required-label\" aria-hidden=\"true\">*<\/span><\/label><input type=\"text\" id=\"wpforms-3148-field_2\" class=\"wpforms-field-medium wpforms-field-required\" name=\"wpforms[fields][2]\" aria-errormessage=\"wpforms-3148-field_2-error\" required><\/div><div id=\"wpforms-3148-field_5-container\" class=\"wpforms-field wpforms-field-select wpforms-field-select-style-classic\" data-field-id=\"5\"><label class=\"wpforms-field-label\" for=\"wpforms-3148-field_5\">Curs d&#039;inter\u00e8s<\/label><select id=\"wpforms-3148-field_5\" class=\"wpforms-field-medium\" name=\"wpforms[fields][5]\"><option value=\"Trieu una opci\u00f3\"  class=\"choice-1 depth-1\"  >Trieu una opci\u00f3<\/option><option value=\"Cursos CAP\"  class=\"choice-2 depth-1\"  >Cursos CAP<\/option><option value=\"Cursos ADR\"  class=\"choice-3 depth-1\"  >Cursos ADR<\/option><option value=\"Cursos DEA\"  class=\"choice-5 depth-1\"  >Cursos DEA<\/option><option value=\"Altres Cursos\"  class=\"choice-6 depth-1\"  >Altres Cursos<\/option><\/select><\/div><div id=\"wpforms-3148-field_1-container\" class=\"wpforms-field wpforms-field-text\" data-field-id=\"1\"><label class=\"wpforms-field-label\" for=\"wpforms-3148-field_1\">Nom de contacte <span class=\"wpforms-required-label\" aria-hidden=\"true\">*<\/span><\/label><input type=\"text\" id=\"wpforms-3148-field_1\" class=\"wpforms-field-medium wpforms-field-required\" name=\"wpforms[fields][1]\" aria-errormessage=\"wpforms-3148-field_1-error\" required><\/div><div id=\"wpforms-3148-field_3-container\" class=\"wpforms-field wpforms-field-text\" data-field-id=\"3\"><label class=\"wpforms-field-label\" for=\"wpforms-3148-field_3\">Tel\u00e8fon <span class=\"wpforms-required-label\" aria-hidden=\"true\">*<\/span><\/label><input type=\"text\" id=\"wpforms-3148-field_3\" class=\"wpforms-field-medium wpforms-field-required\" name=\"wpforms[fields][3]\" aria-errormessage=\"wpforms-3148-field_3-error\" required><\/div><div id=\"wpforms-3148-field_4-container\" class=\"wpforms-field wpforms-field-email\" data-field-id=\"4\"><label class=\"wpforms-field-label\" for=\"wpforms-3148-field_4\">Email <span class=\"wpforms-required-label\" aria-hidden=\"true\">*<\/span><\/label><input type=\"email\" id=\"wpforms-3148-field_4\" class=\"wpforms-field-medium wpforms-field-required\" name=\"wpforms[fields][4]\" spellcheck=\"false\" aria-errormessage=\"wpforms-3148-field_4-error\" required><\/div>\t\t<div id=\"wpforms-3148-field_8-container\"\n\t\t\tclass=\"wpforms-field wpforms-field-text\"\n\t\t\tdata-field-type=\"text\"\n\t\t\tdata-field-id=\"8\"\n\t\t\t>\n\t\t\t<label class=\"wpforms-field-label\" for=\"wpforms-3148-field_8\" >Tel\u00e8fon RGPD Curs<\/label>\n\t\t\t<input type=\"text\" id=\"wpforms-3148-field_8\" class=\"wpforms-field-medium\" name=\"wpforms[fields][8]\" >\n\t\t<\/div>\n\t\t<div id=\"wpforms-3148-field_6-container\" class=\"wpforms-field wpforms-field-textarea\" data-field-id=\"6\"><label class=\"wpforms-field-label\" for=\"wpforms-3148-field_6\">  Comentari o missatge<\/label><textarea id=\"wpforms-3148-field_6\" class=\"wpforms-field-medium\" name=\"wpforms[fields][6]\" aria-errormessage=\"wpforms-3148-field_6-error\" ><\/textarea><\/div><div id=\"wpforms-3148-field_7-container\" class=\"wpforms-field wpforms-field-checkbox\" data-field-id=\"7\"><fieldset><legend class=\"wpforms-field-label\">Acord RGPD <span class=\"wpforms-required-label\" aria-hidden=\"true\">*<\/span><\/legend><ul id=\"wpforms-3148-field_7\" class=\"wpforms-field-required\"><li class=\"choice-1 depth-1\"><input type=\"checkbox\" id=\"wpforms-3148-field_7_1\" name=\"wpforms[fields][7][]\" value=\"He llegit i accepto les condicions contingudes dels &lt;a style=&quot;text-decoration:underline;&quot; target=&quot;blanck&quot; href=&quot;https:\/\/autoescolaroca.com\/ca\/avisos-legals\/&quot;&gt;avisos legals&lt;\/a&gt; de Autoescola ROCA sobre el tractament de les meves dades.\" aria-errormessage=\"wpforms-3148-field_7_1-error\" required ><label class=\"wpforms-field-label-inline\" for=\"wpforms-3148-field_7_1\">He llegit i accepto les condicions contingudes dels <a style=\"text-decoration:underline\" target=\"blanck\" href=\"https:\/\/autoescolaroca.com\/ca\/avisos-legals\/\">avisos legals<\/a> de Autoescola ROCA sobre el tractament de les meves dades.<\/label><\/li><\/ul><\/fieldset><\/div><script>\n\t\t\t\t( function() {\n\t\t\t\t\tconst style = document.createElement( 'style' );\n\t\t\t\t\tstyle.appendChild( document.createTextNode( '#wpforms-3148-field_8-container { position: absolute !important; overflow: hidden !important; display: inline !important; height: 1px !important; width: 1px !important; z-index: -1000 !important; padding: 0 !important; } #wpforms-3148-field_8-container input { visibility: hidden; } #wpforms-conversational-form-page #wpforms-3148-field_8-container label { counter-increment: none; }' ) );\n\t\t\t\t\tdocument.head.appendChild( style );\n\t\t\t\t\tdocument.currentScript?.remove();\n\t\t\t\t} )();\n\t\t\t<\/script><\/div><!-- .wpforms-field-container --><div class=\"wpforms-recaptcha-container wpforms-is-recaptcha wpforms-is-recaptcha-type-v2\" ><div class=\"g-recaptcha\" data-sitekey=\"6LdFLqEqAAAAABn6P9uD2LeQpZYhIlOFxcqyP78J\"><\/div><input type=\"text\" name=\"g-recaptcha-hidden\" class=\"wpforms-recaptcha-hidden\" style=\"position:absolute!important;clip:rect(0,0,0,0)!important;height:1px!important;width:1px!important;border:0!important;overflow:hidden!important;padding:0!important;margin:0!important;\" data-rule-recaptcha=\"1\"><\/div><div class=\"wpforms-submit-container\" ><input type=\"hidden\" name=\"wpforms[id]\" value=\"3148\"><input type=\"hidden\" name=\"page_title\" value=\"\"><input type=\"hidden\" name=\"page_url\" value=\"https:\/\/autoescolaroca.com\/ca\/wp-json\/wp\/v2\/pages\/5168\"><input type=\"hidden\" name=\"url_referer\" value=\"\"><button type=\"submit\" name=\"wpforms[submit]\" id=\"wpforms-submit-3148\" class=\"wpforms-submit\" data-alt-text=\"Enviant...\" data-submit-text=\"Enviar\" aria-live=\"assertive\" value=\"wpforms-submit\">Enviar<\/button><img loading=\"lazy\" decoding=\"async\" src=\"https:\/\/autoescolaroca.com\/wp-content\/plugins\/wpforms\/assets\/images\/submit-spin.svg\" class=\"wpforms-submit-spinner\" style=\"display: none;\" width=\"26\" height=\"26\" alt=\"S&#039;est\u00e0 carregant\"><\/div><\/form><\/div>  <!-- .wpforms-container --><\/div>\n<\/div>\n<\/div><\/div>\n<footer>\n    <div class=\"content\">\n        <div id=\"foo_cont_1\">\n            <div class=\"foo_inn_cont\">\n                <div class=\"foo_ic0\" id=\"foo_ic1\">\n                    <div class=\"foo_group_titles\">\n                        <p class=\"foo_group_title\">Autoescola ROCA<\/p>\n                    <\/div>\n                    <div class=\"foo_groups\">\n                        <div class=\"foo_group\">\n                            <p class=\"foo_group_caption\"> <span class=\"foo_group_caption_ico\"><\/span>  Barcelona<\/p>\n                            <p><a href=\"https:\/\/maps.app.goo.gl\/VnJMpCotroVNZJ9B9\" target=\"_blank\" rel=\"noopener\">Passeig de Maragall, 258<\/a><\/p>\n                            <p>Email: info.h7@autoescolaroca.com <\/p>\n                            <p>Tel: 933 100 583<\/p>\n                        <\/div>\n                        <div class=\"foo_group\">\n                            <p class=\"foo_group_caption\"> <span class=\"foo_group_caption_ico\"><\/span>  Esplugues de Llobregat<\/p>\n                            <p>Avinguda de Cornell\u00e0, 63-65<\/p>\n                            <p>Email: info.h1@autoescolaroca.com <\/p>\n                            <p>Tel: 933 710 242<\/p>\n                        <\/div>\n                        <div class=\"foo_group\">\n                            <p class=\"foo_group_caption\"> <span class=\"foo_group_caption_ico\"><\/span>  Sant Feliu de Llobregat<\/p>\n                            <p>Carrer Carles Bu\u00efgas, 57-59<\/p>\n                            <p>Email: info.h3@autoescolaroca.com <\/p>\n                            <p>Tel: 936 855 535<\/p>\n                        <\/div>\n                    <\/div>\n                <\/div>\n                <div class=\"foo_ic0\">\n                    <div class=\"foo_group_title\">\n                        <p class=\"foo_group_title\">Formaci\u00f3<\/p>\n                    <\/div>\n                    <div class=\"foo_groups\">\n                        <ul>\n                            <li class=\"foo_group\"><span class=\"foo_group_ico\"><\/span>  <a href=\"https:\/\/autoescolaroca.com\/ca\/cursos-cap\/\" rel=\"nofollow\">Cursos CAP<\/a><\/li>\n                            <li class=\"foo_group\"><span class=\"foo_group_ico\"><\/span>  <a href=\"https:\/\/autoescolaroca.com\/ca\/cursos-adr\/\" rel=\"nofollow\">Cursos ADR<\/a><\/li>\n                            <li class=\"foo_group\"><span class=\"foo_group_ico\"><\/span>  <a href=\"https:\/\/autoescolaroca.com\/ca\/carnets-conduir\/\" rel=\"nofollow\">Carnets de Conduir<\/a><\/li>\n                            <li class=\"foo_group\"><span class=\"foo_group_ico\"><\/span>  <a href=\"https:\/\/autoescolaroca.com\/ca\/cursos-prl\/\" rel=\"nofollow\">Cursos PRL<\/a><\/li>\n                            <li class=\"foo_group\"><span class=\"foo_group_ico\"><\/span>  <a href=\"https:\/\/autoescolaroca.com\/ca\/curs-titol-transportista\/\" rel=\"nofollow\">T\u00edtol de Transportista<\/a><\/li>\n                            <li class=\"foo_group\"><span class=\"foo_group_ico\"><\/span>  <a href=\"https:\/\/autoescolaroca.com\/ca\/cursos-prl\/curs-carretoner\/\" rel=\"nofollow\">Carretons Elevadors<\/a><\/li>\n                            <li class=\"foo_group\"><span class=\"foo_group_ico\"><\/span>  <a href=\"https:\/\/autoescolaroca.com\/ca\/curs-dea-desfibrillador\/\" rel=\"nofollow\">DEA + SVB<\/a><\/li>\n                            <li class=\"foo_group\"><span class=\"foo_group_ico\"><\/span>  <a href=\"https:\/\/autoescolaroca.com\/ca\/dix-formacio\/\" rel=\"nofollow\">DIX Formaci\u00f3<\/a><\/li>\n                        <\/ul>\n                    <\/div>\n                <\/div>\n                <div class=\"foo_ic0\">\n                    <div class=\"foo_group_title\">\n                        <p class=\"foo_group_title\">M\u00e9s informaci\u00f3<\/p>\n                    <\/div>\n                    <div class=\"foo_groups\">\n                        <ul>\n                            <li class=\"foo_group\"><span class=\"foo_group_ico\"><\/span>  <a href=\"https:\/\/autoescolaroca.com\/ca\/formulari-contacte\/\" rel=\"nofollow\">Contacte<\/a><\/li>\n                            <li class=\"foo_group\"><span class=\"foo_group_ico\"><\/span>  <a href=\"https:\/\/autoescolaroca.com\/ca\/empreses\/\" rel=\"nofollow\">Empreses<\/a><\/li>\n                            <li class=\"foo_group\"><span class=\"foo_group_ico\"><\/span>  <a href=\"https:\/\/autoescolaroca.com\/ca\/alumnes\/\" rel=\"nofollow\">Alumnes<\/a><\/li>\n                            <li class=\"foo_group\"><span class=\"foo_group_ico\"><\/span>  <a href=\"https:\/\/autoescolaroca.com\/ca\/formulari-candidats\/\" rel=\"nofollow\">Treballa amb nosaltres<\/a> <\/li>\n                            <li class=\"foo_group\"><a href=\"https:\/\/autoescolaroca.com\/ca\/blog\/\" rel=\"nofollow\"><span class=\"foo_group_ico\"><\/span>  Blog<\/a><\/li>\n                        <\/ul>\n                    <\/div>\n                    <div class=\"foo_groups foo_groups_logo\">\n                        <a href=\"https:\/\/autoescolaroca.com\/ca\/\" rel=\"nofollow\"><span class=\"foo_group_logo_ico\"><\/span><\/a>\n                    <\/div>\n                <\/div>\n            <\/div>\n        <\/div>\n        <div id=\"foo_cont_2\">\n            <div class=\"foo_inn_cont\">\n                <div>\u00a9 Autoescola ROCA, SL<\/div><div class=\"foo_legals\"><span><a href=\"https:\/\/autoescolaroca.com\/ca\/avisos-legals\/\" rel=\"nofollow\">Av\u00eds Legal i Pol\u00edtica de Privadesa<\/a><\/span> | <span><a href=\"https:\/\/autoescolaroca.com\/ca\/politica-de-cookies\/\" rel=\"nofollow\">Pol\u00edtica de Cookies<\/a><\/span><\/div>\n            <\/div>\n        <\/div>\n    <\/div>\n<\/footer>","protected":false},"excerpt":{"rendered":"<p>Empreses Impartici\u00f3 de Cursos Depenent de les necessitats de l&#8217;empresa, oferim 3 opcions per fer els nostres cursos: Aula oberta : Cada mes, fem cursos a les nostres instal\u00b7lacions, i les empreses poden sol\u00b7licitar la inscripci\u00f3 per a un o diversos dels seus treballadors. A la carta : Si l&#8217;empresa ho prefereix i compta amb [&hellip;]<\/p>\n","protected":false},"author":1,"featured_media":0,"parent":0,"menu_order":0,"comment_status":"closed","ping_status":"closed","template":"","meta":{"footnotes":""},"class_list":["post-5168","page","type-page","status-publish","hentry"],"_links":{"self":[{"href":"https:\/\/autoescolaroca.com\/ca\/wp-json\/wp\/v2\/pages\/5168","targetHints":{"allow":["GET"]}}],"collection":[{"href":"https:\/\/autoescolaroca.com\/ca\/wp-json\/wp\/v2\/pages"}],"about":[{"href":"https:\/\/autoescolaroca.com\/ca\/wp-json\/wp\/v2\/types\/page"}],"author":[{"embeddable":true,"href":"https:\/\/autoescolaroca.com\/ca\/wp-json\/wp\/v2\/users\/1"}],"replies":[{"embeddable":true,"href":"https:\/\/autoescolaroca.com\/ca\/wp-json\/wp\/v2\/comments?post=5168"}],"version-history":[{"count":0,"href":"https:\/\/autoescolaroca.com\/ca\/wp-json\/wp\/v2\/pages\/5168\/revisions"}],"wp:attachment":[{"href":"https:\/\/autoescolaroca.com\/ca\/wp-json\/wp\/v2\/media?parent=5168"}],"curies":[{"name":"wp","href":"https:\/\/api.w.org\/{rel}","templated":true}]}}