{"id":5176,"date":"2024-10-09T11:35:46","date_gmt":"2024-10-09T09:35:46","guid":{"rendered":"https:\/\/autoescolaroca.com\/formulari-candidats\/"},"modified":"2025-02-05T07:46:41","modified_gmt":"2025-02-05T06:46:41","slug":"formulari-candidats","status":"publish","type":"page","link":"https:\/\/autoescolaroca.com\/ca\/formulari-candidats\/","title":{"rendered":"Formulari Candidats"},"content":{"rendered":"\n<div class=\"contact-empresas-img header-contact\" alt=\"imatge contacte\"><\/div>\n\n\n\n<div class=\"wp-block-group post__intro fcontact\"><div class=\"wp-block-group__inner-container is-layout-constrained wp-block-group-is-layout-constrained\">\n<h1 class=\"wp-block-heading\">Treballa amb nosaltres<\/h1>\n\n\n\n<div class=\"wp-block-columns is-layout-flex wp-container-core-columns-is-layout-9d6595d7 wp-block-columns-is-layout-flex\">\n<div class=\"wp-block-column fcontact-col-1 is-layout-flow wp-block-column-is-layout-flow\" style=\"flex-basis:56%\">\n<p>Si voleu pert\u00e0nyer a la borsa de treball d&#8217;Autoescola ROCA, i d&#8217;acord amb el RGPD, ompliu el seg\u00fcent formulari i accepteu les condicions de protecci\u00f3 de dades. El Curriculum Vitae s&#8217;haur\u00e0 d&#8217;enviar a trav\u00e9s d&#8217;aquest mateix formulari \n(no s&#8217;admetr\u00e0 el C.V. ni per email ni en persona).<\/p>\n\n\n<div class=\"wpforms-container wpforms-container-full wpforms-block wpforms-block-1542fd65-8dc5-4054-a3fe-820614fc5e84 wpforms-render-modern\" id=\"wpforms-3212\"><form id=\"wpforms-form-3212\" class=\"wpforms-validate wpforms-form wpforms-ajax-form\" data-formid=\"3212\" method=\"post\" enctype=\"multipart\/form-data\" action=\"\/ca\/wp-json\/wp\/v2\/pages\/5176?wpforms_form_id=3212\" data-token=\"b38d8354b987dfd37cdc5f8555e1c0c4\" data-token-time=\"1776277617\"><noscript class=\"wpforms-error-noscript\">Activeu el JavaScript al navegador per a poder completar el formulari.<\/noscript><div id=\"wpforms-error-noscript\" style=\"display: none;\">Activeu el JavaScript al navegador per a poder completar el formulari.<\/div><div class=\"wpforms-field-container\">\t\t<div id=\"wpforms-3212-field_5-container\"\n\t\t\tclass=\"wpforms-field wpforms-field-text\"\n\t\t\tdata-field-type=\"text\"\n\t\t\tdata-field-id=\"5\"\n\t\t\t>\n\t\t\t<label class=\"wpforms-field-label\" for=\"wpforms-3212-field_5\" >Curr\u00edculum RGPD Altres<\/label>\n\t\t\t<input type=\"text\" id=\"wpforms-3212-field_5\" class=\"wpforms-field-medium\" name=\"wpforms[fields][5]\" >\n\t\t<\/div>\n\t\t<div id=\"wpforms-3212-field_1-container\" class=\"wpforms-field wpforms-field-text\" data-field-id=\"1\"><label class=\"wpforms-field-label\" for=\"wpforms-3212-field_1\">Nom <span class=\"wpforms-required-label\" aria-hidden=\"true\">*<\/span><\/label><input type=\"text\" id=\"wpforms-3212-field_1\" class=\"wpforms-field-medium wpforms-field-required\" name=\"wpforms[fields][1]\" aria-errormessage=\"wpforms-3212-field_1-error\" required><\/div><div id=\"wpforms-3212-field_2-container\" class=\"wpforms-field wpforms-field-text\" data-field-id=\"2\"><label class=\"wpforms-field-label\" for=\"wpforms-3212-field_2\">DNI <span class=\"wpforms-required-label\" aria-hidden=\"true\">*<\/span><\/label><input type=\"text\" id=\"wpforms-3212-field_2\" class=\"wpforms-field-medium wpforms-field-required\" name=\"wpforms[fields][2]\" aria-errormessage=\"wpforms-3212-field_2-error\" required><\/div><div id=\"wpforms-3212-field_3-container\" class=\"wpforms-field wpforms-field-email\" data-field-id=\"3\"><label class=\"wpforms-field-label\" for=\"wpforms-3212-field_3\">Email <span class=\"wpforms-required-label\" aria-hidden=\"true\">*<\/span><\/label><input type=\"email\" id=\"wpforms-3212-field_3\" class=\"wpforms-field-medium wpforms-field-required\" name=\"wpforms[fields][3]\" spellcheck=\"false\" aria-errormessage=\"wpforms-3212-field_3-error\" required><\/div><div id=\"wpforms-3212-field_4-container\" class=\"wpforms-field wpforms-field-text\" data-field-id=\"4\"><label class=\"wpforms-field-label\" for=\"wpforms-3212-field_4\">Tel\u00e8fon<\/label><input type=\"text\" id=\"wpforms-3212-field_4\" class=\"wpforms-field-medium\" name=\"wpforms[fields][4]\" aria-errormessage=\"wpforms-3212-field_4-error\" ><\/div><div id=\"wpforms-3212-field_6-container\" class=\"wpforms-field wpforms-field-checkbox\" data-field-id=\"6\"><fieldset><legend class=\"wpforms-field-label\">Posat a ocupar:<\/legend><ul id=\"wpforms-3212-field_6\"><li class=\"choice-1 depth-1\"><input type=\"checkbox\" id=\"wpforms-3212-field_6_1\" name=\"wpforms[fields][6][]\" value=\"Professor\/a CAP\" aria-errormessage=\"wpforms-3212-field_6_1-error\"  ><label class=\"wpforms-field-label-inline\" for=\"wpforms-3212-field_6_1\">Professor\/a CAP<\/label><\/li><li class=\"choice-2 depth-1\"><input type=\"checkbox\" id=\"wpforms-3212-field_6_2\" name=\"wpforms[fields][6][]\" value=\"Professor\/a ADR\" aria-errormessage=\"wpforms-3212-field_6_2-error\"  ><label class=\"wpforms-field-label-inline\" for=\"wpforms-3212-field_6_2\">Professor\/a ADR<\/label><\/li><li class=\"choice-3 depth-1\"><input type=\"checkbox\" id=\"wpforms-3212-field_6_3\" name=\"wpforms[fields][6][]\" value=\"Professor\/a Formaci\u00f3 Vial\" aria-errormessage=\"wpforms-3212-field_6_3-error\"  ><label class=\"wpforms-field-label-inline\" for=\"wpforms-3212-field_6_3\">Professor\/a Formaci\u00f3 Vial<\/label><\/li><li class=\"choice-4 depth-1\"><input type=\"checkbox\" id=\"wpforms-3212-field_6_4\" name=\"wpforms[fields][6][]\" value=\"Administratiu\/iva\" aria-errormessage=\"wpforms-3212-field_6_4-error\"  ><label class=\"wpforms-field-label-inline\" for=\"wpforms-3212-field_6_4\">Administratiu\/iva<\/label><\/li><\/ul><\/fieldset><\/div><div id=\"wpforms-3212-field_9-container\" class=\"wpforms-field wpforms-field-file-upload\" data-field-id=\"9\"><label class=\"wpforms-field-label\" for=\"wpforms-3212-field_9\">Curr\u00edculum Vitae <span class=\"wpforms-required-label\" aria-hidden=\"true\">*<\/span><\/label><div\n\t\tclass=\"wpforms-uploader wpforms-field-required\"\n\t\tdata-field-id=\"9\"\n\t\tdata-form-id=\"3212\"\n\t\tdata-input-name=\"wpforms_3212_9\"\n\t\tdata-extensions=\"pdf\"\n\t\tdata-max-size=\"134217728\"\n\t\tdata-max-file-number=\"1\"\n\t\tdata-post-max-size=\"134217728\"\n\t\tdata-max-parallel-uploads=\"4\"\n\t\tdata-parallel-uploads=\"true\"\n\t\tdata-file-chunk-size=\"2097152\">\n\t<div class=\"dz-message\">\n\t\t<svg  viewBox=\"0 0 640 640\" focusable=\"false\" data-icon=\"inbox\" width=\"50px\" height=\"50px\" fill=\"currentColor\" aria-hidden=\"true\">\n\t\t\t<path d=\"M352 173.3L352 384C352 401.7 337.7 416 320 416C302.3 416 288 401.7 288 384L288 173.3L246.6 214.7C234.1 227.2 213.8 227.2 201.3 214.7C188.8 202.2 188.8 181.9 201.3 169.4L297.3 73.4C309.8 60.9 330.1 60.9 342.6 73.4L438.6 169.4C451.1 181.9 451.1 202.2 438.6 214.7C426.1 227.2 405.8 227.2 393.3 214.7L352 173.3zM320 464C364.2 464 400 428.2 400 384L480 384C515.3 384 544 412.7 544 448L544 480C544 515.3 515.3 544 480 544L160 544C124.7 544 96 515.3 96 480L96 448C96 412.7 124.7 384 160 384L240 384C240 428.2 275.8 464 320 464zM464 488C477.3 488 488 477.3 488 464C488 450.7 477.3 440 464 440C450.7 440 440 450.7 440 464C440 477.3 450.7 488 464 488z\"\/>\n\t\t<\/svg>\n\n\t\t<span class=\"modern-title\">\n\t\t\t\t\t\t\tDrag &amp; Drop Files, \t\t\t\t<span>Choose Files to Upload<\/span>\n\t\t\t\t\t<\/span>\n\n\t\t\t<\/div>\n<\/div>\n\n<input\n\t\ttype=\"text\"\n\t\tautocomplete=\"off\"\n\t\treadonly\n\t\tclass=\"dropzone-input\"\n\t\tstyle=\"position:absolute!important;clip:rect(0,0,0,0)!important;height:1px!important;width:1px!important;border:0!important;overflow:hidden!important;padding:0!important;margin:0!important;\"\n\t\tid=\"wpforms-3212-field_9\"\n\t\tname=\"wpforms_3212_9\" required\t\tvalue=\"\">\n<div id=\"wpforms-3212-field_9-description\" class=\"wpforms-field-description\">Nom\u00e9s s&#8217;admet un document i en format PDF<\/div><\/div><div id=\"wpforms-3212-field_7-container\" class=\"wpforms-field wpforms-field-textarea\" data-field-id=\"7\"><label class=\"wpforms-field-label\" for=\"wpforms-3212-field_7\">Altres qualificacions i observacions<\/label><textarea id=\"wpforms-3212-field_7\" class=\"wpforms-field-medium\" name=\"wpforms[fields][7]\" aria-errormessage=\"wpforms-3212-field_7-error\" ><\/textarea><\/div><div id=\"wpforms-3212-field_8-container\" class=\"wpforms-field wpforms-field-checkbox\" data-field-id=\"8\"><fieldset><legend class=\"wpforms-field-label\">Acord RGPD <span class=\"wpforms-required-label\" aria-hidden=\"true\">*<\/span><\/legend><ul id=\"wpforms-3212-field_8\" class=\"wpforms-field-required\"><li class=\"choice-1 depth-1\"><input type=\"checkbox\" id=\"wpforms-3212-field_8_1\" name=\"wpforms[fields][8][]\" value=\"He llegit i accepto les condicions contingudes en &lt;a href=&quot;https:\/\/autoescolaroca.com\/ca\/avisos-legals\/&quot; target=&quot;blanck&quot; style=&quot;text-decoration:underline;&quot;&gt;avisos legals&lt;\/a&gt; de Autoescola ROCA sobre el tractament de les meves dades.\" aria-errormessage=\"wpforms-3212-field_8_1-error\" required ><label class=\"wpforms-field-label-inline\" for=\"wpforms-3212-field_8_1\">He llegit i accepto les condicions contingudes en <a href=\"https:\/\/autoescolaroca.com\/ca\/avisos-legals\/\" target=\"blanck\" style=\"text-decoration:underline\">avisos legals<\/a> de Autoescola ROCA sobre el tractament de les meves dades.<\/label><\/li><\/ul><\/fieldset><\/div><script>\n\t\t\t\t( function() {\n\t\t\t\t\tconst style = document.createElement( 'style' );\n\t\t\t\t\tstyle.appendChild( document.createTextNode( '#wpforms-3212-field_5-container { position: absolute !important; overflow: hidden !important; display: inline !important; height: 1px !important; width: 1px !important; z-index: -1000 !important; padding: 0 !important; } #wpforms-3212-field_5-container input { visibility: hidden; } #wpforms-conversational-form-page #wpforms-3212-field_5-container label { counter-increment: none; }' ) );\n\t\t\t\t\tdocument.head.appendChild( style );\n\t\t\t\t\tdocument.currentScript?.remove();\n\t\t\t\t} )();\n\t\t\t<\/script><\/div><!-- .wpforms-field-container --><div class=\"wpforms-recaptcha-container wpforms-is-recaptcha wpforms-is-recaptcha-type-v2\" ><div class=\"g-recaptcha\" data-sitekey=\"6LdFLqEqAAAAABn6P9uD2LeQpZYhIlOFxcqyP78J\"><\/div><input type=\"text\" name=\"g-recaptcha-hidden\" class=\"wpforms-recaptcha-hidden\" style=\"position:absolute!important;clip:rect(0,0,0,0)!important;height:1px!important;width:1px!important;border:0!important;overflow:hidden!important;padding:0!important;margin:0!important;\" data-rule-recaptcha=\"1\"><\/div><div class=\"wpforms-submit-container\" ><input type=\"hidden\" name=\"wpforms[id]\" value=\"3212\"><input type=\"hidden\" name=\"page_title\" value=\"\"><input type=\"hidden\" name=\"page_url\" value=\"https:\/\/autoescolaroca.com\/ca\/wp-json\/wp\/v2\/pages\/5176\"><input type=\"hidden\" name=\"url_referer\" value=\"\"><button type=\"submit\" name=\"wpforms[submit]\" id=\"wpforms-submit-3212\" class=\"wpforms-submit\" data-alt-text=\"Enviant...\" data-submit-text=\"Enviar\" aria-live=\"assertive\" value=\"wpforms-submit\">Enviar<\/button><img loading=\"lazy\" decoding=\"async\" src=\"https:\/\/autoescolaroca.com\/wp-content\/plugins\/wpforms\/assets\/images\/submit-spin.svg\" class=\"wpforms-submit-spinner\" style=\"display: none;\" width=\"26\" height=\"26\" alt=\"S&#039;est\u00e0 carregant\"><\/div><\/form><\/div>  <!-- .wpforms-container --><\/div>\n\n\n\n<div class=\"wp-block-column is-layout-flow wp-block-column-is-layout-flow\" style=\"flex-basis:44%\">\n<p class=\"fcontact-parag\"><span><strong>Autoescola ROCA \u00b7 Barcelona\n<\/strong><\/span><br\/> Passeig de Maragall, 258<br\/> Email: info.h7@autoescolaroca.com<br\/> Tel: 933 100 583 <br\/><strong>Horari d&#8217;obertura<\/strong> :<br\/> De dilluns a divendres: 10:00-13:30 i 16:00-20:00<br\/> Dissabtes: 10:00-13:30<\/p>\n\n\n\n<p class=\"fcontact-parag\"><span><strong>Autoescola ROCA \u00b7 Esplugues de Llobregat<\/strong><\/span><br\/> Avinguda de Cornell\u00e0, 63-65<br\/> Email: info.h1@autoescolaroca.com<br\/> Tel: 933 710 242 <br\/><strong>Horari d&#8217;obertura<\/strong> :<br\/> De dilluns a dijous: 10:00-13:00 i 15:30-21:00<br\/> Divendres: 10:00-13:00 i 16:00-20:00<\/p>\n\n\n\n<p class=\"fcontact-parag\"><span><strong>Autoescola ROCA \u00b7 Sant Feliu de Llobregat<\/strong><\/span><br\/> Carrer Carles Bu\u00efgas, 57-59<br\/> Email: info.h3@autoescolaroca.com<br\/> Tel: 936 855 535 <br\/><strong>Horari d&#8217;obertura<\/strong> :<br\/> De dilluns a dijous: 11:00-13:00 i 17:00-21:00<br\/> Divendres: 11:00-13:00 i 17:00-20:00<\/p>\n<\/div>\n<\/div>\n\n\n<\/div><\/div>\n\n\n<footer>\n    <div class=\"content\">\n        <div id=\"foo_cont_1\">\n            <div class=\"foo_inn_cont\">\n                <div class=\"foo_ic0\" id=\"foo_ic1\">\n                    <div class=\"foo_group_titles\">\n                        <p class=\"foo_group_title\">Autoescola ROCA<\/p>\n                    <\/div>\n                    <div class=\"foo_groups\">\n                        <div class=\"foo_group\">\n                            <p class=\"foo_group_caption\"> <span class=\"foo_group_caption_ico\"><\/span>  Barcelona<\/p>\n                            <p><a href=\"https:\/\/maps.app.goo.gl\/VnJMpCotroVNZJ9B9\" target=\"_blank\" rel=\"noopener\">Passeig de Maragall, 258<\/a><\/p>\n                            <p>Email: info.h7@autoescolaroca.com <\/p>\n                            <p>Tel: 933 100 583<\/p>\n                        <\/div>\n                        <div class=\"foo_group\">\n                            <p class=\"foo_group_caption\"> <span class=\"foo_group_caption_ico\"><\/span>  Esplugues de Llobregat<\/p>\n                            <p>Avinguda de Cornell\u00e0, 63-65<\/p>\n                            <p>Email: info.h1@autoescolaroca.com <\/p>\n                            <p>Tel: 933 710 242<\/p>\n                        <\/div>\n                        <div class=\"foo_group\">\n                            <p class=\"foo_group_caption\"> <span class=\"foo_group_caption_ico\"><\/span>  Sant Feliu de Llobregat<\/p>\n                            <p>Carrer Carles Bu\u00efgas, 57-59<\/p>\n                            <p>Email: info.h3@autoescolaroca.com <\/p>\n                            <p>Tel: 936 855 535<\/p>\n                        <\/div>\n                    <\/div>\n                <\/div>\n                <div class=\"foo_ic0\">\n                    <div class=\"foo_group_title\">\n                        <p class=\"foo_group_title\">Formaci\u00f3<\/p>\n                    <\/div>\n                    <div class=\"foo_groups\">\n                        <ul>\n                            <li class=\"foo_group\"><span class=\"foo_group_ico\"><\/span>  <a href=\"https:\/\/autoescolaroca.com\/ca\/cursos-cap\/\" rel=\"nofollow\">Cursos CAP<\/a><\/li>\n                            <li class=\"foo_group\"><span class=\"foo_group_ico\"><\/span>  <a href=\"https:\/\/autoescolaroca.com\/ca\/cursos-adr\/\" rel=\"nofollow\">Cursos ADR<\/a><\/li>\n                            <li class=\"foo_group\"><span class=\"foo_group_ico\"><\/span>  <a href=\"https:\/\/autoescolaroca.com\/ca\/carnets-conduir\/\" rel=\"nofollow\">Carnets de Conduir<\/a><\/li>\n                            <li class=\"foo_group\"><span class=\"foo_group_ico\"><\/span>  <a href=\"https:\/\/autoescolaroca.com\/ca\/cursos-prl\/\" rel=\"nofollow\">Cursos PRL<\/a><\/li>\n                            <li class=\"foo_group\"><span class=\"foo_group_ico\"><\/span>  <a href=\"https:\/\/autoescolaroca.com\/ca\/curs-titol-transportista\/\" rel=\"nofollow\">T\u00edtol de Transportista<\/a><\/li>\n                            <li class=\"foo_group\"><span class=\"foo_group_ico\"><\/span>  <a href=\"https:\/\/autoescolaroca.com\/ca\/cursos-prl\/curs-carretoner\/\" rel=\"nofollow\">Carretons Elevadors<\/a><\/li>\n                            <li class=\"foo_group\"><span class=\"foo_group_ico\"><\/span>  <a href=\"https:\/\/autoescolaroca.com\/ca\/curs-dea-desfibrillador\/\" rel=\"nofollow\">DEA + SVB<\/a><\/li>\n                            <li class=\"foo_group\"><span class=\"foo_group_ico\"><\/span>  <a href=\"https:\/\/autoescolaroca.com\/ca\/dix-formacio\/\" rel=\"nofollow\">DIX Formaci\u00f3<\/a><\/li>\n                        <\/ul>\n                    <\/div>\n                <\/div>\n                <div class=\"foo_ic0\">\n                    <div class=\"foo_group_title\">\n                        <p class=\"foo_group_title\">M\u00e9s informaci\u00f3<\/p>\n                    <\/div>\n                    <div class=\"foo_groups\">\n                        <ul>\n                            <li class=\"foo_group\"><span class=\"foo_group_ico\"><\/span>  <a href=\"https:\/\/autoescolaroca.com\/ca\/formulari-contacte\/\" rel=\"nofollow\">Contacte<\/a><\/li>\n                            <li class=\"foo_group\"><span class=\"foo_group_ico\"><\/span>  <a href=\"https:\/\/autoescolaroca.com\/ca\/empreses\/\" rel=\"nofollow\">Empreses<\/a><\/li>\n                            <li class=\"foo_group\"><span class=\"foo_group_ico\"><\/span>  <a href=\"https:\/\/autoescolaroca.com\/ca\/alumnes\/\" rel=\"nofollow\">Alumnes<\/a><\/li>\n                            <li class=\"foo_group\"><span class=\"foo_group_ico\"><\/span>  <a href=\"https:\/\/autoescolaroca.com\/ca\/formulari-candidats\/\" rel=\"nofollow\">Treballa amb nosaltres<\/a> <\/li>\n                            <li class=\"foo_group\"><a href=\"https:\/\/autoescolaroca.com\/ca\/blog\/\" rel=\"nofollow\"><span class=\"foo_group_ico\"><\/span>  Blog<\/a><\/li>\n                        <\/ul>\n                    <\/div>\n                    <div class=\"foo_groups foo_groups_logo\">\n                        <a href=\"https:\/\/autoescolaroca.com\/ca\/\" rel=\"nofollow\"><span class=\"foo_group_logo_ico\"><\/span><\/a>\n                    <\/div>\n                <\/div>\n            <\/div>\n        <\/div>\n        <div id=\"foo_cont_2\">\n            <div class=\"foo_inn_cont\">\n                <div>\u00a9 Autoescola ROCA, SL<\/div><div class=\"foo_legals\"><span><a href=\"https:\/\/autoescolaroca.com\/ca\/avisos-legals\/\" rel=\"nofollow\">Av\u00eds Legal i Pol\u00edtica de Privadesa<\/a><\/span> | <span><a href=\"https:\/\/autoescolaroca.com\/ca\/politica-de-cookies\/\" rel=\"nofollow\">Pol\u00edtica de Cookies<\/a><\/span><\/div>\n            <\/div>\n        <\/div>\n    <\/div>\n<\/footer>","protected":false},"excerpt":{"rendered":"<p>Treballa amb nosaltres Si voleu pert\u00e0nyer a la borsa de treball d&#8217;Autoescola ROCA, i d&#8217;acord amb el RGPD, ompliu el seg\u00fcent formulari i accepteu les condicions de protecci\u00f3 de dades. El Curriculum Vitae s&#8217;haur\u00e0 d&#8217;enviar a trav\u00e9s d&#8217;aquest mateix formulari (no s&#8217;admetr\u00e0 el C.V. ni per email ni en persona). Autoescola ROCA \u00b7 Barcelona Passeig [&hellip;]<\/p>\n","protected":false},"author":1,"featured_media":0,"parent":0,"menu_order":0,"comment_status":"closed","ping_status":"closed","template":"","meta":{"footnotes":""},"class_list":["post-5176","page","type-page","status-publish","hentry"],"_links":{"self":[{"href":"https:\/\/autoescolaroca.com\/ca\/wp-json\/wp\/v2\/pages\/5176","targetHints":{"allow":["GET"]}}],"collection":[{"href":"https:\/\/autoescolaroca.com\/ca\/wp-json\/wp\/v2\/pages"}],"about":[{"href":"https:\/\/autoescolaroca.com\/ca\/wp-json\/wp\/v2\/types\/page"}],"author":[{"embeddable":true,"href":"https:\/\/autoescolaroca.com\/ca\/wp-json\/wp\/v2\/users\/1"}],"replies":[{"embeddable":true,"href":"https:\/\/autoescolaroca.com\/ca\/wp-json\/wp\/v2\/comments?post=5176"}],"version-history":[{"count":0,"href":"https:\/\/autoescolaroca.com\/ca\/wp-json\/wp\/v2\/pages\/5176\/revisions"}],"wp:attachment":[{"href":"https:\/\/autoescolaroca.com\/ca\/wp-json\/wp\/v2\/media?parent=5176"}],"curies":[{"name":"wp","href":"https:\/\/api.w.org\/{rel}","templated":true}]}}