{"id":5188,"date":"2024-09-28T11:26:01","date_gmt":"2024-09-28T09:26:01","guid":{"rendered":"https:\/\/autoescolaroca.com\/__inici\/"},"modified":"2026-01-20T12:26:54","modified_gmt":"2026-01-20T11:26:54","slug":"inici","status":"publish","type":"page","link":"https:\/\/autoescolaroca.com\/ca\/","title":{"rendered":"__INICI"},"content":{"rendered":"\n<div class=\"wp-block-group page__m page__ini\"><div class=\"wp-block-group__inner-container is-layout-constrained wp-block-group-is-layout-constrained\">\n<h1 class=\"wp-block-heading\">AUTOESCOLA ROCA<\/h1>\n\n\n\n<h3 class=\"wp-block-heading has-large-font-size\">Tots els Permisos<\/h3>\n\n\n\n<h4 class=\"wp-block-heading has-medium-font-size\">Moto | Cotxe | Bus | Cami\u00f3 | Tr\u00e0iler<\/h4>\n\n\n\n<p class=\"page__xtra page__xtra-margin-c\"><a href=\"https:\/\/autoescolaroca.com\/ca\/formulari-contacte\/\" data-type=\"page\" data-id=\"436\">CONTACTA AMB NOSALTRES<\/a><\/p>\n<\/div><\/div>\n\n\n\n<div class=\"wp-block-group ini-bck\"><div class=\"wp-block-group__inner-container is-layout-constrained wp-block-group-is-layout-constrained\">\n<div class=\"wp-block-group page_m_div\"><div class=\"wp-block-group__inner-container is-layout-constrained wp-block-group-is-layout-constrained\">\n<p class=\"has-text-align-center page_m_parag page_m_parag_ini\">A&nbsp;Autoescola&nbsp;ROCA portem m\u00e9s de 50 anys formant conductors. Comptem amb centres a <strong>Barcelona<\/strong>, <strong>Esplugues de Llobregat<\/strong> i <strong>Sant Feliu de Llobregat<\/strong>. A m\u00e9s d&#8217;obtenir tots els permisos de conduir, en els nostres centres podr\u00e0s realitzar els cursos obligatoris per a conductors professionals. Des de l&#8217;any 2023, el centre&nbsp;DIX&nbsp;Formaci\u00f3&nbsp;tamb\u00e9 forma part d&#8217;Autoescola&nbsp;ROCA.<\/p>\n<\/div><\/div>\n\n\n\n<div class=\"wp-block-columns page__body page__body_aula page__body_ini is-layout-flex wp-container-core-columns-is-layout-9d6595d7 wp-block-columns-is-layout-flex\">\n<div class=\"wp-block-column aula_col_2 ini_cap_col_2_1 is-layout-flow wp-block-column-is-layout-flow\" style=\"flex-basis:27%\"><\/div>\n\n\n\n<div class=\"wp-block-column aula_col_1 aula_col_1_ini aula_col_1_ini_1 is-layout-flow wp-block-column-is-layout-flow\" style=\"flex-basis:48%\">\n<h2 class=\"wp-block-heading has-text-align-center h2-ini h2-ini-1\">Permisos de conduir<\/h2>\n\n\n\n<div class=\"wp-block-group page__xtra_group_ini page__xtra_group_ini_1\"><div class=\"wp-block-group__inner-container is-layout-constrained wp-block-group-is-layout-constrained\">\n<p class=\"page__xtra page__xtra_ini page__inici_contact\"><a href=\"https:\/\/autoescolaroca.com\/ca\/carnets-conduir\/carnets-moto\/\" data-type=\"page\" data-id=\"1964\">Perm\u00eds Moto<\/a><\/p>\n\n\n\n<p class=\"page__xtra page__xtra_ini page__inici_contact\"><a href=\"https:\/\/autoescolaroca.com\/ca\/carnets-conduir\/carnet-b-cotxe\/\" data-type=\"page\" data-id=\"2017\">Perm\u00eds Cotxe<\/a><\/p>\n\n\n\n<p class=\"page__xtra page__xtra_ini page__inici_contact\"><a href=\"https:\/\/autoescolaroca.com\/ca\/carnets-conduir\/carnet-conduir-discapacitat\/\" data-type=\"page\" data-id=\"2045\">Perm\u00eds PMR<\/a><\/p>\n\n\n\n<p class=\"page__xtra page__xtra_ini page__inici_contact\"><a href=\"https:\/\/autoescolaroca.com\/ca\/carnets-conduir\/carnet-d-autobus\/\" data-type=\"page\" data-id=\"2155\">Perm\u00eds Autob\u00fas<\/a><\/p>\n\n\n\n<p class=\"page__xtra page__xtra_ini page__inici_contact\"><a href=\"https:\/\/autoescolaroca.com\/ca\/carnets-conduir\/carnet-c-camio\/\" data-type=\"page\" data-id=\"2089\">Perm\u00eds Cami\u00f3<\/a><\/p>\n\n\n\n<p class=\"page__xtra page__xtra_ini page__inici_contact\"><a href=\"https:\/\/autoescolaroca.com\/ca\/carnets-conduir\/carnet-ce-trailer\/\" data-type=\"page\" data-id=\"2187\">Perm\u00eds Tr\u00e0iler<\/a><\/p>\n<\/div><\/div>\n<\/div>\n<\/div>\n\n\n\n<div class=\"wp-block-columns page__body page__body_aula page__body_ini page__body_ini_2 is-layout-flex wp-container-core-columns-is-layout-9d6595d7 wp-block-columns-is-layout-flex\">\n<div class=\"wp-block-column aula_col_2 ini_cap_col_2_2 is-layout-flow wp-block-column-is-layout-flow\" style=\"flex-basis:27%\"><\/div>\n\n\n\n<div class=\"wp-block-column aula_col_1 aula_col_1_ini aula_col_1_ini_2 is-layout-flow wp-block-column-is-layout-flow\" style=\"flex-basis:48%\">\n<h2 class=\"wp-block-heading has-text-align-center h2-ini h2-ini-2\">Transport Professional<\/h2>\n\n\n\n<div class=\"wp-block-group page__xtra_group_ini page__xtra_group_ini_2\"><div class=\"wp-block-group__inner-container is-layout-constrained wp-block-group-is-layout-constrained\">\n<p class=\"page__xtra page__xtra_ini page__inici_contact\"><a href=\"https:\/\/autoescolaroca.com\/ca\/cursos-cap\/curs-cap-renovacio\/\" data-type=\"page\" data-id=\"421\">CAP Renovaci\u00f3<\/a><\/p>\n\n\n\n<p class=\"page__xtra page__xtra_ini page__inici_contact\"><a href=\"https:\/\/autoescolaroca.com\/ca\/cursos-cap\/curs-cap-inicial-mercaderies\/\" data-type=\"page\" data-id=\"1099\">CAP Mercaderies<\/a><\/p>\n\n\n\n<p class=\"page__xtra page__xtra_ini page__inici_contact\"><a href=\"https:\/\/autoescolaroca.com\/ca\/cursos-cap\/curs-cap-inicial-viatgers\/\" data-type=\"page\" data-id=\"1506\">CAP Viatgers<\/a><\/p>\n\n\n\n<p class=\"page__xtra page__xtra_ini page__inici_contact\"><a href=\"https:\/\/autoescolaroca.com\/ca\/cursos-cap\/curs-cap-pont\/\" data-type=\"page\" data-id=\"1555\">CAP Pont<\/a><\/p>\n\n\n\n<p class=\"page__xtra page__xtra_ini page__inici_contact\"><a href=\"https:\/\/autoescolaroca.com\/ca\/cursos-adr\/curs-adr-obtencio\/\" data-type=\"page\" data-id=\"1645\">ADR Obtenci\u00f3<\/a><\/p>\n\n\n\n<p class=\"page__xtra page__xtra_ini page__inici_contact\"><a href=\"https:\/\/autoescolaroca.com\/ca\/cursos-adr\/curs-adr-renovacio\/\" data-type=\"page\" data-id=\"1700\">ADR Renovaci\u00f3<\/a><\/p>\n<\/div><\/div>\n<\/div>\n<\/div>\n\n\n\n<div class=\"wp-block-columns page__body page__body_aula page__body_ini is-layout-flex wp-container-core-columns-is-layout-9d6595d7 wp-block-columns-is-layout-flex\">\n<div class=\"wp-block-column aula_col_2 ini_cap_col_2_3 is-layout-flow wp-block-column-is-layout-flow\" style=\"flex-basis:27%\"><\/div>\n\n\n\n<div class=\"wp-block-column aula_col_1 aula_col_1_ini aula_col_1_ini_1 is-layout-flow wp-block-column-is-layout-flow\" style=\"flex-basis:48%\">\n<h2 class=\"wp-block-heading has-text-align-center h2-ini h2-ini-3\">Altres Cursos i Serveis<\/h2>\n\n\n\n<div class=\"wp-block-group page__xtra_group_ini page__xtra_group_ini_3\"><div class=\"wp-block-group__inner-container is-layout-constrained wp-block-group-is-layout-constrained\">\n<p class=\"page__xtra page__xtra_ini page__inici_contact\"><a href=\"https:\/\/autoescolaroca.com\/ca\/curs-titol-transportista\/\" data-type=\"page\" data-id=\"1747\">T\u00edt Transportista<\/a><\/p>\n\n\n\n<p class=\"page__xtra page__xtra_ini page__inici_contact\"><a href=\"https:\/\/autoescolaroca.com\/ca\/cursos-prl\/curs-carretoner\/\" data-type=\"page\" data-id=\"1813\">Carretons elev.<\/a><\/p>\n\n\n\n<p class=\"page__xtra page__xtra_ini page__inici_contact\"><a href=\"https:\/\/autoescolaroca.com\/ca\/targeta-tacograf-digital\/\" data-type=\"page\" data-id=\"1859\">Tarj Tac\u00f2graf<\/a><\/p>\n\n\n\n<p class=\"page__xtra page__xtra_ini page__inici_contact\"><a href=\"https:\/\/autoescolaroca.com\/ca\/curs-dea-desfibrillador\/\" data-type=\"page\" data-id=\"1887\">DEA + SVB<\/a><\/p>\n\n\n\n<p class=\"page__xtra page__xtra_ini page__xtra_ini_dshb page__inici_contact\"><a href=\"https:\/\/autoescolaroca.com\/ca\/\" data-type=\"page\" data-id=\"2742\">FOR-FOR ADR<\/a><\/p>\n\n\n\n<p class=\"page__xtra page__xtra_ini page__xtra_ini_dshb page__inici_contact\"><a href=\"https:\/\/autoescolaroca.com\/ca\/\" data-type=\"page\" data-id=\"2742\">FOR-FOR CAP<\/a><\/p>\n<\/div><\/div>\n<\/div>\n<\/div>\n<\/div><\/div>\n\n\n\n<div class=\"wp-block-group group__bck\"><div class=\"wp-block-group__inner-container is-layout-constrained wp-block-group-is-layout-constrained\">\n<div class=\"wp-block-group page__body footer\"><div class=\"wp-block-group__inner-container is-layout-constrained wp-block-group-is-layout-constrained\">\n<h2 class=\"wp-block-heading\">Avantatges i serveis<\/h2>\n\n\n\n<div class=\"wp-block-columns group__cols__bck is-layout-flex wp-container-core-columns-is-layout-9d6595d7 wp-block-columns-is-layout-flex\">\n<div class=\"wp-block-column is-layout-flow wp-block-column-is-layout-flow\">\n<h3 class=\"wp-block-heading\"><i class=\"fa-solid fa-building\"><\/i>  Diversos centres<\/h3>\n\n\n\n<p>Comptem amb 3 centres de formaci\u00f3 a la prov\u00edncia de Barcelona: Esplugues de Llobregat, Sant Feliu de Llobregat i a la mateixa ciutat de Barcelona.<\/p>\n\n\n\n<h3 class=\"wp-block-heading\"><i class=\"fa-solid fa-user-tie\"><\/i> Borsa de treball<\/h3>\n\n\n\n<p>Treballem amb empreses de transport en processos de selecci\u00f3 de personal i, els alumnes que ho desitgin, poden formar part de la nostra borsa de treball. Aix\u00ed posem en contacte oferta i demanda.<\/p>\n<\/div>\n\n\n\n<div class=\"wp-block-column is-layout-flow wp-block-column-is-layout-flow\">\n<h3 class=\"wp-block-heading\"><i class=\"fa-solid fa-coins\"><\/i>  Bonificacions<\/h3>\n\n\n\n<p>Per a treballadors per compte d&#8217;altri, podem bonificar els diversos cursos que oferim. Som entitat organitzadora i ens encarreguem de tota la gesti\u00f3.<\/p>\n\n\n\n<h3 class=\"wp-block-heading\"><i class=\"fa-solid fa-chalkboard\"><\/i>  Instal\u00b7lacions<\/h3>\n\n\n\n<p>Tots els nostres centres disposen d&#8217;aules homologades per a la formaci\u00f3 oferida, i compten amb l&#8217;equipaci\u00f3 necess\u00e0ria perqu\u00e8 els nostres alumnes puguin rebre formaci\u00f3 de qualitat.<\/p>\n<\/div>\n<\/div>\n<\/div><\/div>\n<\/div><\/div>\n\n\n<footer>\n    <div class=\"content\">\n        <div id=\"foo_cont_1\">\n            <div class=\"foo_inn_cont\">\n                <div class=\"foo_ic0\" id=\"foo_ic1\">\n                    <div class=\"foo_group_titles\">\n                        <p class=\"foo_group_title\">Autoescola ROCA<\/p>\n                    <\/div>\n                    <div class=\"foo_groups\">\n                        <div class=\"foo_group\">\n                            <p class=\"foo_group_caption\"> <span class=\"foo_group_caption_ico\"><\/span>  Barcelona<\/p>\n                            <p><a href=\"https:\/\/maps.app.goo.gl\/VnJMpCotroVNZJ9B9\" target=\"_blank\" rel=\"noopener\">Passeig de Maragall, 258<\/a><\/p>\n                            <p>Email: info.h7@autoescolaroca.com <\/p>\n                            <p>Tel: 933 100 583<\/p>\n                        <\/div>\n                        <div class=\"foo_group\">\n                            <p class=\"foo_group_caption\"> <span class=\"foo_group_caption_ico\"><\/span>  Esplugues de Llobregat<\/p>\n                            <p><a href=\"https:\/\/maps.app.goo.gl\/CwcJDoEC4hUxRP6v6\" target=\"_blank\" rel=\"noopener\">Avinguda de Cornell\u00e0, 63-65<\/a><\/p>\n                            <p>Email: info.h1@autoescolaroca.com <\/p>\n                            <p>Tel: 933 710 242<\/p>\n                        <\/div>\n                        <div class=\"foo_group\">\n                            <p class=\"foo_group_caption\"> <span class=\"foo_group_caption_ico\"><\/span>  Sant Feliu de Llobregat<\/p>\n                            <p><a href=\"https:\/\/maps.app.goo.gl\/paqqH4seWdkeqMwg7\" target=\"_blank\" rel=\"noopener\">Carrer Carles Bu\u00efgas, 57-59<\/a><\/p>\n                            <p>Email: info.h3@autoescolaroca.com <\/p>\n                            <p>Tel: 936 855 535<\/p>\n                        <\/div>\n                    <\/div>\n                <\/div>\n                <div class=\"foo_ic0\" id=\"foo_ic2\">\n                    <div class=\"foo_group_title\">\n                        <p class=\"foo_group_title\">Formaci\u00f3<\/p>\n                    <\/div>\n                    <div class=\"foo_groups\">\n                        <ul>\n                            <li class=\"foo_group\"><span class=\"foo_group_ico\"><\/span>  <a href=\"https:\/\/autoescolaroca.com\/ca\/cursos-cap\/\">Cursos CAP<\/a><\/li>\n                            <li class=\"foo_group\"><span class=\"foo_group_ico\"><\/span>  <a href=\"https:\/\/autoescolaroca.com\/ca\/cursos-adr\/\">Cursos ADR<\/a><\/li>\n                            <li class=\"foo_group\"><span class=\"foo_group_ico\"><\/span>  <a href=\"https:\/\/autoescolaroca.com\/ca\/carnets-conduir\/\">Carnets de Conduir<\/a><\/li>\n                            <li class=\"foo_group\"><span class=\"foo_group_ico\"><\/span>  <a href=\"https:\/\/autoescolaroca.com\/ca\/cursos-prl\/\">Cursos PRL<\/a><\/li>\n                            <li class=\"foo_group\"><span class=\"foo_group_ico\"><\/span>  <a href=\"https:\/\/autoescolaroca.com\/ca\/curs-titol-transportista\/\">T\u00edtol de Transportista<\/a><\/li>\n                            <li class=\"foo_group\"><span class=\"foo_group_ico\"><\/span>  <a href=\"https:\/\/autoescolaroca.com\/ca\/cursos-prl\/curs-carretoner\/\">Carretons Elevadors<\/a><\/li>\n                            <li class=\"foo_group\"><span class=\"foo_group_ico\"><\/span>  <a href=\"https:\/\/autoescolaroca.com\/ca\/curs-dea-desfibrillador\/\">DEA + SVB<\/a><\/li>\n                            <li class=\"foo_group\"><span class=\"foo_group_ico\"><\/span>  <a href=\"https:\/\/autoescolaroca.com\/ca\/dix-formacio\/\">DIX Formaci\u00f3<\/a><\/li>\n                        <\/ul>\n                    <\/div>\n                <\/div>\n                <div class=\"foo_ic0\" id=\"foo_ic3\">\n                    <div class=\"foo_group_title\">\n                        <p class=\"foo_group_title\">M\u00e9s informaci\u00f3<\/p>\n                    <\/div>\n                    <div class=\"foo_groups\">\n                        <ul>\n                            <li class=\"foo_group\"><span class=\"foo_group_ico\"><\/span>  <a href=\"https:\/\/autoescolaroca.com\/ca\/formulari-contacte\/\">Contacte<\/a><\/li>\n                            <li class=\"foo_group\"><span class=\"foo_group_ico\"><\/span>  <a href=\"https:\/\/autoescolaroca.com\/ca\/empreses\/\">Empreses<\/a><\/li>\n                            <li class=\"foo_group\"><span class=\"foo_group_ico\"><\/span>  <a href=\"https:\/\/autoescolaroca.com\/ca\/alumnes\/\">Alumnes<\/a><\/li>\n                            <li class=\"foo_group\"><span class=\"foo_group_ico\"><\/span>  <a href=\"https:\/\/autoescolaroca.com\/ca\/formulari-candidats\/\">Treballa amb nosaltres<\/a> <\/li>\n                            <li class=\"foo_group\"><a href=\"https:\/\/autoescolaroca.com\/ca\/blog\/\"><span class=\"foo_group_ico\"><\/span>  Blog<\/a><\/li>\n                        <\/ul>\n                    <\/div>\n                    <div class=\"foo_groups foo_groups_logo\">\n                        <a href=\"https:\/\/autoescolaroca.com\/ca\/\"><span class=\"foo_group_logo_ico\"><\/span><\/a>\n                    <\/div>\n                <\/div>\n            <\/div>\n        <\/div>\n        <div id=\"foo_cont_2\">\n\n            <div class=\"foo_inn_cont\" style=\"padding-bottom:0\">\n                <div style=\"font-size:1rem;\">\u00a9 Autoescola ROCA, SL<\/div><div class=\"foo_legals\"><span><a href=\"https:\/\/autoescolaroca.com\/ca\/avisos-legals\/\" rel=\"nofollow\">Av\u00eds Legal i Pol\u00edtica de Privadesa<\/a><\/span> | <span><a href=\"https:\/\/autoescolaroca.com\/ca\/politica-de-cookies\/\" rel=\"nofollow\">Pol\u00edtica de Cookies<\/a><\/span><\/div>\n            <\/div>\n\n<div class=\"foo_inn_cont\" style=\"padding-top:0;justify-content: right; margin-top: -7px;\">\n                <div class=\"foo_legals\"><span><a href=\"https:\/\/autoescolaroca.com\/ca\/protocol-prevencio-assetjament-sexual-i-lgtbi\/\" rel=\"nofollow\">Protocol prev. assetjament sexual i LGTBI<\/a><\/span> | <span><a href=\"https:\/\/app.clockio.net\/c\/aeroca\/whistle\/public\/form?hash=2b2843095075850af8eb5a3367b13a3c\" rel=\"nofollow noopener\" target=\"_blank\">Canal den\u00fancies<\/a><\/span><\/div>\n            <\/div>\n\n        <\/div>\n    <\/div>\n<\/footer>","protected":false},"excerpt":{"rendered":"<p>AUTOESCOLA ROCA Tots els Permisos Moto | Cotxe | Bus | Cami\u00f3 | Tr\u00e0iler CONTACTA AMB NOSALTRES A&nbsp;Autoescola&nbsp;ROCA portem m\u00e9s de 50 anys formant conductors. Comptem amb centres a Barcelona, Esplugues de Llobregat i Sant Feliu de Llobregat. A m\u00e9s d&#8217;obtenir tots els permisos de conduir, en els nostres centres podr\u00e0s realitzar els cursos obligatoris [&hellip;]<\/p>\n","protected":false},"author":1,"featured_media":0,"parent":0,"menu_order":0,"comment_status":"closed","ping_status":"closed","template":"","meta":{"footnotes":""},"class_list":["post-5188","page","type-page","status-publish","hentry"],"_links":{"self":[{"href":"https:\/\/autoescolaroca.com\/ca\/wp-json\/wp\/v2\/pages\/5188","targetHints":{"allow":["GET"]}}],"collection":[{"href":"https:\/\/autoescolaroca.com\/ca\/wp-json\/wp\/v2\/pages"}],"about":[{"href":"https:\/\/autoescolaroca.com\/ca\/wp-json\/wp\/v2\/types\/page"}],"author":[{"embeddable":true,"href":"https:\/\/autoescolaroca.com\/ca\/wp-json\/wp\/v2\/users\/1"}],"replies":[{"embeddable":true,"href":"https:\/\/autoescolaroca.com\/ca\/wp-json\/wp\/v2\/comments?post=5188"}],"version-history":[{"count":0,"href":"https:\/\/autoescolaroca.com\/ca\/wp-json\/wp\/v2\/pages\/5188\/revisions"}],"wp:attachment":[{"href":"https:\/\/autoescolaroca.com\/ca\/wp-json\/wp\/v2\/media?parent=5188"}],"curies":[{"name":"wp","href":"https:\/\/api.w.org\/{rel}","templated":true}]}}