{"id":5230,"date":"2024-10-02T17:23:24","date_gmt":"2024-10-02T15:23:24","guid":{"rendered":"https:\/\/autoescolaroca.com\/politica-de-cookies\/"},"modified":"2024-12-17T17:29:56","modified_gmt":"2024-12-17T16:29:56","slug":"politica-de-cookies","status":"publish","type":"page","link":"https:\/\/autoescolaroca.com\/ca\/politica-de-cookies\/","title":{"rendered":"Pol\u00edtica de Cookies"},"content":{"rendered":"\n<div class=\"wp-block-group post__body\"><div class=\"wp-block-group__inner-container is-layout-constrained wp-block-group-is-layout-constrained\">\n<h1 class=\"wp-block-heading\">Pol\u00edtica de Cookies<\/h1>\n\n\n\n<p>A la web <a href=\"https:\/\/autoescolaroca.com\/ca\/\">https:\/\/autoescolaroca.com\/<\/a> utilitzem cookies per facilitar la relaci\u00f3 dels visitants amb el nostre contingut i per permetre elaborar estad\u00edstiques sobre les visitants que rebem.<\/p>\n\n\n\n<p>En compliment de la Directiva 2009\/136\/CE, desenvolupada al nostre ordenament per l&#8217;apartat segon de l&#8217;article 22 de la Llei de Serveis de Societat de la Informaci\u00f3, seguint les directrius de l&#8217;Ag\u00e8ncia Espanyola de Protecci\u00f3 de Dades, procedim a informar-lo detalladament del \u00fas que es realitza a la nostra web.<\/p>\n\n\n\n<p>S&#8217;anomenen cookies a uns petits fitxers que es graven al navegador utilitzat per cada visitant de la nostra web perqu\u00e8 el servidor pugui recordar la visita d&#8217;aquest usuari amb posterioritat quan torni a accedir als nostres continguts. Aquesta informaci\u00f3 no revela la seva identitat, ni cap dada personal, ni accedeix al contingut emmagatzemat al seu pc, per\u00f2 s\u00ed que permet al nostre sistema identificar-vos com un usuari determinat que ja va visitar la web amb anterioritat, va visualitzar determinades p\u00e0gines, etc. ia m\u00e9s permet guardar les seves prefer\u00e8ncies personals i informaci\u00f3 t\u00e8cnica com ara les visites realitzades o p\u00e0gines concretes que visiti. <\/p>\n\n\n\n<p>La finalitat de les galetes \u00e9s la de facilitar a l&#8217;Usuari un acc\u00e9s m\u00e9s r\u00e0pid als Serveis seleccionats.<\/p>\n\n\n\n<p>Si no voleu que es guardin cookies al vostre navegador o prefereix rebre una informaci\u00f3 cada vegada que una galeta sol\u00b7liciti instal\u00b7lar-se, podeu configurar les vostres opcions de navegaci\u00f3 perqu\u00e8 es faci d&#8217;aquesta manera. La major part dels navegadors permeten la gesti\u00f3 de les galetes de 3 formes diferents: les galetes s\u00f3n sempre rebutjades, el navegador pregunta si l&#8217;usuari desitja instal\u00b7lar cada galeta o les galetes s\u00f3n sempre acceptades <\/p>\n\n\n\n<p>El vostre navegador tamb\u00e9 pot incloure la possibilitat de seleccionar amb detall les cookies que voleu que s&#8217;instal\u00b7lin al vostre ordinador. En concret, l&#8217;usuari pot normalment acceptar alguna de les opcions seg\u00fcents: rebutjar les galetes de determinats dominis, rebutjar les galetes de tercers, acceptar galetes com a no persistents (s&#8217;eliminen quan el navegador es tanca) i permetre al servidor crear galetes per a un domini diferent. <\/p>\n\n\n\n<p><strong>Per permetre, con\u00e8ixer, bloquejar o eliminar les cookies instal\u00b7lades al vostre equip podeu fer-ho mitjan\u00e7ant la configuraci\u00f3 de les opcions del navegador instal\u00b7lat al vostre ordinador.<\/strong><\/p>\n\n\n\n<p>Podeu trobar informaci\u00f3 sobre com configurar els navegadors m\u00e9s utilitzats a les ubicacions seg\u00fcents:<\/p>\n\n\n\n<ul class=\"wp-block-list\">\n<li><strong>Internet Explorer<\/strong> : Eines -&gt; Opcions d&#8217;Internet -&gt; Privadesa -&gt; Configuraci\u00f3. Per a m\u00e9s informaci\u00f3, podeu consultar el <a href=\"http:\/\/windows.microsoft.com\/es-ES\/windows\/support\" target=\"_blank\" rel=\"noreferrer noopener\">suport de Microsoft<\/a> o l&#8217;Ajuda del navegador. <\/li>\n\n\n\n<li><strong>Firefox<\/strong> : Eines -&gt; Opcions -&gt; Privadesa -&gt; Historial -&gt; Configuraci\u00f3 Personalitzada. Per a m\u00e9s informaci\u00f3, podeu consultar el <a href=\"http:\/\/support.mozilla.org\/es\/home\" target=\"_blank\" rel=\"noreferrer noopener\">suport de Mozilla<\/a> o l&#8217;Ajuda del navegador. <\/li>\n\n\n\n<li><strong>Chrome<\/strong> : Configuraci\u00f3 -&gt; Mostrar opcions avan\u00e7ades -&gt; Privadesa -&gt; Configuraci\u00f3 de contingut. Per a m\u00e9s informaci\u00f3, podeu consultar el <a href=\"http:\/\/support.google.com\/chrome\/?hl=es\" target=\"_blank\" rel=\"noreferrer noopener\">suport de Google<\/a> o l&#8217;Ajuda del navegador. <\/li>\n\n\n\n<li><strong>Safari<\/strong> : Prefer\u00e8ncies -&gt; Seguretat. Per a m\u00e9s informaci\u00f3, podeu consultar el <a href=\"http:\/\/www.apple.com\/es\/support\/safari\/\" target=\"_blank\" rel=\"noreferrer noopener\">suport d&#8217;Apple<\/a> o l&#8217;Ajuda del navegador. <\/li>\n<\/ul>\n\n\n\n<p>Respecte de les galetes de tercers, \u00e9s a dir aquelles que s\u00f3n alienes al nostre lloc web, no podem fer-nos responsables del contingut i veracitat de les pol\u00edtiques de privadesa que ells inclouen pel que la informaci\u00f3 que us oferim \u00e9s sempre amb refer\u00e8ncia a la font.<\/p>\n\n\n\n<p>Es pot modificar aquesta Pol\u00edtica de Cookies en funci\u00f3 d&#8217;exig\u00e8ncies legislatives, reglament\u00e0ries, o amb la finalitat d&#8217;adaptar aquesta pol\u00edtica a les instruccions dictades per l&#8217;Ag\u00e8ncia Espanyola de Protecci\u00f3 de Dades, per aix\u00f2 s&#8217;aconsella als usuaris que la visitin peri\u00f2dicament.<\/p>\n\n\n\n<p>Quan es produeixin canvis significatius en aquesta Pol\u00edtica de Cookies, es comunicaran als Usuaris b\u00e9 mitjan\u00e7ant la web o mitjan\u00e7ant correu electr\u00f2nic als Usuaris registrats.<\/p>\n\n\n<\/div><\/div>\n<footer>\n    <div class=\"content\">\n        <div id=\"foo_cont_1\">\n            <div class=\"foo_inn_cont\">\n                <div class=\"foo_ic0\" id=\"foo_ic1\">\n                    <div class=\"foo_group_titles\">\n                        <p class=\"foo_group_title\">Autoescola ROCA<\/p>\n                    <\/div>\n                    <div class=\"foo_groups\">\n                        <div class=\"foo_group\">\n                            <p class=\"foo_group_caption\"> <span class=\"foo_group_caption_ico\"><\/span>  Barcelona<\/p>\n                            <p><a href=\"https:\/\/maps.app.goo.gl\/VnJMpCotroVNZJ9B9\" target=\"_blank\" rel=\"noopener\">Passeig de Maragall, 258<\/a><\/p>\n                            <p>Email: info.h7@autoescolaroca.com <\/p>\n                            <p>Tel: 933 100 583<\/p>\n                        <\/div>\n                        <div class=\"foo_group\">\n                            <p class=\"foo_group_caption\"> <span class=\"foo_group_caption_ico\"><\/span>  Esplugues de Llobregat<\/p>\n                            <p>Avinguda de Cornell\u00e0, 63-65<\/p>\n                            <p>Email: info.h1@autoescolaroca.com <\/p>\n                            <p>Tel: 933 710 242<\/p>\n                        <\/div>\n                        <div class=\"foo_group\">\n                            <p class=\"foo_group_caption\"> <span class=\"foo_group_caption_ico\"><\/span>  Sant Feliu de Llobregat<\/p>\n                            <p>Carrer Carles Bu\u00efgas, 57-59<\/p>\n                            <p>Email: info.h3@autoescolaroca.com <\/p>\n                            <p>Tel: 936 855 535<\/p>\n                        <\/div>\n                    <\/div>\n                <\/div>\n                <div class=\"foo_ic0\">\n                    <div class=\"foo_group_title\">\n                        <p class=\"foo_group_title\">Formaci\u00f3<\/p>\n                    <\/div>\n                    <div class=\"foo_groups\">\n                        <ul>\n                            <li class=\"foo_group\"><span class=\"foo_group_ico\"><\/span>  <a href=\"https:\/\/autoescolaroca.com\/ca\/cursos-cap\/\" rel=\"nofollow\">Cursos CAP<\/a><\/li>\n                            <li class=\"foo_group\"><span class=\"foo_group_ico\"><\/span>  <a href=\"https:\/\/autoescolaroca.com\/ca\/cursos-adr\/\" rel=\"nofollow\">Cursos ADR<\/a><\/li>\n                            <li class=\"foo_group\"><span class=\"foo_group_ico\"><\/span>  <a href=\"https:\/\/autoescolaroca.com\/ca\/carnets-conduir\/\" rel=\"nofollow\">Carnets de Conduir<\/a><\/li>\n                            <li class=\"foo_group\"><span class=\"foo_group_ico\"><\/span>  <a href=\"https:\/\/autoescolaroca.com\/ca\/cursos-prl\/\" rel=\"nofollow\">Cursos PRL<\/a><\/li>\n                            <li class=\"foo_group\"><span class=\"foo_group_ico\"><\/span>  <a href=\"https:\/\/autoescolaroca.com\/ca\/curs-titol-transportista\/\" rel=\"nofollow\">T\u00edtol de Transportista<\/a><\/li>\n                            <li class=\"foo_group\"><span class=\"foo_group_ico\"><\/span>  <a href=\"https:\/\/autoescolaroca.com\/ca\/cursos-prl\/curs-carretoner\/\" rel=\"nofollow\">Carretons Elevadors<\/a><\/li>\n                            <li class=\"foo_group\"><span class=\"foo_group_ico\"><\/span>  <a href=\"https:\/\/autoescolaroca.com\/ca\/curs-dea-desfibrillador\/\" rel=\"nofollow\">DEA + SVB<\/a><\/li>\n                            <li class=\"foo_group\"><span class=\"foo_group_ico\"><\/span>  <a href=\"https:\/\/autoescolaroca.com\/ca\/dix-formacio\/\" rel=\"nofollow\">DIX Formaci\u00f3<\/a><\/li>\n                        <\/ul>\n                    <\/div>\n                <\/div>\n                <div class=\"foo_ic0\">\n                    <div class=\"foo_group_title\">\n                        <p class=\"foo_group_title\">M\u00e9s informaci\u00f3<\/p>\n                    <\/div>\n                    <div class=\"foo_groups\">\n                        <ul>\n                            <li class=\"foo_group\"><span class=\"foo_group_ico\"><\/span>  <a href=\"https:\/\/autoescolaroca.com\/ca\/formulari-contacte\/\" rel=\"nofollow\">Contacte<\/a><\/li>\n                            <li class=\"foo_group\"><span class=\"foo_group_ico\"><\/span>  <a href=\"https:\/\/autoescolaroca.com\/ca\/empreses\/\" rel=\"nofollow\">Empreses<\/a><\/li>\n                            <li class=\"foo_group\"><span class=\"foo_group_ico\"><\/span>  <a href=\"https:\/\/autoescolaroca.com\/ca\/alumnes\/\" rel=\"nofollow\">Alumnes<\/a><\/li>\n                            <li class=\"foo_group\"><span class=\"foo_group_ico\"><\/span>  <a href=\"https:\/\/autoescolaroca.com\/ca\/formulari-candidats\/\" rel=\"nofollow\">Treballa amb nosaltres<\/a> <\/li>\n                            <li class=\"foo_group\"><a href=\"https:\/\/autoescolaroca.com\/ca\/blog\/\" rel=\"nofollow\"><span class=\"foo_group_ico\"><\/span>  Blog<\/a><\/li>\n                        <\/ul>\n                    <\/div>\n                    <div class=\"foo_groups foo_groups_logo\">\n                        <a href=\"https:\/\/autoescolaroca.com\/ca\/\" rel=\"nofollow\"><span class=\"foo_group_logo_ico\"><\/span><\/a>\n                    <\/div>\n                <\/div>\n            <\/div>\n        <\/div>\n        <div id=\"foo_cont_2\">\n            <div class=\"foo_inn_cont\">\n                <div>\u00a9 Autoescola ROCA, SL<\/div><div class=\"foo_legals\"><span><a href=\"https:\/\/autoescolaroca.com\/ca\/avisos-legals\/\" rel=\"nofollow\">Av\u00eds Legal i Pol\u00edtica de Privadesa<\/a><\/span> | <span><a href=\"https:\/\/autoescolaroca.com\/ca\/politica-de-cookies\/\" rel=\"nofollow\">Pol\u00edtica de Cookies<\/a><\/span><\/div>\n            <\/div>\n        <\/div>\n    <\/div>\n<\/footer>","protected":false},"excerpt":{"rendered":"<p>Pol\u00edtica de Cookies A la web https:\/\/autoescolaroca.com\/ utilitzem cookies per facilitar la relaci\u00f3 dels visitants amb el nostre contingut i per permetre elaborar estad\u00edstiques sobre les visitants que rebem. En compliment de la Directiva 2009\/136\/CE, desenvolupada al nostre ordenament per l&#8217;apartat segon de l&#8217;article 22 de la Llei de Serveis de Societat de la Informaci\u00f3, [&hellip;]<\/p>\n","protected":false},"author":1,"featured_media":0,"parent":0,"menu_order":0,"comment_status":"closed","ping_status":"closed","template":"","meta":{"footnotes":""},"class_list":["post-5230","page","type-page","status-publish","hentry"],"_links":{"self":[{"href":"https:\/\/autoescolaroca.com\/ca\/wp-json\/wp\/v2\/pages\/5230","targetHints":{"allow":["GET"]}}],"collection":[{"href":"https:\/\/autoescolaroca.com\/ca\/wp-json\/wp\/v2\/pages"}],"about":[{"href":"https:\/\/autoescolaroca.com\/ca\/wp-json\/wp\/v2\/types\/page"}],"author":[{"embeddable":true,"href":"https:\/\/autoescolaroca.com\/ca\/wp-json\/wp\/v2\/users\/1"}],"replies":[{"embeddable":true,"href":"https:\/\/autoescolaroca.com\/ca\/wp-json\/wp\/v2\/comments?post=5230"}],"version-history":[{"count":0,"href":"https:\/\/autoescolaroca.com\/ca\/wp-json\/wp\/v2\/pages\/5230\/revisions"}],"wp:attachment":[{"href":"https:\/\/autoescolaroca.com\/ca\/wp-json\/wp\/v2\/media?parent=5230"}],"curies":[{"name":"wp","href":"https:\/\/api.w.org\/{rel}","templated":true}]}}