{"id":7623,"date":"2026-04-21T11:07:19","date_gmt":"2026-04-21T09:07:19","guid":{"rendered":"https:\/\/autoescolaroca.com\/protocol-prevencio-assetjament-sexual-i-lgtbi\/"},"modified":"2026-04-21T11:31:29","modified_gmt":"2026-04-21T09:31:29","slug":"protocol-prevencio-assetjament-sexual-i-lgtbi","status":"publish","type":"page","link":"https:\/\/autoescolaroca.com\/ca\/protocol-prevencio-assetjament-sexual-i-lgtbi\/","title":{"rendered":"Protocol prevenci\u00f3 assetjament sexual i LGTBI"},"content":{"rendered":"\n<div class=\"wp-block-group post__intro\"><div class=\"wp-block-group__inner-container is-layout-constrained wp-block-group-is-layout-constrained\">\n<h1 class=\"wp-block-heading\" style=\"font-size:2.0rem;line-height: 1.1;\">Protocol de prevenci\u00f3 i actuaci\u00f3 davant de l&#8217;assetjament sexual, l&#8217;assetjament per ra\u00f3 de sexe i per raons LGTBI<\/h1>\n\n\n\n<a href=\"https:\/\/autoescolaroca.com\/wp-content\/themes\/roca\/files\/protoc_prev_act_acososexual_y_lgtbi.pdf\" target=\"_blank\">DOCUMENT COMPLET DESCARREGABLE<\/a>\n\n\n\n<p>Des de l&#8217;entrada en vigor del Tractat d&#8217;Amsterdam, l&#8217;1 de maig de 1999, la igualtat entre dones i homes i l&#8217;eliminaci\u00f3 de les desigualtats entre les unes i les altres s\u00f3n un objectiu que cal integrar en totes les pol\u00edtiques i accions de la Uni\u00f3 i dels seus membres. En aquest context s&#8217;ha desenvolupat un cabal comunitari sobre igualtat de sexes de gran amplitud i important calat, a la transposici\u00f3 adequada del qual s&#8217;adre\u00e7a la Llei Org\u00e0nica, 3\/2007, de 22 de mar\u00e7, per a la Igualtat Efectiva de Dones i Homes. <\/p>\n\n\n\n<p><br>La viol\u00e8ncia contra les dones es tracta d&#8217;un concepte que abasta totes les possibles formes de viol\u00e8ncia el denominador com\u00fa de les quals \u00e9s que s\u00f3n exercides contra les dones pel sol fet de ser-ho, es produeixin tant en l&#8217;\u00e0mbit p\u00fablic com privat i constitueix una violaci\u00f3 \ufb02agrante d&#8217;altres drets fonamentals com la dignitat, la integritat f\u00edsica i moral, la llibertat sexual i el dret al treball. El dret a la integritat moral i f\u00edsica ia la no discriminaci\u00f3 est\u00e0 garantit a la Constituci\u00f3 Espanyola, la Normativa Europea ia la Legislaci\u00f3 Laboral Espanyola, aix\u00ed com a l&#8217;Estatut dels Treballadors. <\/p>\n\n\n\n<p><br>La dignitat inherent a la persona, els seus drets inviolables, el lliure desenvolupament de la personalitat, el dret a la intimitat, la integritat f\u00edsica i moral, aix\u00ed com el principi digualtat i no discriminaci\u00f3 per qualsevol condici\u00f3 personal o social s\u00f3n fonamentals segons la Constituci\u00f3 espanyola.<br> En el context de la Uni\u00f3 Europea, s&#8217;ha establert un marc legal per protegir les persones treballadores contra la discriminaci\u00f3 per orientaci\u00f3 sexual. Dues directives de compliment obligat per a tots els Estats membres s\u00f3n rellevants: la Directiva marc per a la igualtat de tracte a l&#8217;ocupaci\u00f3 (2007\/78 \/ CE), que inclou l&#8217;orientaci\u00f3 sexual entre els motius de no discriminaci\u00f3 i la Directiva relativa a l&#8217;aplicaci\u00f3 del principi d&#8217;igualtat d&#8217;oportunitats i igualtat de tracte entre els homes i dones a la feina (20 a l&#8217;ocupaci\u00f3. <br>D&#8217;altra banda, l&#8217;Estatut dels Treballadors estableix el dret al respecte a la intimitat ia la dignitat de tota persona treballadora, incloent-hi protecci\u00f3 contra ofenses verbals o f\u00edsiques de naturalesa sexual, i assetjament per ra\u00f3 d&#8217;origen racial o \u00e8tnic, religi\u00f3 o conviccions, discapacitat, edat o orientaci\u00f3 sexual.<\/p>\n\n\n\n<p><br>Aix\u00ed, aquesta empresa determina rebutjar l&#8217;assetjament d&#8217;arrel, en totes les formes i modalitats, sense atendre qui sigui la v\u00edctima o l&#8217;ofensor ni quin sigui el seu rang jer\u00e0rquic, ni la seva relaci\u00f3 amb l&#8217;empresa (treballadors, clients, prove\u00efdors).<\/p>\n\n\n\n<p><br>Mitjan\u00e7ant aquesta declaraci\u00f3 Autoescuela ROCA, SL es compromet a regular, per mitj\u00e0 d&#8217;aquest Protocol, la problem\u00e0tica de l&#8217;assetjament sexual i per ra\u00f3 de sexe, de no tolerar cap tipus de pr\u00e0ctica discriminat\u00f2ria ni assetjament per orientaci\u00f3 sexual, identitat de g\u00e8nere i\/o expressi\u00f3 de g\u00e8nere dins de l&#8217;empresa, establint un m\u00e8tode que s&#8217;apliqui tant per informar i sensibilitzar com garanties i prenent en consideraci\u00f3 les normes constitucionals, laborals i les declaracions relatives als principis i drets fonamentals a la feina.<\/p>\n<\/div><\/div>\n\n\n\n<br\/><br\/>\n\n\n<footer>\n    <div class=\"content\">\n        <div id=\"foo_cont_1\">\n            <div class=\"foo_inn_cont\">\n                <div class=\"foo_ic0\" id=\"foo_ic1\">\n                    <div class=\"foo_group_titles\">\n                        <p class=\"foo_group_title\">Autoescola ROCA<\/p>\n                    <\/div>\n                    <div class=\"foo_groups\">\n                        <div class=\"foo_group\">\n                            <p class=\"foo_group_caption\"> <span class=\"foo_group_caption_ico\"><\/span>  Barcelona<\/p>\n                            <p><a href=\"https:\/\/maps.app.goo.gl\/VnJMpCotroVNZJ9B9\" target=\"_blank\" rel=\"noopener\">Passeig de Maragall, 258<\/a><\/p>\n                            <p>Email: info.h7@autoescolaroca.com <\/p>\n                            <p>Tel: 933 100 583<\/p>\n                        <\/div>\n                        <div class=\"foo_group\">\n                            <p class=\"foo_group_caption\"> <span class=\"foo_group_caption_ico\"><\/span>  Esplugues de Llobregat<\/p>\n                            <p><a href=\"https:\/\/maps.app.goo.gl\/CwcJDoEC4hUxRP6v6\" target=\"_blank\" rel=\"noopener\">Avinguda de Cornell\u00e0, 63-65<\/a><\/p>\n                            <p>Email: info.h1@autoescolaroca.com <\/p>\n                            <p>Tel: 933 710 242<\/p>\n                        <\/div>\n                        <div class=\"foo_group\">\n                            <p class=\"foo_group_caption\"> <span class=\"foo_group_caption_ico\"><\/span>  Sant Feliu de Llobregat<\/p>\n                            <p><a href=\"https:\/\/maps.app.goo.gl\/paqqH4seWdkeqMwg7\" target=\"_blank\" rel=\"noopener\">Carrer Carles Bu\u00efgas, 57-59<\/a><\/p>\n                            <p>Email: info.h3@autoescolaroca.com <\/p>\n                            <p>Tel: 936 855 535<\/p>\n                        <\/div>\n                    <\/div>\n                <\/div>\n                <div class=\"foo_ic0\" id=\"foo_ic2\">\n                    <div class=\"foo_group_title\">\n                        <p class=\"foo_group_title\">Formaci\u00f3<\/p>\n                    <\/div>\n                    <div class=\"foo_groups\">\n                        <ul>\n                            <li class=\"foo_group\"><span class=\"foo_group_ico\"><\/span>  <a href=\"https:\/\/autoescolaroca.com\/ca\/cursos-cap\/\">Cursos CAP<\/a><\/li>\n                            <li class=\"foo_group\"><span class=\"foo_group_ico\"><\/span>  <a href=\"https:\/\/autoescolaroca.com\/ca\/cursos-adr\/\">Cursos ADR<\/a><\/li>\n                            <li class=\"foo_group\"><span class=\"foo_group_ico\"><\/span>  <a href=\"https:\/\/autoescolaroca.com\/ca\/carnets-conduir\/\">Carnets de Conduir<\/a><\/li>\n                            <li class=\"foo_group\"><span class=\"foo_group_ico\"><\/span>  <a href=\"https:\/\/autoescolaroca.com\/ca\/cursos-prl\/\">Cursos PRL<\/a><\/li>\n                            <li class=\"foo_group\"><span class=\"foo_group_ico\"><\/span>  <a href=\"https:\/\/autoescolaroca.com\/ca\/curs-titol-transportista\/\">T\u00edtol de Transportista<\/a><\/li>\n                            <li class=\"foo_group\"><span class=\"foo_group_ico\"><\/span>  <a href=\"https:\/\/autoescolaroca.com\/ca\/cursos-prl\/curs-carretoner\/\">Carretons Elevadors<\/a><\/li>\n                            <li class=\"foo_group\"><span class=\"foo_group_ico\"><\/span>  <a href=\"https:\/\/autoescolaroca.com\/ca\/curs-dea-desfibrillador\/\">DEA + SVB<\/a><\/li>\n                            <li class=\"foo_group\"><span class=\"foo_group_ico\"><\/span>  <a href=\"https:\/\/autoescolaroca.com\/ca\/dix-formacio\/\">DIX Formaci\u00f3<\/a><\/li>\n                        <\/ul>\n                    <\/div>\n                <\/div>\n                <div class=\"foo_ic0\" id=\"foo_ic3\">\n                    <div class=\"foo_group_title\">\n                        <p class=\"foo_group_title\">M\u00e9s informaci\u00f3<\/p>\n                    <\/div>\n                    <div class=\"foo_groups\">\n                        <ul>\n                            <li class=\"foo_group\"><span class=\"foo_group_ico\"><\/span>  <a href=\"https:\/\/autoescolaroca.com\/ca\/formulari-contacte\/\">Contacte<\/a><\/li>\n                            <li class=\"foo_group\"><span class=\"foo_group_ico\"><\/span>  <a href=\"https:\/\/autoescolaroca.com\/ca\/empreses\/\">Empreses<\/a><\/li>\n                            <li class=\"foo_group\"><span class=\"foo_group_ico\"><\/span>  <a href=\"https:\/\/autoescolaroca.com\/ca\/alumnes\/\">Alumnes<\/a><\/li>\n                            <li class=\"foo_group\"><span class=\"foo_group_ico\"><\/span>  <a href=\"https:\/\/autoescolaroca.com\/ca\/formulari-candidats\/\">Treballa amb nosaltres<\/a> <\/li>\n                            <li class=\"foo_group\"><a href=\"https:\/\/autoescolaroca.com\/ca\/blog\/\"><span class=\"foo_group_ico\"><\/span>  Blog<\/a><\/li>\n                        <\/ul>\n                    <\/div>\n                    <div class=\"foo_groups foo_groups_logo\">\n                        <a href=\"https:\/\/autoescolaroca.com\/ca\/\"><span class=\"foo_group_logo_ico\"><\/span><\/a>\n                    <\/div>\n                <\/div>\n            <\/div>\n        <\/div>\n        <div id=\"foo_cont_2\">\n\n            <div class=\"foo_inn_cont\" style=\"padding-bottom:0\">\n                <div style=\"font-size:1rem;\">\u00a9 Autoescola ROCA, SL<\/div><div class=\"foo_legals\"><span><a href=\"https:\/\/autoescolaroca.com\/ca\/avisos-legals\/\" rel=\"nofollow\">Av\u00eds Legal i Pol\u00edtica de Privadesa<\/a><\/span> | <span><a href=\"https:\/\/autoescolaroca.com\/ca\/politica-de-cookies\/\" rel=\"nofollow\">Pol\u00edtica de Cookies<\/a><\/span><\/div>\n            <\/div>\n\n<div class=\"foo_inn_cont\" style=\"padding-top:0;justify-content: right; margin-top: -7px;\">\n                <div class=\"foo_legals\"><span><a href=\"https:\/\/autoescolaroca.com\/ca\/protocol-prevencio-assetjament-sexual-i-lgtbi\/\" rel=\"nofollow\">Protocol prev. assetjament sexual i LGTBI<\/a><\/span> | <span><a href=\"https:\/\/app.clockio.net\/c\/aeroca\/whistle\/public\/form?hash=2b2843095075850af8eb5a3367b13a3c\" rel=\"nofollow noopener\" target=\"_blank\">Canal den\u00fancies<\/a><\/span><\/div>\n            <\/div>\n\n        <\/div>\n    <\/div>\n<\/footer>","protected":false},"excerpt":{"rendered":"<p>Protocol de prevenci\u00f3 i actuaci\u00f3 davant de l&#8217;assetjament sexual, l&#8217;assetjament per ra\u00f3 de sexe i per raons LGTBI DOCUMENT COMPLET DESCARREGABLE Des de l&#8217;entrada en vigor del Tractat d&#8217;Amsterdam, l&#8217;1 de maig de 1999, la igualtat entre dones i homes i l&#8217;eliminaci\u00f3 de les desigualtats entre les unes i les altres s\u00f3n un objectiu que [&hellip;]<\/p>\n","protected":false},"author":1,"featured_media":0,"parent":0,"menu_order":0,"comment_status":"closed","ping_status":"closed","template":"","meta":{"footnotes":""},"class_list":["post-7623","page","type-page","status-publish","hentry"],"_links":{"self":[{"href":"https:\/\/autoescolaroca.com\/ca\/wp-json\/wp\/v2\/pages\/7623","targetHints":{"allow":["GET"]}}],"collection":[{"href":"https:\/\/autoescolaroca.com\/ca\/wp-json\/wp\/v2\/pages"}],"about":[{"href":"https:\/\/autoescolaroca.com\/ca\/wp-json\/wp\/v2\/types\/page"}],"author":[{"embeddable":true,"href":"https:\/\/autoescolaroca.com\/ca\/wp-json\/wp\/v2\/users\/1"}],"replies":[{"embeddable":true,"href":"https:\/\/autoescolaroca.com\/ca\/wp-json\/wp\/v2\/comments?post=7623"}],"version-history":[{"count":0,"href":"https:\/\/autoescolaroca.com\/ca\/wp-json\/wp\/v2\/pages\/7623\/revisions"}],"wp:attachment":[{"href":"https:\/\/autoescolaroca.com\/ca\/wp-json\/wp\/v2\/media?parent=7623"}],"curies":[{"name":"wp","href":"https:\/\/api.w.org\/{rel}","templated":true}]}}